{"id":2874,"date":"2017-08-30T23:46:51","date_gmt":"2017-08-30T23:46:51","guid":{"rendered":"https:\/\/www.steinberglawfirm.com\/?page_id=2874"},"modified":"2022-04-19T23:35:50","modified_gmt":"2022-04-19T23:35:50","slug":"types-of-train-accidents","status":"publish","type":"page","link":"https:\/\/steinberglawfirm-staging.clmcloud.app\/es\/articulos\/tipos-de-accidentes-ferroviarios\/","title":{"rendered":"Tipos de accidentes de tren"},"content":{"rendered":"<h1 class=\"wp-block-heading\">Tipos de accidentes de tren<\/h1>\n\n\n\n<div style=\"height:15px\" aria-hidden=\"true\" class=\"wp-block-spacer\"><\/div>\n\n\n\n<p>Aunque no es la forma m\u00e1s popular de transporte moderno, el ferrocarril sigue utiliz\u00e1ndose constantemente para transportar carga y pasajeros. Utilizados a veces como alternativa al avi\u00f3n o a un largo viaje por las autopistas, los trenes son una parte importante de los desplazamientos por el pa\u00eds para muchas personas. Sin embargo, si estas m\u00e1quinas sufren un fallo mec\u00e1nico, el resultado puede ser un accidente catastr\u00f3fico que provoque lesiones graves e incluso la p\u00e9rdida de vidas.<\/p>\n\n\n\n<p>Si usted o un ser querido ha sufrido da\u00f1os en un accidente de tren, p\u00f3ngase en contacto con los abogados especializados en accidentes de tren Charleston de la&nbsp;<a href=\"https:\/\/www.steinberglawfirm.com\/about-us\/\" target=\"_blank\" rel=\"noopener\">Steinberg Law Firm<\/a>&nbsp;al 843-720-2800 para una evaluaci\u00f3n gratuita de su caso.<\/p>\n\n\n\n<p><strong>ACCIDENTES FERROVIARIOS COMUNES<\/strong><\/p>\n\n\n\n<p>Al igual que hay diferentes prop\u00f3sitos para los trenes, tambi\u00e9n hay diferentes tipos de trenes, cada uno de los cuales desempe\u00f1a un papel en el funcionamiento del tren. Sin embargo, si alguno de estos vagones o piezas que contribuyen a su funcionamiento se aver\u00eda, las consecuencias pueden ser realmente desastrosas. Los siguientes son los principales tipos de accidentes de tren:<\/p>\n\n\n\n<ul class=\"wp-block-list\"><li>Trenes descarrilados<\/li><li>Colisiones con otros trenes<\/li><li>Colisiones con residuos ferroviarios<\/li><li>Explosiones o errores relacionados con la m\u00e1quina<\/li><\/ul>\n\n\n\n<p>Cualquiera de estos accidentes puede provocar grandes cantidades de destrucci\u00f3n y crear escenarios potencialmente mortales para los pasajeros o los operadores. Teniendo en cuenta el peso, la potencia y la velocidad de los trenes, estos incidentes pueden tener resultados realmente terribles.<\/p>\n\n\n\n<h2 class=\"wp-block-heading\">Abogados de lesiones personales que representan a Charleston y \u00e1reas cercanas de South Carolina<\/h2>\n\n\n\n<p><strong>CONTACTAR CON NOSOTROS<\/strong><\/p>\n\n\n\n<p>Si usted ha sido lesionado en un accidente de tren o en un incidente que involucra a un tren, el recurso legal puede estar disponible. No siga adelante sin conocer sus derechos y opciones legales. P\u00f3ngase en contacto con los abogados de accidentes de tren de la Charleston llamando al 843-720-2800 hoy mismo para poner nuestra experiencia legal a su servicio.<\/p>","protected":false},"excerpt":{"rendered":"<p>Tipos de accidentes de tren Aunque no es la forma m\u00e1s popular de transporte moderno, el ferrocarril sigue utiliz\u00e1ndose constantemente para transportar carga y pasajeros. Utilizados a veces como alternativa al avi\u00f3n o a un largo viaje por las autopistas, los trenes son una parte importante de los desplazamientos por el pa\u00eds para muchas personas. Sin embargo, si estas m\u00e1quinas experimentan un...<\/p>","protected":false},"author":1,"featured_media":5589,"parent":2195,"menu_order":0,"comment_status":"closed","ping_status":"closed","template":"","meta":{"_acf_changed":false,"footnotes":""},"class_list":["post-2874","page","type-page","status-publish","has-post-thumbnail","hentry"],"acf":[],"_links":{"self":[{"href":"https:\/\/steinberglawfirm-staging.clmcloud.app\/es\/wp-json\/wp\/v2\/pages\/2874"}],"collection":[{"href":"https:\/\/steinberglawfirm-staging.clmcloud.app\/es\/wp-json\/wp\/v2\/pages"}],"about":[{"href":"https:\/\/steinberglawfirm-staging.clmcloud.app\/es\/wp-json\/wp\/v2\/types\/page"}],"author":[{"embeddable":true,"href":"https:\/\/steinberglawfirm-staging.clmcloud.app\/es\/wp-json\/wp\/v2\/users\/1"}],"replies":[{"embeddable":true,"href":"https:\/\/steinberglawfirm-staging.clmcloud.app\/es\/wp-json\/wp\/v2\/comments?post=2874"}],"version-history":[{"count":1,"href":"https:\/\/steinberglawfirm-staging.clmcloud.app\/es\/wp-json\/wp\/v2\/pages\/2874\/revisions"}],"predecessor-version":[{"id":20027,"href":"https:\/\/steinberglawfirm-staging.clmcloud.app\/es\/wp-json\/wp\/v2\/pages\/2874\/revisions\/20027"}],"up":[{"embeddable":true,"href":"https:\/\/steinberglawfirm-staging.clmcloud.app\/es\/wp-json\/wp\/v2\/pages\/2195"}],"wp:featuredmedia":[{"embeddable":true,"href":"https:\/\/steinberglawfirm-staging.clmcloud.app\/es\/wp-json\/wp\/v2\/media\/5589"}],"wp:attachment":[{"href":"https:\/\/steinberglawfirm-staging.clmcloud.app\/es\/wp-json\/wp\/v2\/media?parent=2874"}],"curies":[{"name":"wp","href":"https:\/\/api.w.org\/{rel}","templated":true}]}}