{"id":2872,"date":"2017-08-30T23:46:06","date_gmt":"2017-08-30T23:46:06","guid":{"rendered":"https:\/\/www.steinberglawfirm.com\/?page_id=2872"},"modified":"2022-04-19T23:16:44","modified_gmt":"2022-04-19T23:16:44","slug":"types-of-negligence","status":"publish","type":"page","link":"https:\/\/steinberglawfirm-staging.clmcloud.app\/es\/articulos\/tipos-de-negligencia\/","title":{"rendered":"Tipos de negligencia"},"content":{"rendered":"<h1 class=\"wp-block-heading\">Tipos de negligencia<\/h1>\n\n\n\n<div style=\"height:15px\" aria-hidden=\"true\" class=\"wp-block-spacer\"><\/div>\n\n\n\n<p>Las leyes que determinan la elegibilidad de un individuo para emprender una acci\u00f3n civil var\u00edan de un estado a otro. Algunos estados, por ejemplo, responsabilizan parcialmente a los establecimientos que sirven bebidas alcoh\u00f3licas de las consecuencias de los accidentes causados por los clientes a los que sirvieron en estado de embriaguez, y otros no lo permiten. Una de las normas m\u00e1s frecuentes es que el demandado debe haber incurrido en una acci\u00f3n o comportamiento negligente que haya causado da\u00f1os al demandante.<\/p>\n\n\n\n<p>Sin embargo, existen diferentes formas de negligencia. La capacidad de emprender una acci\u00f3n y la naturaleza de lo que est\u00e1 en juego en dicha reclamaci\u00f3n pueden verse influidas por la postura del Estado que gobierna sobre una forma espec\u00edfica de negligencia y el acto tortuoso asociado. P\u00f3ngase en contacto con el&nbsp;<a href=\"https:\/\/www.steinberglawfirm.com\/practice-areas\/personal-injury\/\" target=\"_blank\" rel=\"noopener\">Charleston abogados de lesiones personales<\/a>&nbsp;de la&nbsp;<a href=\"https:\/\/www.steinberglawfirm.com\/about-us\/\" target=\"_blank\" rel=\"noopener\">Steinberg Law Firm<\/a>&nbsp;llamando al 843-720-2800 para discutir su posible caso.<\/p>\n\n\n\n<p><strong>DEMANDA POR NEGLIGENCIA<\/strong><\/p>\n\n\n\n<p>Aunque no es imperativo que un demandante tenga una comprensi\u00f3n completa de c\u00f3mo los diversos tipos de negligencia afectan a su derecho a demandar, al menos una comprensi\u00f3n b\u00e1sica puede ayudar a prepararlo para los tipos de desaf\u00edos que su caso puede encontrar. A continuaci\u00f3n se exponen algunas doctrinas relativas a la negligencia:<\/p>\n\n\n\n<ul class=\"wp-block-list\"><li>Negligencia contributiva, cuando una persona no puede demandar si fue culpable en absoluto del da\u00f1o que ha sufrido<\/li><li>Negligencia comparativa pura, cuando una persona s\u00f3lo puede demandar por la parte de los da\u00f1os que fueron consecuencia de una culpa distinta a la suya<\/li><li>Negligencia comparativa modificada que proh\u00edbe demandar a los demandantes que tengan al menos la mitad de la culpa del accidente<\/li><li>Negligencia comparativa modificada que proh\u00edbe demandar a los demandantes que tengan m\u00e1s de la mitad de la culpa del accidente<\/li><\/ul>\n\n\n\n<p>Es importante recordar que, en el curso del procedimiento judicial, al demandante y al demandado se les asignar\u00e1 respectivamente un porcentaje de culpa seg\u00fan su papel en la causa del accidente.<\/p>\n\n\n\n<h2 class=\"wp-block-heading\">Abogados de lesiones personales que representan a Charleston y \u00e1reas cercanas de South Carolina<\/h2>\n\n\n\n<p><strong>CONTACTAR CON NOSOTROS<\/strong><\/p>\n\n\n\n<p>Si se ha lesionado y est\u00e1 considerando emprender acciones legales contra una parte negligente, es posible que podamos ayudarle. Para obtener m\u00e1s informaci\u00f3n sobre sus derechos como persona lesionada, p\u00f3ngase en contacto con los abogados de lesiones personales de la Charleston hoy en el 843-720-2800.<\/p>","protected":false},"excerpt":{"rendered":"<p>Tipos de Negligencia Las leyes que determinan la elegibilidad de un individuo para ejercer una acci\u00f3n civil var\u00edan de un estado a otro. Algunos estados, por ejemplo, responsabilizan parcialmente a los establecimientos que sirven bebidas alcoh\u00f3licas de las consecuencias de los accidentes causados por los clientes a los que sirvieron en estado de embriaguez y otros no lo permiten. Una de las normas que m\u00e1s se encuentran es...<\/p>","protected":false},"author":1,"featured_media":5589,"parent":2195,"menu_order":0,"comment_status":"closed","ping_status":"closed","template":"","meta":{"_acf_changed":false,"footnotes":""},"class_list":["post-2872","page","type-page","status-publish","has-post-thumbnail","hentry"],"acf":[],"_links":{"self":[{"href":"https:\/\/steinberglawfirm-staging.clmcloud.app\/es\/wp-json\/wp\/v2\/pages\/2872"}],"collection":[{"href":"https:\/\/steinberglawfirm-staging.clmcloud.app\/es\/wp-json\/wp\/v2\/pages"}],"about":[{"href":"https:\/\/steinberglawfirm-staging.clmcloud.app\/es\/wp-json\/wp\/v2\/types\/page"}],"author":[{"embeddable":true,"href":"https:\/\/steinberglawfirm-staging.clmcloud.app\/es\/wp-json\/wp\/v2\/users\/1"}],"replies":[{"embeddable":true,"href":"https:\/\/steinberglawfirm-staging.clmcloud.app\/es\/wp-json\/wp\/v2\/comments?post=2872"}],"version-history":[{"count":1,"href":"https:\/\/steinberglawfirm-staging.clmcloud.app\/es\/wp-json\/wp\/v2\/pages\/2872\/revisions"}],"predecessor-version":[{"id":20021,"href":"https:\/\/steinberglawfirm-staging.clmcloud.app\/es\/wp-json\/wp\/v2\/pages\/2872\/revisions\/20021"}],"up":[{"embeddable":true,"href":"https:\/\/steinberglawfirm-staging.clmcloud.app\/es\/wp-json\/wp\/v2\/pages\/2195"}],"wp:featuredmedia":[{"embeddable":true,"href":"https:\/\/steinberglawfirm-staging.clmcloud.app\/es\/wp-json\/wp\/v2\/media\/5589"}],"wp:attachment":[{"href":"https:\/\/steinberglawfirm-staging.clmcloud.app\/es\/wp-json\/wp\/v2\/media?parent=2872"}],"curies":[{"name":"wp","href":"https:\/\/api.w.org\/{rel}","templated":true}]}}