{"id":28706,"date":"2023-12-04T22:34:59","date_gmt":"2023-12-04T22:34:59","guid":{"rendered":"https:\/\/www.steinberglawfirm.com\/?page_id=28706"},"modified":"2023-12-04T22:35:03","modified_gmt":"2023-12-04T22:35:03","slug":"airport-work-injury-attorneys","status":"publish","type":"page","link":"https:\/\/steinberglawfirm-staging.clmcloud.app\/es\/indemnizacion-de-los-trabajadores\/abogados-especializados-en-accidentes-de-trabajo-en-aeropuertos\/","title":{"rendered":"Abogados de accidentes de trabajo en aeropuertos"},"content":{"rendered":"<h1 class=\"wp-block-heading\">Charleston Abogados de accidentes de trabajo en aeropuertos<\/h1>\n\n\n\n<h2 class=\"wp-block-heading\"><em>Abogados expertos en lesiones South Carolina luchan por proteger a los trabajadores del aeropuerto que sufren lesiones en el trabajo<\/em><\/h2>\n\n\n\n<p>M\u00e1s de 500.000 personas trabajan en el sector de las aerol\u00edneas, entre ellas miles que trabajan en aeropuertos. Entre ellos no solo hay pilotos y auxiliares de vuelo, sino tambi\u00e9n casi 27.000 trabajadores de servicios p\u00fablicos aeroportuarios, <a href=\"https:\/\/www.steinberglawfirm.com\/workers-compensation\/mechanic-injury\/\" data-type=\"link\" data-id=\"https:\/\/www.steinberglawfirm.com\/workers-compensation\/mechanic-injury\/\" target=\"_blank\" rel=\"noopener\">mec\u00e1nicos aeron\u00e1uticos<\/a>personal de limpieza, trabajadores del comercio minorista y otros.\u00a0<\/p>\n\n\n\n<p>El trabajo relacionado con los aeropuertos puede ser dif\u00edcil. Muchos trabajadores corren el riesgo de lesionarse cada d\u00eda en el trabajo. Cuando se producen lesiones en el trabajo, un trabajador lesionado necesita apoyo para recuperarse de sus lesiones y volver a ponerse en pie.&nbsp;<\/p>\n\n\n\n<p>Si has estado <a href=\"https:\/\/www.steinberglawfirm.com\/workers-compensation\/\" data-type=\"link\" data-id=\"https:\/\/www.steinberglawfirm.com\/workers-compensation\/\" target=\"_blank\" rel=\"noopener\">herido mientras trabajaba en un aeropuerto<\/a>hable con los abogados expertos en accidentes de trabajo en el aeropuerto South Carolina del bufete de abogados <a href=\"https:\/\/www.steinberglawfirm.com\/\" data-type=\"link\" data-id=\"https:\/\/www.steinberglawfirm.com\/\" target=\"_blank\" rel=\"noopener\">Steinberg Law Firm<\/a> hoy.\u00a0<\/p>\n\n\n\n<h3 class=\"wp-block-heading\">Lesiones laborales comunes en los aeropuertos&nbsp;<\/h3>\n\n\n\n<p>El personal de tierra de los aeropuertos y otros trabajadores se enfrentan a varios riesgos potenciales de lesiones. Algunas lesiones son m\u00e1s frecuentes que otras. Los tipos m\u00e1s comunes de lesiones en el lugar de trabajo en un aeropuerto son los siguientes:<\/p>\n\n\n\n<ul class=\"wp-block-list\">\n<li><strong>Resbalones, tropiezos y ca\u00eddas. <\/strong>En un estudio de 523 accidentes laborales entre el personal de tierra de los aeropuertos, el 40,3% de todas las lesiones notificadas se produjeron cuando un trabajador <a href=\"https:\/\/www.steinberglawfirm.com\/personal-injury\/premises-liability\/slip-and-fall\/\" data-type=\"link\" data-id=\"https:\/\/www.steinberglawfirm.com\/personal-injury\/premises-liability\/slip-and-fall\/\" target=\"_blank\" rel=\"noopener\">resbal\u00f3, tropez\u00f3 o se cay\u00f3<\/a>.<\/li>\n\n\n\n<li><strong>Accidentes de elevaci\u00f3n y transporte. <\/strong>Aproximadamente el 20 por ciento de las lesiones incluidas en el estudio proced\u00edan de <a href=\"https:\/\/www.steinberglawfirm.com\/blog\/workers-compensation-settlement-for-airline-employee-luggage-lifting-injury-in-greenville-sc\/\" data-type=\"link\" data-id=\"https:\/\/www.steinberglawfirm.com\/blog\/workers-compensation-settlement-for-airline-employee-luggage-lifting-injury-in-greenville-sc\/\" target=\"_blank\" rel=\"noopener\">accidentes al levantar o transportar objetos<\/a>.\u00a0<\/li>\n\n\n\n<li><strong>Accidentes de transporte. <\/strong>Los trabajadores atropellados se cayeron del veh\u00edculo o fueron <a href=\"https:\/\/www.steinberglawfirm.com\/personal-injury\/auto-accidents\/\" data-type=\"link\" data-id=\"https:\/\/www.steinberglawfirm.com\/personal-injury\/auto-accidents\/\" target=\"_blank\" rel=\"noopener\">implicado en una colisi\u00f3n de veh\u00edculos<\/a>que representaron el 12,8% de las lesiones del estudio.<\/li>\n\n\n\n<li><strong>Exposiciones f\u00edsicas y qu\u00edmicas. <\/strong>Exposici\u00f3n a temperaturas extremas, <a href=\"https:\/\/www.steinberglawfirm.com\/workers-compensation\/occupational-disease-lawyer\/\" data-type=\"link\" data-id=\"https:\/\/www.steinberglawfirm.com\/workers-compensation\/occupational-disease-lawyer\/\" target=\"_blank\" rel=\"noopener\">productos qu\u00edmicos<\/a>, la maquinaria y otros peligros causaron el 7,5% de las lesiones registradas.\u00a0<\/li>\n<\/ul>\n\n\n\n<p>Seg\u00fan la Oficina de Estad\u00edsticas Laborales de Estados Unidos, los trabajadores de aeropuertos corren un mayor riesgo de sufrir lesiones que los trabajadores de todas las industrias privadas: 6,7 lesiones por cada 100 trabajadores a tiempo completo en aeropuertos frente a 2,9 lesiones por cada 100 trabajadores en todas las industrias. Los \u00edndices de lesiones eran m\u00e1s bajos entre los trabajadores que se ocupaban del transporte de mercanc\u00edas y m\u00e1s altos entre los que trabajaban con pasajeros.&nbsp;<\/p>\n\n\n\n<h3 class=\"wp-block-heading\">Fuentes de indemnizaci\u00f3n para trabajadores aeroportuarios lesionados<\/h3>\n\n\n\n<p>En South Carolina, casi todos los empleados del aeropuerto pueden acceder a <a href=\"https:\/\/www.steinberglawfirm.com\/workers-compensation-report\/\" data-type=\"link\" data-id=\"https:\/\/www.steinberglawfirm.com\/workers-compensation-report\/\" target=\"_blank\" rel=\"noopener\">cobertura de la indemnizaci\u00f3n por accidente laboral<\/a> si sufren una lesi\u00f3n laboral en el trabajo. La indemnizaci\u00f3n por accidente laboral cubre determinadas p\u00e9rdidas relacionadas con la lesi\u00f3n laboral, como las facturas m\u00e9dicas. Los trabajadores que cumplan determinados requisitos tambi\u00e9n pueden recibir una indemnizaci\u00f3n por parte de su salario habitual mientras se toman un tiempo para recuperarse de sus lesiones.\u00a0<\/p>\n\n\n\n<p>La indemnizaci\u00f3n por accidente de trabajo es un sistema \"sin culpa\". Un trabajador lesionado no necesita demostrar negligencia alguna para recibir cobertura. Sin embargo, la indemnizaci\u00f3n por accidente laboral tiene sus l\u00edmites. Por ejemplo, las prestaciones por accidentes de trabajo s\u00f3lo se aplican a los trabajadores por cuenta ajena. Si usted es un contratista independiente, normalmente no puede acceder a las prestaciones de compensaci\u00f3n de los trabajadores.&nbsp;<\/p>\n\n\n\n<p>Determinar qu\u00e9 trabajadores est\u00e1n clasificados correctamente como contratistas independientes puede plantear otro reto. Un abogado puede ayudarte a determinar si est\u00e1s correctamente clasificado como contratista \u4e00 o si debes ser considerado empleado.&nbsp;<\/p>\n\n\n\n<p>Algunas lesiones laborales en aeropuertos son consecuencia de la negligencia de terceros. Algunos ejemplos de estos casos son:<\/p>\n\n\n\n<ul class=\"wp-block-list\">\n<li>Un trabajador del aeropuerto es <a href=\"https:\/\/www.steinberglawfirm.com\/personal-injury\/auto-accidents\/uber-car-accident-attorney\/\" data-type=\"link\" data-id=\"https:\/\/www.steinberglawfirm.com\/personal-injury\/auto-accidents\/uber-car-accident-attorney\/\" target=\"_blank\" rel=\"noopener\">atropellada por un conductor de Uber<\/a> en la zona de carga de pasajeros.\u00a0<\/li>\n\n\n\n<li>Un trabajador de un aeropuerto resulta herido cuando una carretilla elevadora mal mantenida falla y vuelca.<\/li>\n\n\n\n<li>Un trabajador de aeropuerto sufre lesiones por un <a href=\"https:\/\/www.steinberglawfirm.com\/personal-injury\/dangerous-products\/\" data-type=\"link\" data-id=\"https:\/\/www.steinberglawfirm.com\/personal-injury\/dangerous-products\/\" target=\"_blank\" rel=\"noopener\">defecto oculto en una herramienta<\/a> el trabajador est\u00e1 utilizando, lo que hace que la herramienta se sobrecaliente y <a href=\"https:\/\/www.steinberglawfirm.com\/workers-compensation\/workers-compensation-for-an-employee-who-suffers-a-burn-injury\/\" data-type=\"link\" data-id=\"https:\/\/www.steinberglawfirm.com\/workers-compensation\/workers-compensation-for-an-employee-who-suffers-a-burn-injury\/\" target=\"_blank\" rel=\"noopener\">infligir quemaduras graves<\/a>.\u00a0<\/li>\n<\/ul>\n\n\n\n<p>La cuant\u00eda de la indemnizaci\u00f3n por accidente laboral que puede recibir un empleado de aeropuerto var\u00eda. Un abogado puede ayudarle a entender exactamente c\u00f3mo se aplican las normas en su caso y lo que significan para su indemnizaci\u00f3n.&nbsp;<\/p>\n\n\n\n<h3 class=\"wp-block-heading\">Hable hoy mismo con un abogado experto en lesiones laborales en aeropuertos<\/h3>\n\n\n\n<p>Despu\u00e9s de una lesi\u00f3n, es posible que tenga muchas preguntas. Tanto si quiere presentar una demanda como si no, hablar con un abogado puede beneficiarle. Un abogado puede:<\/p>\n\n\n\n<ul class=\"wp-block-list\">\n<li>Responder a tus preguntas y darte informaci\u00f3n que entiendas.<\/li>\n\n\n\n<li>Re\u00fana pruebas para comprender mejor sus opciones legales.&nbsp;<\/li>\n\n\n\n<li>Gestionar el papeleo y las demandas del seguro y la indemnizaci\u00f3n de los trabajadores para que usted pueda centrarse en descansar y curarse.<\/li>\n\n\n\n<li>Negociar en su nombre para que reciba la indemnizaci\u00f3n completa y justa que necesita para sus facturas actuales y cualquier necesidad futura.&nbsp;<\/li>\n<\/ul>\n\n\n\n<p>Si se ha lesionado trabajando en un aeropuerto, no tiene por qu\u00e9 enfrentarse solo a las secuelas. Hable con el <a href=\"https:\/\/www.steinberglawfirm.com\/attorney\/\" data-type=\"link\" data-id=\"https:\/\/www.steinberglawfirm.com\/attorney\/\" target=\"_blank\" rel=\"noopener\">abogados expertos en accidentes de trabajo en aeropuertos en el Steinberg Law Firm<\/a> hoy mismo. Le ayudaremos a comprender sus opciones y a conseguir la indemnizaci\u00f3n que necesita. Para saber m\u00e1s, <a href=\"https:\/\/www.steinberglawfirm.com\/contact-us\/\" data-type=\"link\" data-id=\"https:\/\/www.steinberglawfirm.com\/contact-us\/\" target=\"_blank\" rel=\"noopener\">contacto con nosotros<\/a> para programar una <a href=\"https:\/\/www.steinberglawfirm.com\/free-consultation\/\" data-type=\"link\" data-id=\"https:\/\/www.steinberglawfirm.com\/free-consultation\/\" target=\"_blank\" rel=\"noopener\">consulta gratuita y confidencial<\/a>.<\/p>","protected":false},"excerpt":{"rendered":"<p>Charleston Abogados de accidentes de trabajo en aeropuertos Experimentados abogados de accidentes South Carolina Luchan para proteger a los trabajadores de aeropuertos que se lesionan en el trabajo M\u00e1s de 500.000 personas trabajan en la industria de las aerol\u00edneas, entre ellas miles que trabajan en aeropuertos. Ellos incluyen no s\u00f3lo los pilotos y asistentes de vuelo, sino tambi\u00e9n cerca de 27.000 trabajadores de servicios p\u00fablicos del aeropuerto,...<\/p>","protected":false},"author":1,"featured_media":28711,"parent":8874,"menu_order":0,"comment_status":"closed","ping_status":"closed","template":"","meta":{"_acf_changed":false,"footnotes":""},"class_list":["post-28706","page","type-page","status-publish","has-post-thumbnail","hentry"],"acf":[],"_links":{"self":[{"href":"https:\/\/steinberglawfirm-staging.clmcloud.app\/es\/wp-json\/wp\/v2\/pages\/28706"}],"collection":[{"href":"https:\/\/steinberglawfirm-staging.clmcloud.app\/es\/wp-json\/wp\/v2\/pages"}],"about":[{"href":"https:\/\/steinberglawfirm-staging.clmcloud.app\/es\/wp-json\/wp\/v2\/types\/page"}],"author":[{"embeddable":true,"href":"https:\/\/steinberglawfirm-staging.clmcloud.app\/es\/wp-json\/wp\/v2\/users\/1"}],"replies":[{"embeddable":true,"href":"https:\/\/steinberglawfirm-staging.clmcloud.app\/es\/wp-json\/wp\/v2\/comments?post=28706"}],"version-history":[{"count":5,"href":"https:\/\/steinberglawfirm-staging.clmcloud.app\/es\/wp-json\/wp\/v2\/pages\/28706\/revisions"}],"predecessor-version":[{"id":28713,"href":"https:\/\/steinberglawfirm-staging.clmcloud.app\/es\/wp-json\/wp\/v2\/pages\/28706\/revisions\/28713"}],"up":[{"embeddable":true,"href":"https:\/\/steinberglawfirm-staging.clmcloud.app\/es\/wp-json\/wp\/v2\/pages\/8874"}],"wp:featuredmedia":[{"embeddable":true,"href":"https:\/\/steinberglawfirm-staging.clmcloud.app\/es\/wp-json\/wp\/v2\/media\/28711"}],"wp:attachment":[{"href":"https:\/\/steinberglawfirm-staging.clmcloud.app\/es\/wp-json\/wp\/v2\/media?parent=28706"}],"curies":[{"name":"wp","href":"https:\/\/api.w.org\/{rel}","templated":true}]}}