{"id":2868,"date":"2017-08-30T23:44:16","date_gmt":"2017-08-30T23:44:16","guid":{"rendered":"https:\/\/www.steinberglawfirm.com\/?page_id=2868"},"modified":"2023-01-03T23:53:06","modified_gmt":"2023-01-03T23:53:06","slug":"toxic-chemicals-in-the-home","status":"publish","type":"page","link":"https:\/\/steinberglawfirm-staging.clmcloud.app\/es\/articulos\/productos-quimicos-toxicos-en-el-hogar\/","title":{"rendered":"Productos qu\u00edmicos t\u00f3xicos en el hogar"},"content":{"rendered":"<h1 class=\"wp-block-heading\">Productos qu\u00edmicos t\u00f3xicos en el hogar<\/h1>\n\n\n\n<div style=\"height:15px\" aria-hidden=\"true\" class=\"wp-block-spacer\"><\/div>\n\n\n\n<p>La exposici\u00f3n a t\u00f3xicos puede causar lesiones importantes e incluso puede ser mortal. Entre los ni\u00f1os, las intoxicaciones accidentales son de hecho una de las principales causas de muerte. Por desgracia, las sustancias qu\u00edmicas peligrosas son mucho m\u00e1s comunes de lo que la gente suele creer. Incluso el hogar medio contiene una gran variedad de productos qu\u00edmicos altamente peligrosos.<\/p>\n\n\n\n<p>Por la seguridad de ni\u00f1os y adultos, las sustancias peligrosas deben almacenarse en recipientes de larga duraci\u00f3n y en lugares seguros. De lo contrario, pueden producirse lesiones graves. Si usted o un miembro de su familia ha resultado herido por un t\u00f3xico mal utilizado, podr\u00eda tener motivos para presentar una reclamaci\u00f3n legal contra la parte responsable. Para m\u00e1s informaci\u00f3n, llame a un Charleston\u00a0<a href=\"https:\/\/www.steinberglawfirm.com\/practice-areas\/personal-injury\/\" target=\"_blank\" rel=\"noopener\">abogado de lesiones personales<\/a>\u00a0de la\u00a0<a href=\"https:\/\/www.steinberglawfirm.com\/about-us\/\" target=\"_blank\" rel=\"noopener\">Steinberg Law Firm<\/a>\u00a0en\u00a0<a href=\"tel:1-843-720-2800\">843-720-2800<\/a>.<\/p>\n\n\n\n<p><strong>RIESGOS DOM\u00c9STICOS COMUNES<\/strong><\/p>\n\n\n\n<p>Algunas de las sustancias peligrosas que pueden encontrarse en millones de hogares de Estados Unidos son:<\/p>\n\n\n\n<ul class=\"wp-block-list\">\n<li>Blanqueador<\/li>\n\n\n\n<li>Pulido de muebles<\/li>\n\n\n\n<li>Productos de limpieza<\/li>\n\n\n\n<li>Quitaesmalte de u\u00f1as<\/li>\n\n\n\n<li>Pesticidas<\/li>\n<\/ul>\n\n\n\n<p>La exposici\u00f3n a estas sustancias puede tener efectos inmediatos como <a href=\"https:\/\/www.steinberglawfirm.com\/personal-injury\/personal-injury-lawyers\/burn-injury-lawyer\/\" target=\"_blank\" rel=\"noopener\">quemaduras<\/a>irritaci\u00f3n de los pulmones y los ojos, problemas respiratorios y n\u00e1useas. Si no se recibe tratamiento inmediato, las lesiones pueden evolucionar a insuficiencia org\u00e1nica, lesiones nerviosas y, potencialmente, la muerte.<\/p>\n\n\n\n<p><strong>C\u00d3MO SE PRODUCE LA EXPOSICI\u00d3N A LAS TOXINAS<\/strong><\/p>\n\n\n\n<p>Incluso cuando tomamos precauciones razonables para protegernos, las acciones negligentes de otras personas pueden hacer que nos expongamos a productos qu\u00edmicos peligrosos. Es posible que desee ponerse en contacto con un abogado de lesiones personales Charleston si usted ha sido herido por errores como:<\/p>\n\n\n\n<ul class=\"wp-block-list\">\n<li>Envasado defectuoso de una toxina<\/li>\n\n\n\n<li>No advertir de los peligros de un producto<\/li>\n\n\n\n<li>Vertidos qu\u00edmicos<\/li>\n<\/ul>\n\n\n\n<h2 class=\"wp-block-heading\">Abogados de lesiones personales que representan a Charleston y \u00e1reas cercanas de South Carolina<\/h2>\n\n\n\n<p>Usted podr\u00eda tener derecho a una indemnizaci\u00f3n por p\u00e9rdidas tales como facturas m\u00e9dicas, p\u00e9rdida de trabajo y dolor y sufrimiento.<\/p>\n\n\n\n<p><strong>CONTACTAR CON NOSOTROS<\/strong><\/p>\n\n\n\n<p>El Steinberg Law Firm se compromete a ayudar a las v\u00edctimas de negligencia a recibir la indemnizaci\u00f3n que necesitan.\u00a0<a href=\"https:\/\/www.steinberglawfirm.com\/contact-us\/\" target=\"_blank\" rel=\"noopener\">Contacte con<\/a> nuestros abogados de exposici\u00f3n a sustancias qu\u00edmicas t\u00f3xicas Charleston hoy mismo en el\u00a0<a href=\"tel:1-843-720-2800\">843-720-2800<\/a>.<\/p>","protected":false},"excerpt":{"rendered":"<p>Productos qu\u00edmicos t\u00f3xicos en el hogar La exposici\u00f3n a t\u00f3xicos puede causar lesiones importantes e incluso puede ser mortal. Entre los ni\u00f1os, las intoxicaciones accidentales son de hecho una de las principales causas de muerte. Por desgracia, las sustancias qu\u00edmicas peligrosas son mucho m\u00e1s comunes de lo que la gente tiende a pensar. Incluso el hogar medio contiene una gran variedad de productos qu\u00edmicos altamente peligrosos. Para la seguridad...<\/p>","protected":false},"author":1,"featured_media":5589,"parent":2195,"menu_order":0,"comment_status":"closed","ping_status":"closed","template":"","meta":{"_acf_changed":false,"footnotes":""},"class_list":["post-2868","page","type-page","status-publish","has-post-thumbnail","hentry"],"acf":[],"_links":{"self":[{"href":"https:\/\/steinberglawfirm-staging.clmcloud.app\/es\/wp-json\/wp\/v2\/pages\/2868"}],"collection":[{"href":"https:\/\/steinberglawfirm-staging.clmcloud.app\/es\/wp-json\/wp\/v2\/pages"}],"about":[{"href":"https:\/\/steinberglawfirm-staging.clmcloud.app\/es\/wp-json\/wp\/v2\/types\/page"}],"author":[{"embeddable":true,"href":"https:\/\/steinberglawfirm-staging.clmcloud.app\/es\/wp-json\/wp\/v2\/users\/1"}],"replies":[{"embeddable":true,"href":"https:\/\/steinberglawfirm-staging.clmcloud.app\/es\/wp-json\/wp\/v2\/comments?post=2868"}],"version-history":[{"count":2,"href":"https:\/\/steinberglawfirm-staging.clmcloud.app\/es\/wp-json\/wp\/v2\/pages\/2868\/revisions"}],"predecessor-version":[{"id":23843,"href":"https:\/\/steinberglawfirm-staging.clmcloud.app\/es\/wp-json\/wp\/v2\/pages\/2868\/revisions\/23843"}],"up":[{"embeddable":true,"href":"https:\/\/steinberglawfirm-staging.clmcloud.app\/es\/wp-json\/wp\/v2\/pages\/2195"}],"wp:featuredmedia":[{"embeddable":true,"href":"https:\/\/steinberglawfirm-staging.clmcloud.app\/es\/wp-json\/wp\/v2\/media\/5589"}],"wp:attachment":[{"href":"https:\/\/steinberglawfirm-staging.clmcloud.app\/es\/wp-json\/wp\/v2\/media?parent=2868"}],"curies":[{"name":"wp","href":"https:\/\/api.w.org\/{rel}","templated":true}]}}