{"id":2864,"date":"2017-08-30T23:42:28","date_gmt":"2017-08-30T23:42:28","guid":{"rendered":"https:\/\/www.steinberglawfirm.com\/?page_id=2864"},"modified":"2022-04-19T23:14:11","modified_gmt":"2022-04-19T23:14:11","slug":"the-leading-causes-of-spine-injuries","status":"publish","type":"page","link":"https:\/\/steinberglawfirm-staging.clmcloud.app\/es\/articulos\/las-principales-causas-de-las-lesiones-de-la-columna-vertebral\/","title":{"rendered":"Las principales causas de las lesiones de la columna vertebral"},"content":{"rendered":"<h1 class=\"wp-block-heading\">Las principales causas de las lesiones de la columna vertebral<\/h1>\n\n\n\n<div style=\"height:15px\" aria-hidden=\"true\" class=\"wp-block-spacer\"><\/div>\n\n\n\n<p>Una lesi\u00f3n medular puede afectar a los peque\u00f1os huesos de la columna vertebral, conocidos como v\u00e9rtebras, a los tendones o discos que conectan estos huesos, o al haz de nervios conocido como m\u00e9dula espinal. Cualquiera de estas lesiones puede ser muy dolorosa y puede crear problemas de por vida a sus v\u00edctimas. Aunque pueden ser consecuencia de enfermedades gen\u00e9ticas o cong\u00e9nitas, muchas de estas lesiones son el resultado de accidentes totalmente evitables.<\/p>\n\n\n\n<p>Si usted o un ser querido ha sufrido una lesi\u00f3n en la columna vertebral causada por el comportamiento negligente de otra persona, podr\u00eda tener derecho a una indemnizaci\u00f3n por los gastos relacionados. Para obtener m\u00e1s informaci\u00f3n sobre la negligencia y la ley South Carolina, llame a un Charleston&nbsp;<a href=\"https:\/\/www.steinberglawfirm.com\/practice-areas\/personal-injury\/\" target=\"_blank\" rel=\"noopener\">abogado de lesiones personales<\/a>&nbsp;de la&nbsp;<a href=\"https:\/\/www.steinberglawfirm.com\/about-us\/\" target=\"_blank\" rel=\"noopener\">Steinberg Law Firm<\/a>&nbsp;al 843-720-2800.<\/p>\n\n\n\n<p><strong>ACCIDENTES Y AGRESIONES<\/strong><\/p>\n\n\n\n<p>Se calcula que cada a\u00f1o se producen 11.000 nuevas lesiones medulares s\u00f3lo en Estados Unidos, seg\u00fan la Asociaci\u00f3n Nacional de Lesiones Medulares. La mayor\u00eda de ellas implican una fuerza traum\u00e1tica en la espalda, el cuello o la cabeza. Algunas de las causas m\u00e1s comunes de las lesiones traum\u00e1ticas de espalda son:<\/p>\n\n\n\n<ul class=\"wp-block-list\"><li>Accidentes de veh\u00edculos de motor, tanto de coches como de motocicletas. Estas lesiones incluyen colisiones entre veh\u00edculos, accidentes de un solo veh\u00edculo y colisiones entre veh\u00edculos y peatones.<\/li><li>Ca\u00eddas. En el caso de los adultos m\u00e1s j\u00f3venes, las ca\u00eddas desde grandes alturas son las m\u00e1s propensas a causar lesiones en la columna vertebral; estos incidentes pueden incluir accidentes de buceo, lesiones en el lugar de trabajo y tropiezos y ca\u00eddas. Las personas mayores de 65 a\u00f1os son las m\u00e1s propensas a sufrir lesiones de espalda causadas por ca\u00eddas en sus hogares.<\/li><li>La violencia. Por desgracia, las agresiones son una de las principales causas de lesiones medulares importantes. Los ataques con cuchillos o pistolas son especialmente propensos a causar problemas duraderos.<\/li><li>Accidentes deportivos. Actividades como el buceo de competici\u00f3n y los deportes de contacto como el f\u00fatbol pueden poner a los participantes en riesgo de sufrir graves\u00a0<a href=\"https:\/\/www.steinberglawfirm.com\/practice-areas\/head-brain-and-spine-injuries\/\" target=\"_blank\" rel=\"noopener\">lesiones en la columna vertebral<\/a>.<\/li><\/ul>\n\n\n\n<p>Si usted o un miembro de su familia ha sufrido consecuencias como la par\u00e1lisis o el dolor cr\u00f3nico debido a la negligencia de otra parte, nuestros abogados especializados en lesiones medulares Charleston pueden ayudarle.<\/p>\n\n\n\n<h2 class=\"wp-block-heading\">Abogados de lesiones personales que representan a Charleston y \u00e1reas cercanas de South Carolina<\/h2>\n\n\n\n<p><strong>CONTACTAR CON NOSOTROS<\/strong><\/p>\n\n\n\n<p>En el Steinberg Law Firm, nos esforzamos por ofrecer a cada cliente una representaci\u00f3n legal eficiente y \u00fatil.&nbsp;<a href=\"https:\/\/www.steinberglawfirm.com\/contact-us\/\" target=\"_blank\" rel=\"noopener\">Contacte con<\/a>&nbsp;nuestros abogados especializados en lesiones de la columna vertebral Charleston hoy mismo en el 843-720-2800.<\/p>","protected":false},"excerpt":{"rendered":"<p>Las principales causas de las lesiones de la columna vertebral Una lesi\u00f3n de la columna vertebral puede afectar a los peque\u00f1os huesos de la columna vertebral conocidos como v\u00e9rtebras, a los tendones o discos que conectan estos huesos, o al haz de nervios conocido como m\u00e9dula espinal. Cualquiera de estas lesiones puede ser muy dolorosa y puede crear problemas de por vida a sus v\u00edctimas. Aunque...<\/p>","protected":false},"author":1,"featured_media":19966,"parent":2195,"menu_order":0,"comment_status":"closed","ping_status":"closed","template":"","meta":{"_acf_changed":false,"footnotes":""},"class_list":["post-2864","page","type-page","status-publish","has-post-thumbnail","hentry"],"acf":[],"_links":{"self":[{"href":"https:\/\/steinberglawfirm-staging.clmcloud.app\/es\/wp-json\/wp\/v2\/pages\/2864"}],"collection":[{"href":"https:\/\/steinberglawfirm-staging.clmcloud.app\/es\/wp-json\/wp\/v2\/pages"}],"about":[{"href":"https:\/\/steinberglawfirm-staging.clmcloud.app\/es\/wp-json\/wp\/v2\/types\/page"}],"author":[{"embeddable":true,"href":"https:\/\/steinberglawfirm-staging.clmcloud.app\/es\/wp-json\/wp\/v2\/users\/1"}],"replies":[{"embeddable":true,"href":"https:\/\/steinberglawfirm-staging.clmcloud.app\/es\/wp-json\/wp\/v2\/comments?post=2864"}],"version-history":[{"count":1,"href":"https:\/\/steinberglawfirm-staging.clmcloud.app\/es\/wp-json\/wp\/v2\/pages\/2864\/revisions"}],"predecessor-version":[{"id":20018,"href":"https:\/\/steinberglawfirm-staging.clmcloud.app\/es\/wp-json\/wp\/v2\/pages\/2864\/revisions\/20018"}],"up":[{"embeddable":true,"href":"https:\/\/steinberglawfirm-staging.clmcloud.app\/es\/wp-json\/wp\/v2\/pages\/2195"}],"wp:featuredmedia":[{"embeddable":true,"href":"https:\/\/steinberglawfirm-staging.clmcloud.app\/es\/wp-json\/wp\/v2\/media\/19966"}],"wp:attachment":[{"href":"https:\/\/steinberglawfirm-staging.clmcloud.app\/es\/wp-json\/wp\/v2\/media?parent=2864"}],"curies":[{"name":"wp","href":"https:\/\/api.w.org\/{rel}","templated":true}]}}