{"id":28638,"date":"2023-11-22T17:52:22","date_gmt":"2023-11-22T17:52:22","guid":{"rendered":"https:\/\/www.steinberglawfirm.com\/?page_id=28638"},"modified":"2023-11-22T17:52:25","modified_gmt":"2023-11-22T17:52:25","slug":"logging-truck-accident-attorneys","status":"publish","type":"page","link":"https:\/\/steinberglawfirm-staging.clmcloud.app\/es\/lesiones-personales\/accidentes-de-camiones\/abogados-accidentes-de-remolques\/","title":{"rendered":"Abogados de accidentes de camiones madereros"},"content":{"rendered":"<h1 class=\"wp-block-heading\">South Carolina Abogados de accidentes de camiones madereros<\/h1>\n\n\n\n<h2 class=\"wp-block-heading\"><em>\u00bfLastimado por un cami\u00f3n maderero? Los experimentados abogados de accidentes de camiones madereros South Carolina de Steinberg Law Firm pueden ayudarle.<\/em><\/h2>\n\n\n\n<p>La explotaci\u00f3n forestal desempe\u00f1a un papel importante en la econom\u00eda estadounidense. Los \u00e1rboles talados son una fuente sostenible de papel, materiales de construcci\u00f3n y muchos otros recursos.&nbsp;<\/p>\n\n\n\n<p>La Oficina de Estad\u00edsticas Laborales de EE. UU. estima que m\u00e1s de 8.000 conductores de camiones madereros trabajaban en EE. UU. en 2022. La mayor\u00eda de estos conductores trabajan para empresas privadas del sector maderero o trabajan por cuenta propia como propietarios-operadores. Muchos conductores est\u00e1n mal pagados y sobrecargados de trabajo, apresur\u00e1ndose para entregar sus cargas r\u00e1pidamente. Aunque estos conductores intentan realizar las entregas de forma segura, la negligencia o el descuido pueden provocar lesiones graves.&nbsp;<\/p>\n\n\n\n<p>Si ha sufrido lesiones en un accidente con un cami\u00f3n maderero, no espere: hable con el <a href=\"https:\/\/www.steinberglawfirm.com\/personal-injury\/truck-accidents\/\" data-type=\"link\" data-id=\"https:\/\/www.steinberglawfirm.com\/personal-injury\/truck-accidents\/\" target=\"_blank\" rel=\"noopener\">abogados expertos en accidentes de camiones madereros South Carolina en Steinberg Law Firm<\/a> hoy.\u00a0<\/p>\n\n\n\n<h3 class=\"wp-block-heading\">Tipos de accidentes catastr\u00f3ficos de camiones madereros<\/h3>\n\n\n\n<p>Los camiones madereros contienen cientos de piezas en sus motores, frenos, neum\u00e1ticos y sistemas de remolque. Estas piezas suelen estar sometidas a tensiones y sufren un desgaste importante.&nbsp;<\/p>\n\n\n\n<p>Los accidentes pueden deberse a aver\u00edas del equipo, errores del conductor u otras causas. Los tipos comunes de accidentes de camiones madereros incluyen:<\/p>\n\n\n\n<ul class=\"wp-block-list\">\n<li><strong>Ca\u00edda de troncos y escombros. <\/strong>Los troncos que no se cargan correctamente pueden soltarse, caer a la calzada y provocar un accidente.&nbsp;<\/li>\n\n\n\n<li><strong>Jackknifing. <\/strong>Un cami\u00f3n que se desv\u00eda o resbala sobre el hielo puede plegarse, una situaci\u00f3n en la que el remolque del cami\u00f3n se desplaza en paralelo a la cabeza tractora en lugar de seguirla por detr\u00e1s. Los camiones que se pliegan son dif\u00edciles o imposibles de controlar y pueden provocar accidentes graves en carreteras South Carolina.&nbsp;<\/li>\n\n\n\n<li><strong>Pr\u00f3rrogas. <\/strong><a href=\"https:\/\/www.steinberglawfirm.com\/articles\/the-hazardous-effects-of-speeding\/\" data-type=\"link\" data-id=\"https:\/\/www.steinberglawfirm.com\/articles\/the-hazardous-effects-of-speeding\/\" target=\"_blank\" rel=\"noopener\">Exceso de velocidad<\/a>El vuelco de un cami\u00f3n puede deberse, entre otras cosas, a un frenazo inadecuado o al transporte de troncos mal cargados, <a href=\"https:\/\/www.steinberglawfirm.com\/personal-injury\/truck-accidents\/fatal-truck-accidents\/\" data-type=\"link\" data-id=\"https:\/\/www.steinberglawfirm.com\/personal-injury\/truck-accidents\/fatal-truck-accidents\/\" target=\"_blank\" rel=\"noopener\">causando la muerte<\/a> o lesiones graves.\u00a0<\/li>\n\n\n\n<li><strong>Reventones de neum\u00e1ticos y otros fallos del equipo. <\/strong>A <a href=\"https:\/\/www.steinberglawfirm.com\/personal-injury\/truck-accidents\/tire-pieces-debris-in-road\/\" data-type=\"link\" data-id=\"https:\/\/www.steinberglawfirm.com\/personal-injury\/truck-accidents\/tire-pieces-debris-in-road\/\" target=\"_blank\" rel=\"noopener\">revent\u00f3n de neum\u00e1tico<\/a> pueden hacer que un conductor pierda el control del cami\u00f3n, provocando lesiones por colisi\u00f3n. Otros fallos del equipo, como los de los frenos, pueden tener consecuencias catastr\u00f3ficas similares.\u00a0<\/li>\n<\/ul>\n\n\n\n<p>Los conductores, cargadores y otras personas implicadas en el transporte de troncos deben revisar sus veh\u00edculos y cumplir otros requisitos de seguridad. Cuando incumplen estas responsabilidades, otros usuarios de la carretera pueden pagar el precio.&nbsp;<\/p>\n\n\n\n<h3 class=\"wp-block-heading\">\u00bfQui\u00e9n es responsable del accidente de un cami\u00f3n maderero?&nbsp;<\/h3>\n\n\n\n<p>La Administraci\u00f3n Federal de Seguridad de Autotransportes (FMCSA) tiene varias normas que utiliza para regular el trabajo de los camiones madereros. Por ejemplo, los camiones madereros deben disponer de estacas, amarres y otros equipos adecuados para evitar que la madera ruede fuera del remolque del cami\u00f3n. Este equipo debe resistir incluso las fuerzas de un frenazo repentino o un volantazo si el conductor del cami\u00f3n toma estas medidas para evitar una colisi\u00f3n.&nbsp;<\/p>\n\n\n\n<p>Del mismo modo, la normativa federal impone normas muy estrictas a los conductores de camiones madereros. Estos conductores deben mantener un permiso de conducir comercial (CDL) con las anotaciones apropiadas para su trabajo. Los conductores tambi\u00e9n deben inspeccionar sus camiones y la carga con regularidad, cumplir los requisitos de horas de servicio y someterse a ex\u00e1menes f\u00edsicos peri\u00f3dicos del Departamento de Transporte (DOT).<\/p>\n\n\n\n<p>Cuando un cami\u00f3n maderero choca, una o m\u00e1s de las siguientes partes pueden ser culpables:<\/p>\n\n\n\n<ul class=\"wp-block-list\">\n<li><strong>El conductor. <\/strong>Los conductores deben practicar una conducci\u00f3n segura, cumplir los requisitos de seguridad federales y estatales e inspeccionar sus veh\u00edculos para detectar posibles peligros. Si no lo hacen, pueden sufrir lesiones graves o morir.&nbsp;<\/li>\n\n\n\n<li><strong>La compa\u00f1\u00eda de camiones. <\/strong>Las empresas de transporte tienen la obligaci\u00f3n de mantener sus veh\u00edculos en buen estado de funcionamiento, controlar a los conductores y cumplir las leyes estatales y federales. El incumplimiento de cualquiera de estas obligaciones puede provocar un accidente.<\/li>\n\n\n\n<li><strong>La empresa maderera. <\/strong>Muchos camioneros no cargan sus propios remolques. En su lugar, una empresa maderera suele encargarse de cargar los troncos en el remolque. Puede producirse un accidente catastr\u00f3fico si la empresa no carga o sujeta los troncos correctamente.&nbsp;<\/li>\n\n\n\n<li><strong>El equipo de mantenimiento del cami\u00f3n. <\/strong>Los equipos de mantenimiento y reparaci\u00f3n deben esforzarse por hacer su trabajo correctamente. Una reparaci\u00f3n mal realizada o una pieza mal instalada pueden suponer un desastre si fallan en la carretera, y el conductor puede no enterarse del problema hasta que sea demasiado tarde para evitar un accidente.&nbsp;<\/li>\n<\/ul>\n\n\n\n<p>\u00bfQui\u00e9n tiene la culpa en un accidente concreto? Responder a esta pregunta suele requerir investigaci\u00f3n y an\u00e1lisis. A <strong>abogado experto en accidentes de camiones madereros<\/strong> puede ayudarle a determinar exactamente qui\u00e9n caus\u00f3 sus lesiones y a luchar por la indemnizaci\u00f3n que merece.\u00a0\u00a0<\/p>\n\n\n\n<h3 class=\"wp-block-heading\">Hable hoy mismo con un abogado experto en accidentes de camiones madereros South Carolina<\/h3>\n\n\n\n<p>Es posible que los camiones madereros compartan la carretera de forma segura con otros veh\u00edculos. Para garantizar la seguridad, todas las personas implicadas en la carga, la conducci\u00f3n y el mantenimiento del cami\u00f3n maderero deben cumplir con su deber de garantizar que el cami\u00f3n pueda viajar de forma segura con su carga. <a href=\"https:\/\/www.steinberglawfirm.com\/personal-injury\/personal-injury-lawyers\/\" data-type=\"link\" data-id=\"https:\/\/www.steinberglawfirm.com\/personal-injury\/personal-injury-lawyers\/\" target=\"_blank\" rel=\"noopener\">Lesiones graves<\/a> puede resultar cuando cualquiera de estas partes incumple sus responsabilidades.<\/p>\n\n\n\n<p>Si usted o un ser querido ha sufrido lesiones graves en un accidente de cami\u00f3n maderero, no espere. Hable con los abogados con experiencia en accidentes de camiones madereros South Carolina en <a href=\"https:\/\/www.steinberglawfirm.com\/\" data-type=\"link\" data-id=\"https:\/\/www.steinberglawfirm.com\/\" target=\"_blank\" rel=\"noopener\">Steinberg Law Firm<\/a> hoy mismo. Le ayudaremos a comprender sus derechos legales, a tomar las medidas necesarias para proteger a su familia y a responsabilizar a las partes negligentes. <a href=\"https:\/\/www.steinberglawfirm.com\/contact-us\/\" data-type=\"link\" data-id=\"https:\/\/www.steinberglawfirm.com\/contact-us\/\" target=\"_blank\" rel=\"noopener\">Contacte con nosotros hoy mismo<\/a> para programar una <a href=\"https:\/\/www.steinberglawfirm.com\/free-consultation\/\" data-type=\"link\" data-id=\"https:\/\/www.steinberglawfirm.com\/free-consultation\/\" target=\"_blank\" rel=\"noopener\">evaluaci\u00f3n gratuita y confidencial de su caso<\/a> con una de <a href=\"https:\/\/www.steinberglawfirm.com\/attorney\/\" data-type=\"link\" data-id=\"https:\/\/www.steinberglawfirm.com\/attorney\/\" target=\"_blank\" rel=\"noopener\">nuestros abogados especializados en lesiones<\/a>.<\/p>","protected":false},"excerpt":{"rendered":"<p>South Carolina Abogados de accidentes de camiones madereros \u00bfLastimado por un cami\u00f3n maderero? Los experimentados abogados de accidentes de camiones madereros South Carolina de Steinberg Law Firm pueden ayudarle. La tala de \u00e1rboles desempe\u00f1a un papel importante en la econom\u00eda estadounidense. Los \u00e1rboles talados son una fuente sostenible de papel, materiales de construcci\u00f3n y muchos otros recursos.  La Oficina de Estad\u00edsticas Laborales de EE.UU. estima...<\/p>","protected":false},"author":1,"featured_media":28643,"parent":175,"menu_order":0,"comment_status":"closed","ping_status":"closed","template":"","meta":{"_acf_changed":false,"footnotes":""},"class_list":["post-28638","page","type-page","status-publish","has-post-thumbnail","hentry"],"acf":[],"_links":{"self":[{"href":"https:\/\/steinberglawfirm-staging.clmcloud.app\/es\/wp-json\/wp\/v2\/pages\/28638"}],"collection":[{"href":"https:\/\/steinberglawfirm-staging.clmcloud.app\/es\/wp-json\/wp\/v2\/pages"}],"about":[{"href":"https:\/\/steinberglawfirm-staging.clmcloud.app\/es\/wp-json\/wp\/v2\/types\/page"}],"author":[{"embeddable":true,"href":"https:\/\/steinberglawfirm-staging.clmcloud.app\/es\/wp-json\/wp\/v2\/users\/1"}],"replies":[{"embeddable":true,"href":"https:\/\/steinberglawfirm-staging.clmcloud.app\/es\/wp-json\/wp\/v2\/comments?post=28638"}],"version-history":[{"count":2,"href":"https:\/\/steinberglawfirm-staging.clmcloud.app\/es\/wp-json\/wp\/v2\/pages\/28638\/revisions"}],"predecessor-version":[{"id":28642,"href":"https:\/\/steinberglawfirm-staging.clmcloud.app\/es\/wp-json\/wp\/v2\/pages\/28638\/revisions\/28642"}],"up":[{"embeddable":true,"href":"https:\/\/steinberglawfirm-staging.clmcloud.app\/es\/wp-json\/wp\/v2\/pages\/175"}],"wp:featuredmedia":[{"embeddable":true,"href":"https:\/\/steinberglawfirm-staging.clmcloud.app\/es\/wp-json\/wp\/v2\/media\/28643"}],"wp:attachment":[{"href":"https:\/\/steinberglawfirm-staging.clmcloud.app\/es\/wp-json\/wp\/v2\/media?parent=28638"}],"curies":[{"name":"wp","href":"https:\/\/api.w.org\/{rel}","templated":true}]}}