{"id":2862,"date":"2017-08-30T23:41:32","date_gmt":"2017-08-30T23:41:32","guid":{"rendered":"https:\/\/www.steinberglawfirm.com\/?page_id=2862"},"modified":"2023-08-10T17:48:21","modified_gmt":"2023-08-10T17:48:21","slug":"the-hazardous-effects-of-speeding","status":"publish","type":"page","link":"https:\/\/steinberglawfirm-staging.clmcloud.app\/es\/articulos\/los-efectos-peligrosos-del-exceso-de-velocidad\/","title":{"rendered":"Los efectos peligrosos del exceso de velocidad"},"content":{"rendered":"<h1 class=\"wp-block-heading\">Los efectos peligrosos del exceso de velocidad<\/h1>\n\n\n\n<div style=\"height:15px\" aria-hidden=\"true\" class=\"wp-block-spacer\"><\/div>\n\n\n\n<p>A pesar de la presencia de numerosas se\u00f1ales de l\u00edmite de velocidad a lo largo de la carretera, algunos automovilistas siguen optando por operar sus veh\u00edculos a velocidades excesivas en violaci\u00f3n directa de la ley. Ocasionalmente, estos conductores imprudentes son citados por su incumplimiento del l\u00edmite legal, pero las multas que se les pide que paguen por estas citaciones palidecen en comparaci\u00f3n con el grado de da\u00f1o que se puede hacer cuando eventualmente causan una colisi\u00f3n.<\/p>\n\n\n\n<p>Si usted ha resultado herido en un accidente de tr\u00e1fico causado por la velocidad excesiva de otro conductor, puede tener derecho a solicitar una compensaci\u00f3n econ\u00f3mica a trav\u00e9s de una demanda civil. Una acci\u00f3n legal exitosa puede ganarle los recursos necesarios para hacer frente a sus gastos m\u00e9dicos, reparaciones del autom\u00f3vil y otros da\u00f1os. P\u00f3ngase en contacto con los abogados especializados en accidentes de tr\u00e1fico Charleston del\u00a0<a href=\"https:\/\/www.steinberglawfirm.com\/about-us\/\" target=\"_blank\" rel=\"noopener\">Steinberg Law Firm<\/a>\u00a0en\u00a0<a href=\"tel:1-843-720-2800\">843-720-2800<\/a>.<\/p>\n\n\n\n<p><strong>C\u00d3MO EL EXCESO DE VELOCIDAD COMPROMETE LA CONDUCCI\u00d3N<\/strong><\/p>\n\n\n\n<p>El exceso de velocidad no s\u00f3lo empeora los efectos de una colisi\u00f3n. Aumenta las posibilidades de sufrir un accidente de tr\u00e1fico al comprometer la conducci\u00f3n de las siguientes maneras:<\/p>\n\n\n\n<ul class=\"wp-block-list\">\n<li>Aumenta la distancia de frenado necesaria<\/li>\n\n\n\n<li>Limita el control del conductor en los giros o curvas de la carretera<\/li>\n\n\n\n<li>Reduce el tiempo de reacci\u00f3n para responder a fen\u00f3menos viales inesperados<\/li>\n<\/ul>\n\n\n\n<p>El impulso de acelerar est\u00e1 motivado por muchas preocupaciones diferentes. Quiz\u00e1 la m\u00e1s com\u00fan sea la percepci\u00f3n err\u00f3nea de que el exceso de velocidad le har\u00e1 llegar a su destino mucho m\u00e1s r\u00e1pido.<\/p>\n\n\n\n<p>En realidad, esto depende de la distancia que se vaya a recorrer y de la duraci\u00f3n del viaje, pero para la mayor\u00eda de los viajes la ventaja es una cuesti\u00f3n que se mide en segundos y no en minutos. Esto significa que el exceso de velocidad es, por lo general, innecesario, adem\u00e1s de muy peligroso.<\/p>\n\n\n\n<figure class=\"wp-block-embed is-type-video is-provider-youtube wp-block-embed-youtube wp-embed-aspect-16-9 wp-has-aspect-ratio\"><div class=\"wp-block-embed__wrapper\">\n<iframe loading=\"lazy\" title=\"La tragedia de un accidente de coche o cami\u00f3n s\u00f3lo tarda segundos en producirse\" width=\"500\" height=\"281\" src=\"https:\/\/www.youtube.com\/embed\/226ppZLyFxc?feature=oembed\" frameborder=\"0\" allow=\"accelerometer; autoplay; clipboard-write; encrypted-media; gyroscope; picture-in-picture; web-share\" referrerpolicy=\"strict-origin-when-cross-origin\" allowfullscreen><\/iframe>\n<\/div><\/figure>\n\n\n\n<h2 class=\"wp-block-heading\">Abogados de lesiones personales que representan a Charleston y \u00e1reas cercanas de South Carolina<\/h2>\n\n\n\n<p><strong>CONTACTAR CON NOSOTROS<\/strong><\/p>\n\n\n\n<p>Perm\u00edtanos ayudarle a luchar por la indemnizaci\u00f3n que le corresponde si ha sido v\u00edctima del exceso de velocidad de otro conductor.\u00a0<a href=\"https:\/\/www.steinberglawfirm.com\/contact-us\/\" target=\"_blank\" rel=\"noopener\">Contacte con<\/a>\u00a0el\u00a0<a href=\"https:\/\/www.steinberglawfirm.com\/practice-areas\/personal-injury\/\" target=\"_blank\" rel=\"noopener\">Charleston abogados de da\u00f1os personales<\/a> del Steinberg Law Firm en <a href=\"tel:1-843-720-2800\">843-720-2800<\/a> para consultar a una empresa que lleva m\u00e1s de 95 a\u00f1os representando a los residentes del South Carolina.<\/p>","protected":false},"excerpt":{"rendered":"<p>Los efectos peligrosos del exceso de velocidad A pesar de la presencia de numerosas se\u00f1ales de l\u00edmite de velocidad a lo largo de la carretera, algunos automovilistas siguen optando por conducir sus veh\u00edculos a velocidades excesivas, violando directamente la ley. Ocasionalmente, estos conductores imprudentes son citados por su incumplimiento del l\u00edmite legal, pero las multas que se les...<\/p>","protected":false},"author":1,"featured_media":15196,"parent":2195,"menu_order":0,"comment_status":"closed","ping_status":"closed","template":"","meta":{"_acf_changed":false,"footnotes":""},"class_list":["post-2862","page","type-page","status-publish","has-post-thumbnail","hentry"],"acf":[],"_links":{"self":[{"href":"https:\/\/steinberglawfirm-staging.clmcloud.app\/es\/wp-json\/wp\/v2\/pages\/2862"}],"collection":[{"href":"https:\/\/steinberglawfirm-staging.clmcloud.app\/es\/wp-json\/wp\/v2\/pages"}],"about":[{"href":"https:\/\/steinberglawfirm-staging.clmcloud.app\/es\/wp-json\/wp\/v2\/types\/page"}],"author":[{"embeddable":true,"href":"https:\/\/steinberglawfirm-staging.clmcloud.app\/es\/wp-json\/wp\/v2\/users\/1"}],"replies":[{"embeddable":true,"href":"https:\/\/steinberglawfirm-staging.clmcloud.app\/es\/wp-json\/wp\/v2\/comments?post=2862"}],"version-history":[{"count":3,"href":"https:\/\/steinberglawfirm-staging.clmcloud.app\/es\/wp-json\/wp\/v2\/pages\/2862\/revisions"}],"predecessor-version":[{"id":26719,"href":"https:\/\/steinberglawfirm-staging.clmcloud.app\/es\/wp-json\/wp\/v2\/pages\/2862\/revisions\/26719"}],"up":[{"embeddable":true,"href":"https:\/\/steinberglawfirm-staging.clmcloud.app\/es\/wp-json\/wp\/v2\/pages\/2195"}],"wp:featuredmedia":[{"embeddable":true,"href":"https:\/\/steinberglawfirm-staging.clmcloud.app\/es\/wp-json\/wp\/v2\/media\/15196"}],"wp:attachment":[{"href":"https:\/\/steinberglawfirm-staging.clmcloud.app\/es\/wp-json\/wp\/v2\/media?parent=2862"}],"curies":[{"name":"wp","href":"https:\/\/api.w.org\/{rel}","templated":true}]}}