{"id":2860,"date":"2017-08-30T23:40:28","date_gmt":"2017-08-30T23:40:28","guid":{"rendered":"https:\/\/www.steinberglawfirm.com\/?page_id=2860"},"modified":"2022-04-19T23:13:06","modified_gmt":"2022-04-19T23:13:06","slug":"the-attractive-nuisance-doctrine","status":"publish","type":"page","link":"https:\/\/steinberglawfirm-staging.clmcloud.app\/es\/articulos\/la-doctrina-de-la-molestia-atractiva\/","title":{"rendered":"La doctrina de la molestia atractiva"},"content":{"rendered":"<h1 class=\"wp-block-heading\">La doctrina de la molestia atractiva<\/h1>\n\n\n\n<div style=\"height:15px\" aria-hidden=\"true\" class=\"wp-block-spacer\"><\/div>\n\n\n\n<p><a href=\"https:\/\/www.steinberglawfirm.com\/practice-areas\/premises-liability\/\" target=\"_blank\" rel=\"noopener\">Responsabilidad civil de los locales<\/a>&nbsp;La doctrina de la molestia atractiva es un \u00e1rea del derecho de da\u00f1os que permite a los visitantes de una propiedad interponer una acci\u00f3n civil contra el propietario si resultan heridos como consecuencia de su negligencia. La doctrina de la molestia atractiva ampl\u00eda esta noci\u00f3n para incluir la afirmaci\u00f3n de que un propietario puede ser considerado legalmente responsable de las lesiones sufridas por los ni\u00f1os que entran en una propiedad debido al atractivo de un objeto o condici\u00f3n particular.<\/p>\n\n\n\n<p>Si su hijo se ha lesionado al invadir un terreno, puede ser conveniente considerar los m\u00e9ritos de una posible acci\u00f3n legal. Una demanda de molestia atractiva que tenga \u00e9xito puede ayudar a obtener la compensaci\u00f3n financiera que es necesaria para hacer frente a las facturas m\u00e9dicas y otras preocupaciones asociadas a un accidente. P\u00f3ngase en contacto con el <a href=\"https:\/\/www.steinberglawfirm.com\/practice-areas\/personal-injury\/\" target=\"_blank\" rel=\"noopener\">Charleston abogados de da\u00f1os personales<\/a> de la&nbsp;<a href=\"https:\/\/www.steinberglawfirm.com\/about-us\/\" target=\"_blank\" rel=\"noopener\">Steinberg Law Firm<\/a>&nbsp;al 843-720-2800 para m\u00e1s informaci\u00f3n.<\/p>\n\n\n\n<p><strong>COMPRENSI\u00d3N DE LAS MOLESTIAS ATRACTIVAS<\/strong><\/p>\n\n\n\n<p>Antes de emprender una batalla legal posiblemente contenciosa, es importante que entienda que no todas las lesiones sufridas por un menor que entra sin autorizaci\u00f3n pueden ser compensadas de acuerdo con la doctrina de la molestia atractiva. Los propietarios han sido considerados responsables de la presencia de camas el\u00e1sticas, piscinas, pilas de madera y otros objetos peligrosos.<br>tes. Algunas de las consideraciones importantes que pueden tenerse en cuenta son las siguientes:<\/p>\n\n\n\n<ul class=\"wp-block-list\"><li>El propietario debe tener motivos para esperar razonablemente que los ni\u00f1os puedan entrar sin autorizaci\u00f3n debido a la ubicaci\u00f3n<\/li><li>El propietario debe tener razones para creer que un objeto o condici\u00f3n presente puede causar lesiones graves o la muerte<\/li><li>Los ni\u00f1os carecen de la conciencia, la experiencia y otras habilidades necesarias para apreciar plenamente el peligro<\/li><li>El propietario no toma medidas suficientes para evitar que se produzcan accidentes<\/li><\/ul>\n\n\n\n<h2 class=\"wp-block-heading\">Abogados de lesiones personales que representan a Charleston y \u00e1reas cercanas de South Carolina<\/h2>\n\n\n\n<p><strong>CONTACTAR CON NOSOTROS<\/strong><\/p>\n\n\n\n<p>South Carolina los casos de molestias atractivas pueden ser bastante complejos. Para obtener un representante legal capacitado y con experiencia, p\u00f3ngase en contacto con los abogados de lesiones personales del Charleston del Steinberg Law Firm hoy mismo en el 843-720-2800.<\/p>","protected":false},"excerpt":{"rendered":"<p>La doctrina de la molestia atractiva La ley de responsabilidad de los locales es un \u00e1rea del derecho de responsabilidad civil que permite a los hu\u00e9spedes de una propiedad iniciar una acci\u00f3n civil contra el propietario si resultan heridos como consecuencia de su negligencia. La doctrina de la molestia atractiva ampl\u00eda esta noci\u00f3n para incluir la afirmaci\u00f3n de que un propietario puede ser...<\/p>","protected":false},"author":1,"featured_media":5589,"parent":2195,"menu_order":0,"comment_status":"closed","ping_status":"closed","template":"","meta":{"_acf_changed":false,"footnotes":""},"class_list":["post-2860","page","type-page","status-publish","has-post-thumbnail","hentry"],"acf":[],"_links":{"self":[{"href":"https:\/\/steinberglawfirm-staging.clmcloud.app\/es\/wp-json\/wp\/v2\/pages\/2860"}],"collection":[{"href":"https:\/\/steinberglawfirm-staging.clmcloud.app\/es\/wp-json\/wp\/v2\/pages"}],"about":[{"href":"https:\/\/steinberglawfirm-staging.clmcloud.app\/es\/wp-json\/wp\/v2\/types\/page"}],"author":[{"embeddable":true,"href":"https:\/\/steinberglawfirm-staging.clmcloud.app\/es\/wp-json\/wp\/v2\/users\/1"}],"replies":[{"embeddable":true,"href":"https:\/\/steinberglawfirm-staging.clmcloud.app\/es\/wp-json\/wp\/v2\/comments?post=2860"}],"version-history":[{"count":1,"href":"https:\/\/steinberglawfirm-staging.clmcloud.app\/es\/wp-json\/wp\/v2\/pages\/2860\/revisions"}],"predecessor-version":[{"id":20016,"href":"https:\/\/steinberglawfirm-staging.clmcloud.app\/es\/wp-json\/wp\/v2\/pages\/2860\/revisions\/20016"}],"up":[{"embeddable":true,"href":"https:\/\/steinberglawfirm-staging.clmcloud.app\/es\/wp-json\/wp\/v2\/pages\/2195"}],"wp:featuredmedia":[{"embeddable":true,"href":"https:\/\/steinberglawfirm-staging.clmcloud.app\/es\/wp-json\/wp\/v2\/media\/5589"}],"wp:attachment":[{"href":"https:\/\/steinberglawfirm-staging.clmcloud.app\/es\/wp-json\/wp\/v2\/media?parent=2860"}],"curies":[{"name":"wp","href":"https:\/\/api.w.org\/{rel}","templated":true}]}}