{"id":2858,"date":"2017-08-30T23:39:34","date_gmt":"2017-08-30T23:39:34","guid":{"rendered":"https:\/\/www.steinberglawfirm.com\/?page_id=2858"},"modified":"2022-04-19T23:12:45","modified_gmt":"2022-04-19T23:12:45","slug":"suturing-errors","status":"publish","type":"page","link":"https:\/\/steinberglawfirm-staging.clmcloud.app\/es\/articulos\/sutura-errores\/","title":{"rendered":"Errores de sutura"},"content":{"rendered":"<h1 class=\"wp-block-heading\">Errores de sutura<\/h1>\n\n\n\n<div style=\"height:15px\" aria-hidden=\"true\" class=\"wp-block-spacer\"><\/div>\n\n\n\n<p>Durante una operaci\u00f3n, hay muchas tareas diferentes que deben realizarse correctamente para evitar que el paciente sufra complicaciones innecesarias. Un tipo de error quir\u00fargico especialmente frustrante y potencialmente peligroso consiste en cerrar la abertura quir\u00fargica. Los errores de sutura pueden causar un dolor agudo y pueden provocar graves efectos adversos para la salud del paciente.<\/p>\n\n\n\n<p>Si usted o un ser querido ha sufrido una complicaci\u00f3n derivada de errores de sutura, la <a href=\"https:\/\/www.steinberglawfirm.com\/practice-areas\/medical-malpractice\/\" target=\"_blank\" rel=\"noopener\">Charleston abogados de negligencia m\u00e9dica<\/a>&nbsp;de la&nbsp;<a href=\"https:\/\/www.steinberglawfirm.com\/about-us\/\" target=\"_blank\" rel=\"noopener\">Steinberg Law Firm<\/a>&nbsp;puede ser capaz de ayudar. P\u00f3ngase en contacto con nuestras oficinas en el 843-720-2800 para discutir sus derechos legales y los m\u00e9ritos potenciales de una demanda civil en su caso.<\/p>\n\n\n\n<p><strong>PELIGROS ASOCIADOS A LOS ERRORES DE SUTURA<\/strong><\/p>\n\n\n\n<p>Un profano puede considerar que la sutura de una zona quir\u00fargica es quiz\u00e1 la parte m\u00e1s sencilla de un procedimiento. Sin embargo, una sutura adecuada es fundamental para garantizar el bienestar y la recuperaci\u00f3n del paciente. Si una incisi\u00f3n o herida se cierra de forma incorrecta, la persona puede correr el riesgo de sufrir graves problemas de salud, como por ejemplo<\/p>\n\n\n\n<ul class=\"wp-block-list\"><li>Desgarro de la piel alrededor de las suturas<\/li><li>Sangrado excesivo<\/li><li>Mayor riesgo de infecci\u00f3n<\/li><li>Cicatrices o desfiguraci\u00f3n<\/li><li>Da\u00f1os en el tejido circundante<\/li><li>Empeoramiento de la condici\u00f3n original<\/li><\/ul>\n\n\n\n<p>Es importante que los cirujanos y otros profesionales de la medicina que participan en la realizaci\u00f3n de cualquier procedimiento quir\u00fargico se atengan a las normas m\u00e1s estrictas de atenci\u00f3n. Los fallos que provocan da\u00f1os a los pacientes pueden justificar la interposici\u00f3n de acciones legales. Esto puede servir no s\u00f3lo para responsabilizarlos, sino tambi\u00e9n para obtener una compensaci\u00f3n econ\u00f3mica por las facturas m\u00e9dicas y otros da\u00f1os.<\/p>\n\n\n\n<h2 class=\"wp-block-heading\">Abogados de lesiones personales que representan a Charleston y \u00e1reas cercanas de South Carolina<\/h2>\n\n\n\n<p><strong>CONTACTAR CON NOSOTROS<\/strong><\/p>\n\n\n\n<p>Si usted o un ser querido ha sufrido un error de sutura y est\u00e1 lidiando con los costes m\u00e9dicos y el dolor f\u00edsico subsiguientes, puede tener derecho a una compensaci\u00f3n econ\u00f3mica. P\u00f3ngase en contacto con los abogados de negligencia m\u00e9dica de la Charleston en el 843-720-2800 para hablar con un abogado experto hoy mismo.<\/p>","protected":false},"excerpt":{"rendered":"<p>Errores de sutura Durante una operaci\u00f3n, hay muchas tareas diferentes que deben realizarse correctamente para evitar que el paciente sufra complicaciones innecesarias. Un tipo de error quir\u00fargico especialmente frustrante y potencialmente peligroso consiste en cerrar la abertura quir\u00fargica. Los errores de sutura pueden causar dolor agudo y pueden provocar graves efectos adversos para la salud de...<\/p>","protected":false},"author":1,"featured_media":18839,"parent":2195,"menu_order":0,"comment_status":"closed","ping_status":"closed","template":"","meta":{"_acf_changed":false,"footnotes":""},"class_list":["post-2858","page","type-page","status-publish","has-post-thumbnail","hentry"],"acf":[],"_links":{"self":[{"href":"https:\/\/steinberglawfirm-staging.clmcloud.app\/es\/wp-json\/wp\/v2\/pages\/2858"}],"collection":[{"href":"https:\/\/steinberglawfirm-staging.clmcloud.app\/es\/wp-json\/wp\/v2\/pages"}],"about":[{"href":"https:\/\/steinberglawfirm-staging.clmcloud.app\/es\/wp-json\/wp\/v2\/types\/page"}],"author":[{"embeddable":true,"href":"https:\/\/steinberglawfirm-staging.clmcloud.app\/es\/wp-json\/wp\/v2\/users\/1"}],"replies":[{"embeddable":true,"href":"https:\/\/steinberglawfirm-staging.clmcloud.app\/es\/wp-json\/wp\/v2\/comments?post=2858"}],"version-history":[{"count":1,"href":"https:\/\/steinberglawfirm-staging.clmcloud.app\/es\/wp-json\/wp\/v2\/pages\/2858\/revisions"}],"predecessor-version":[{"id":20015,"href":"https:\/\/steinberglawfirm-staging.clmcloud.app\/es\/wp-json\/wp\/v2\/pages\/2858\/revisions\/20015"}],"up":[{"embeddable":true,"href":"https:\/\/steinberglawfirm-staging.clmcloud.app\/es\/wp-json\/wp\/v2\/pages\/2195"}],"wp:featuredmedia":[{"embeddable":true,"href":"https:\/\/steinberglawfirm-staging.clmcloud.app\/es\/wp-json\/wp\/v2\/media\/18839"}],"wp:attachment":[{"href":"https:\/\/steinberglawfirm-staging.clmcloud.app\/es\/wp-json\/wp\/v2\/media?parent=2858"}],"curies":[{"name":"wp","href":"https:\/\/api.w.org\/{rel}","templated":true}]}}