{"id":2854,"date":"2017-08-30T23:38:11","date_gmt":"2017-08-30T23:38:11","guid":{"rendered":"https:\/\/www.steinberglawfirm.com\/?page_id=2854"},"modified":"2022-04-19T23:11:32","modified_gmt":"2022-04-19T23:11:32","slug":"stadium-negligence-and-spectator-injuries","status":"publish","type":"page","link":"https:\/\/steinberglawfirm-staging.clmcloud.app\/es\/articulos\/negligencia-en-el-estadio-y-lesiones-de-los-espectadores\/","title":{"rendered":"Negligencia en los estadios y lesiones de los espectadores"},"content":{"rendered":"<h1 class=\"wp-block-heading\">Negligencia en los estadios y lesiones de los espectadores<\/h1>\n\n\n\n<div style=\"height:15px\" aria-hidden=\"true\" class=\"wp-block-spacer\"><\/div>\n\n\n\n<p>Una persona acude a un estadio con la intenci\u00f3n de disfrutar de cualquier partido o evento que se presente, y luego volver a casa sin problemas. Lamentablemente, algunos espectadores ven sus salidas acortadas o arruinadas. Muchos estadios de Estados Unidos son edificios antiguos que rara vez se han renovado o reparado por completo. Por ello, algunos de estos edificios pueden no cumplir las normas de seguridad razonables. Estos edificios suponen una amenaza para todos los espectadores de una instalaci\u00f3n, ya que pueden causar lesiones graves.<\/p>\n\n\n\n<p>Para saber m\u00e1s sobre sus opciones legales si se ha lesionado en un estadio, p\u00f3ngase en contacto con el&nbsp;<a href=\"https:\/\/www.steinberglawfirm.com\/practice-areas\/premises-liability\/\" target=\"_blank\" rel=\"noopener\">Charleston abogados de responsabilidad civil de locales<\/a>&nbsp;de la&nbsp;<a href=\"https:\/\/www.steinberglawfirm.com\/about-us\/\" target=\"_blank\" rel=\"noopener\">Steinberg Law Firm<\/a>&nbsp;al 843-720-2800 hoy mismo.<\/p>\n\n\n\n<p><strong>VIOLACIONES DE LA SEGURIDAD DE LOS EDIFICIOS Y DE LOS ESTADIOS<\/strong><\/p>\n\n\n\n<p>El propietario o los agentes de un estadio tienen la responsabilidad b\u00e1sica de mantener la seguridad de sus instalaciones. Estos individuos pueden no trabajar para mantener adecuadamente los asientos o las caracter\u00edsticas del edificio, abriendo a los asistentes a los peligros de un accidente. Los accidentes en estos campos y parques pueden dar lugar a lesiones graves que requieren atenci\u00f3n m\u00e9dica. Pueden producirse los siguientes problemas:<\/p>\n\n\n\n<ul class=\"wp-block-list\"><li>Lesiones por ca\u00edda debido a la falta de una barandilla suficiente<\/li><li>Lesiones por resbalones y ca\u00eddas en superficies resbaladizas<\/li><li>Lesiones por ca\u00edda de objetos por falta de redes de seguridad<\/li><li>Heridos por un incendio debido a la insuficiencia de las medidas de prevenci\u00f3n de incendios<\/li><li>Lesiones en ascensores y escaleras mec\u00e1nicas<\/li><\/ul>\n\n\n\n<p>Los costes del tratamiento de estas lesiones pueden resultar demasiado elevados para muchos clientes, a\u00f1adiendo el insulto financiero a la lesi\u00f3n f\u00edsica, incluso si tienen una cobertura de seguro m\u00e9dico razonable. Esta es una de las razones por las que es muy aconsejable consultar con un abogado experto y con experiencia, ya que puede ser capaz de recuperar la compensaci\u00f3n financiera a trav\u00e9s de una demanda civil.<\/p>\n\n\n\n<h2 class=\"wp-block-heading\">Abogados de lesiones personales que representan a Charleston y \u00e1reas cercanas de South Carolina<\/h2>\n\n\n\n<p><strong>CONTACTAR CON NOSOTROS<\/strong><\/p>\n\n\n\n<p>Si usted o un ser querido ha sufrido una lesi\u00f3n grave debido a la negligencia de un administrador de la propiedad del estadio, es posible que desee considerar la acci\u00f3n legal. Para obtener m\u00e1s informaci\u00f3n sobre sus opciones, p\u00f3ngase en contacto con los abogados de lesiones en estadios del Charleston hoy llamando al 843-720-2800.<\/p>","protected":false},"excerpt":{"rendered":"<p>Negligencia en los estadios y lesiones de los espectadores Una persona va a un estadio planeando disfrutar de cualquier juego o evento que se presente, y luego volver a casa con seguridad despu\u00e9s. Lamentablemente, algunos espectadores ven sus salidas acortadas o arruinadas. Muchos estadios de los Estados Unidos son edificios antiguos que rara vez han sido renovados o reparados por completo. Como...<\/p>","protected":false},"author":1,"featured_media":5589,"parent":2195,"menu_order":0,"comment_status":"closed","ping_status":"closed","template":"","meta":{"_acf_changed":false,"footnotes":""},"class_list":["post-2854","page","type-page","status-publish","has-post-thumbnail","hentry"],"acf":[],"_links":{"self":[{"href":"https:\/\/steinberglawfirm-staging.clmcloud.app\/es\/wp-json\/wp\/v2\/pages\/2854"}],"collection":[{"href":"https:\/\/steinberglawfirm-staging.clmcloud.app\/es\/wp-json\/wp\/v2\/pages"}],"about":[{"href":"https:\/\/steinberglawfirm-staging.clmcloud.app\/es\/wp-json\/wp\/v2\/types\/page"}],"author":[{"embeddable":true,"href":"https:\/\/steinberglawfirm-staging.clmcloud.app\/es\/wp-json\/wp\/v2\/users\/1"}],"replies":[{"embeddable":true,"href":"https:\/\/steinberglawfirm-staging.clmcloud.app\/es\/wp-json\/wp\/v2\/comments?post=2854"}],"version-history":[{"count":1,"href":"https:\/\/steinberglawfirm-staging.clmcloud.app\/es\/wp-json\/wp\/v2\/pages\/2854\/revisions"}],"predecessor-version":[{"id":20014,"href":"https:\/\/steinberglawfirm-staging.clmcloud.app\/es\/wp-json\/wp\/v2\/pages\/2854\/revisions\/20014"}],"up":[{"embeddable":true,"href":"https:\/\/steinberglawfirm-staging.clmcloud.app\/es\/wp-json\/wp\/v2\/pages\/2195"}],"wp:featuredmedia":[{"embeddable":true,"href":"https:\/\/steinberglawfirm-staging.clmcloud.app\/es\/wp-json\/wp\/v2\/media\/5589"}],"wp:attachment":[{"href":"https:\/\/steinberglawfirm-staging.clmcloud.app\/es\/wp-json\/wp\/v2\/media?parent=2854"}],"curies":[{"name":"wp","href":"https:\/\/api.w.org\/{rel}","templated":true}]}}