{"id":2850,"date":"2017-08-30T23:36:02","date_gmt":"2017-08-30T23:36:02","guid":{"rendered":"https:\/\/www.steinberglawfirm.com\/?page_id=2850"},"modified":"2022-06-30T19:10:03","modified_gmt":"2022-06-30T19:10:03","slug":"signs-of-nursing-home-abuse","status":"publish","type":"page","link":"https:\/\/steinberglawfirm-staging.clmcloud.app\/es\/articulos\/signos-de-abuso-en-casa-de-enfermeria\/","title":{"rendered":"Se\u00f1ales de maltrato en residencias de ancianos"},"content":{"rendered":"<h1 class=\"wp-block-heading\">Se\u00f1ales de maltrato en residencias de ancianos<\/h1>\n\n\n\n<div style=\"height:15px\" aria-hidden=\"true\" class=\"wp-block-spacer\"><\/div>\n\n\n\n<p>El papel de las residencias de ancianos en el cuidado de las personas mayores que no pueden vivir por s\u00ed mismas es cada vez m\u00e1s importante, ya que el envejecimiento de la poblaci\u00f3n estadounidense exige que cada vez m\u00e1s familias consideren esta opci\u00f3n. Aunque las residencias de ancianos prestan un servicio inestimable, tambi\u00e9n entra\u00f1an riesgos. En particular,&nbsp;<a href=\"https:\/\/www.steinberglawfirm.com\/practice-areas\/nursing-home-abuse\/\" target=\"_blank\" rel=\"noopener\">abuso en residencias de ancianos<\/a>&nbsp;es un fen\u00f3meno preocupante que afecta a un n\u00famero considerable de personas mayores en todo el pa\u00eds.<\/p>\n\n\n\n<p>El maltrato en las residencias de ancianos puede adoptar muchas formas, y la triste verdad es que a menudo puede ser dif\u00edcil para los familiares reconocer este problema, especialmente si su pariente tiene problemas para comunicarse eficazmente. Por esta raz\u00f3n, es importante que las familias cuyos seres queridos viven en un hogar de ancianos sean capaces de identificar las se\u00f1ales de advertencia que pueden indicar que se est\u00e1 produciendo un abuso en el hogar de ancianos.<\/p>\n\n\n\n<p><strong>SE\u00d1ALES DE ADVERTENCIA DE ABUSO EN RESIDENCIAS DE ANCIANOS<\/strong><\/p>\n\n\n\n<p>Los siguientes son algunos de los signos de advertencia m\u00e1s com\u00fanmente reconocidos que demuestran que puede haberse producido un abuso:<\/p>\n\n\n\n<ul class=\"wp-block-list\"><li>Desnutrici\u00f3n<\/li><li>Deshidrataci\u00f3n<\/li><li>Cambios r\u00e1pidos o inexplicables en el estado emocional<\/li><li>Aparici\u00f3n de \u00falceras de dec\u00fabito o cortes y hematomas<\/li><li>Mal humor \/ retraimiento<\/li><\/ul>\n\n\n\n<p>Estas y otras se\u00f1ales de advertencia pueden ser un indicador precoz de que su familiar ha sido v\u00edctima de malos tratos, y deben tomarse en serio.<\/p>\n\n\n\n<h2 class=\"wp-block-heading\">Abogados de lesiones personales que representan a Charleston y \u00e1reas cercanas de South Carolina<\/h2>\n\n\n\n<p><strong>CONTACTE A UN ABOGADO DE ABUSO DE HOGAR DE ANCIANOS EN CHARLESTON<\/strong><\/p>\n\n\n\n<p>Si su ser querido ha sufrido abusos o negligencia en una residencia de ancianos, puede ser necesario emprender acciones legales para hacer justicia y poner fin a los abusos. <a href=\"https:\/\/www.steinberglawfirm.com\/contact-us\/\" target=\"_blank\" rel=\"noopener\">P\u00f3ngase en contacto con el equipo jur\u00eddico de Charleston<\/a> en el\u00a0<a href=\"https:\/\/www.steinberglawfirm.com\/about-us\/\" target=\"_blank\" rel=\"noopener\">Steinberg Law Firm<\/a>\u00a0hoy por <a href=\"tel:1-843-720-2800\">llamando al 843-720-2800<\/a>\u00a0para saber m\u00e1s sobre lo que podemos hacer para ayudar.<\/p>","protected":false},"excerpt":{"rendered":"<p>Se\u00f1ales de abuso en residencias de ancianos El papel de las residencias de ancianos en el cuidado de las personas mayores que no pueden vivir por s\u00ed mismas es cada vez m\u00e1s importante, ya que el envejecimiento de la poblaci\u00f3n estadounidense exige que cada vez m\u00e1s familias consideren esta opci\u00f3n. Aunque las residencias de ancianos proporcionan un servicio inestimable, tambi\u00e9n conllevan riesgos....<\/p>","protected":false},"author":1,"featured_media":19836,"parent":2195,"menu_order":0,"comment_status":"closed","ping_status":"closed","template":"","meta":{"_acf_changed":false,"footnotes":""},"class_list":["post-2850","page","type-page","status-publish","has-post-thumbnail","hentry"],"acf":[],"_links":{"self":[{"href":"https:\/\/steinberglawfirm-staging.clmcloud.app\/es\/wp-json\/wp\/v2\/pages\/2850"}],"collection":[{"href":"https:\/\/steinberglawfirm-staging.clmcloud.app\/es\/wp-json\/wp\/v2\/pages"}],"about":[{"href":"https:\/\/steinberglawfirm-staging.clmcloud.app\/es\/wp-json\/wp\/v2\/types\/page"}],"author":[{"embeddable":true,"href":"https:\/\/steinberglawfirm-staging.clmcloud.app\/es\/wp-json\/wp\/v2\/users\/1"}],"replies":[{"embeddable":true,"href":"https:\/\/steinberglawfirm-staging.clmcloud.app\/es\/wp-json\/wp\/v2\/comments?post=2850"}],"version-history":[{"count":2,"href":"https:\/\/steinberglawfirm-staging.clmcloud.app\/es\/wp-json\/wp\/v2\/pages\/2850\/revisions"}],"predecessor-version":[{"id":22181,"href":"https:\/\/steinberglawfirm-staging.clmcloud.app\/es\/wp-json\/wp\/v2\/pages\/2850\/revisions\/22181"}],"up":[{"embeddable":true,"href":"https:\/\/steinberglawfirm-staging.clmcloud.app\/es\/wp-json\/wp\/v2\/pages\/2195"}],"wp:featuredmedia":[{"embeddable":true,"href":"https:\/\/steinberglawfirm-staging.clmcloud.app\/es\/wp-json\/wp\/v2\/media\/19836"}],"wp:attachment":[{"href":"https:\/\/steinberglawfirm-staging.clmcloud.app\/es\/wp-json\/wp\/v2\/media?parent=2850"}],"curies":[{"name":"wp","href":"https:\/\/api.w.org\/{rel}","templated":true}]}}