{"id":2848,"date":"2017-08-30T23:35:10","date_gmt":"2017-08-30T23:35:10","guid":{"rendered":"https:\/\/www.steinberglawfirm.com\/?page_id=2848"},"modified":"2022-04-19T23:09:01","modified_gmt":"2022-04-19T23:09:01","slug":"shoulder-dislocation","status":"publish","type":"page","link":"https:\/\/steinberglawfirm-staging.clmcloud.app\/es\/articulos\/luxacion-de-hombro\/","title":{"rendered":"Dislocaci\u00f3n del hombro"},"content":{"rendered":"<h2 class=\"wp-block-heading\">Abogados de lesiones personales que representan a Charleston y \u00e1reas cercanas de South Carolina<\/h2>\n\n\n\n<div style=\"height:15px\" aria-hidden=\"true\" class=\"wp-block-spacer\"><\/div>\n\n\n\n<p>En muchas situaciones que implican una lesi\u00f3n grave en el brazo o el hombro, el hombro puede salirse de su \u00f3rbita. Los hombros dislocados, aunque no son lesiones que pongan en peligro la vida, pueden causar una cantidad significativa de dolor o molestias para el individuo lesionado. Adem\u00e1s del problema de tener que volver a colocar el hueso en la cavidad, las lesiones por dislocaci\u00f3n pueden requerir un tiempo de recuperaci\u00f3n de los tendones da\u00f1ados, as\u00ed como un tratamiento de las lesiones causadas a los vasos sangu\u00edneos locales.<\/p>\n\n\n\n<p>Si ha sufrido una lesi\u00f3n grave debido a la conducta negligente de otra persona, puede tener motivos para emprender acciones legales. P\u00f3ngase en contacto con el&nbsp;<a href=\"https:\/\/www.steinberglawfirm.com\/practice-areas\/personal-injury\/\" target=\"_blank\" rel=\"noopener\">Charleston abogados de da\u00f1os personales<\/a>&nbsp;de la&nbsp;<a href=\"https:\/\/www.steinberglawfirm.com\/about-us\/\" target=\"_blank\" rel=\"noopener\">Steinberg Law Firm<\/a>&nbsp;llamando al 843-720-2800 para discutir sus opciones legales hoy.<\/p>\n\n\n\n<p><strong>S\u00cdNTOMAS DE UN HOMBRO DISLOCADO<\/strong><\/p>\n\n\n\n<p>Algunas de las causas m\u00e1s comunes de dislocaci\u00f3n del hombro son los traumatismos directos, sufridos durante acontecimientos como accidentes de tr\u00e1fico o ca\u00eddas. La electrocuci\u00f3n y las convulsiones tambi\u00e9n pueden generar la fuerza suficiente para dislocar el hombro.<\/p>\n\n\n\n<ul class=\"wp-block-list\"><li>Un cambio visible en el hombro<\/li><li>Falta de sensibilidad en el brazo y el hombro<\/li><li>Dolor o molestia alrededor del hombro y a trav\u00e9s del brazo<\/li><li>Incapacidad de rotar o mover el brazo desde una determinada posici\u00f3n<\/li><\/ul>\n\n\n\n<p>Tras el diagn\u00f3stico, la forma m\u00e1s habitual de tratamiento es colocar el brazo en un cabestrillo y evitar que el paciente lo mueva. Si el da\u00f1o en los tendones o en el tejido circundante requiere reparaciones m\u00e1s intensas, puede estar justificada la cirug\u00eda.<\/p>\n\n\n\n<p><strong>CONTACTAR CON NOSOTROS<\/strong><\/p>\n\n\n\n<p>Para una consulta gratuita sobre sus derechos y opciones si la negligencia de otra persona le ha causado da\u00f1os, p\u00f3ngase en contacto con los abogados de lesiones personales del Charleston en el 843-720-2800. Al emprender acciones legales, usted puede ser elegible para recibir una compensaci\u00f3n por las facturas m\u00e9dicas y otros gastos relacionados.<\/p>","protected":false},"excerpt":{"rendered":"<p>Abogados de lesiones personales que representan a Charleston y \u00e1reas cercanas de South Carolina En muchas situaciones que implican una lesi\u00f3n grave en el brazo o el hombro, el hombro puede salirse de su \u00f3rbita. Los hombros dislocados, aunque no son lesiones que pongan en peligro la vida, pueden causar una cantidad significativa de dolor o malestar para el individuo lesionado. Adem\u00e1s de la...<\/p>","protected":false},"author":1,"featured_media":20009,"parent":2195,"menu_order":0,"comment_status":"closed","ping_status":"closed","template":"","meta":{"_acf_changed":false,"footnotes":""},"class_list":["post-2848","page","type-page","status-publish","has-post-thumbnail","hentry"],"acf":[],"_links":{"self":[{"href":"https:\/\/steinberglawfirm-staging.clmcloud.app\/es\/wp-json\/wp\/v2\/pages\/2848"}],"collection":[{"href":"https:\/\/steinberglawfirm-staging.clmcloud.app\/es\/wp-json\/wp\/v2\/pages"}],"about":[{"href":"https:\/\/steinberglawfirm-staging.clmcloud.app\/es\/wp-json\/wp\/v2\/types\/page"}],"author":[{"embeddable":true,"href":"https:\/\/steinberglawfirm-staging.clmcloud.app\/es\/wp-json\/wp\/v2\/users\/1"}],"replies":[{"embeddable":true,"href":"https:\/\/steinberglawfirm-staging.clmcloud.app\/es\/wp-json\/wp\/v2\/comments?post=2848"}],"version-history":[{"count":1,"href":"https:\/\/steinberglawfirm-staging.clmcloud.app\/es\/wp-json\/wp\/v2\/pages\/2848\/revisions"}],"predecessor-version":[{"id":20011,"href":"https:\/\/steinberglawfirm-staging.clmcloud.app\/es\/wp-json\/wp\/v2\/pages\/2848\/revisions\/20011"}],"up":[{"embeddable":true,"href":"https:\/\/steinberglawfirm-staging.clmcloud.app\/es\/wp-json\/wp\/v2\/pages\/2195"}],"wp:featuredmedia":[{"embeddable":true,"href":"https:\/\/steinberglawfirm-staging.clmcloud.app\/es\/wp-json\/wp\/v2\/media\/20009"}],"wp:attachment":[{"href":"https:\/\/steinberglawfirm-staging.clmcloud.app\/es\/wp-json\/wp\/v2\/media?parent=2848"}],"curies":[{"name":"wp","href":"https:\/\/api.w.org\/{rel}","templated":true}]}}