{"id":2846,"date":"2017-08-30T23:34:01","date_gmt":"2017-08-30T23:34:01","guid":{"rendered":"https:\/\/www.steinberglawfirm.com\/?page_id=2846"},"modified":"2022-04-19T23:06:55","modified_gmt":"2022-04-19T23:06:55","slug":"school-related-injuries","status":"publish","type":"page","link":"https:\/\/steinberglawfirm-staging.clmcloud.app\/es\/articulos\/lesiones-relacionadas-con-la-escuela\/","title":{"rendered":"Lesiones relacionadas con la escuela"},"content":{"rendered":"<h1 class=\"wp-block-heading\">Lesiones relacionadas con la escuela<\/h1>\n\n\n\n<div style=\"height:15px\" aria-hidden=\"true\" class=\"wp-block-spacer\"><\/div>\n\n\n\n<p>Durante la mayor parte de la semana media, los ni\u00f1os menores de 18 a\u00f1os no est\u00e1n al cuidado de sus padres, sino que se conf\u00edan a la supervisi\u00f3n del personal del distrito. Durante el proceso de contrataci\u00f3n, el distrito escolar tiene la obligaci\u00f3n de comprobar si los aspirantes a estos puestos est\u00e1n debidamente formados y educados para las responsabilidades que van a desempe\u00f1ar. Estas personas tambi\u00e9n est\u00e1n obligadas a someterse a una comprobaci\u00f3n de antecedentes para determinar si pueden suponer una amenaza para el bienestar de los ni\u00f1os.<\/p>\n\n\n\n<p>Desgraciadamente, los fallos del sistema pueden llevar a la contrataci\u00f3n de una persona no cualificada o un fallo moment\u00e1neo en la ejecuci\u00f3n de sus funciones puede llevar a la lesi\u00f3n evitable de su hijo. Si su hijo se ha lesionado en la escuela, puede ser conveniente considerar la posibilidad de presentar una demanda civil para obtener una compensaci\u00f3n econ\u00f3mica. P\u00f3ngase en contacto con el Charleston&nbsp;<a href=\"https:\/\/www.steinberglawfirm.com\/practice-areas\/personal-injury\/\" target=\"_blank\" rel=\"noopener\">abogados de da\u00f1os personales<\/a> de la&nbsp;<a href=\"https:\/\/www.steinberglawfirm.com\/about-us\/\" target=\"_blank\" rel=\"noopener\">Steinberg Law Firm<\/a>&nbsp;al 843-720-2800.<\/p>\n\n\n\n<p><strong>MOTIVOS PARA EMPRENDER ACCIONES LEGALES<\/strong><\/p>\n\n\n\n<p>Independientemente de la descripci\u00f3n oficial del trabajo de un empleado escolar, \u00e9ste tiene la responsabilidad fundamental de proteger la seguridad y el bienestar de los estudiantes contra peligros innecesarios. Algunos casos en los que puede ser necesario emprender acciones legales para hacer frente a un fallo en este frente son los siguientes:<\/p>\n\n\n\n<ul class=\"wp-block-list\"><li>Mantenimiento inadecuado que provoca resbalones y ca\u00eddas u otros accidentes relacionados con las instalaciones<\/li><li>Falta de supervisi\u00f3n<\/li><li>No intervenir en altercados f\u00edsicos entre alumnos<\/li><li>Personal o procedimientos de seguridad inadecuados<\/li><li>Accidentes de autob\u00fas<\/li><li>Contrataci\u00f3n negligente<\/li><li>Lesiones deportivas causadas por instalaciones deficientes o por entrenadores\/pr\u00e1cticas peligrosamente agresivas<\/li><\/ul>\n\n\n\n<p>Ning\u00fan ni\u00f1o deber\u00eda resultar herido por el descuido de un profesor u otro profesional. Cuando se produce esa negligencia, los padres tienen derecho a emprender acciones legales en nombre de sus hijos.<\/p>\n\n\n\n<h2 class=\"wp-block-heading\">Abogados de lesiones personales que representan a Charleston y \u00e1reas cercanas de South Carolina<\/h2>\n\n\n\n<p><strong>CONTACTAR CON NOSOTROS<\/strong><\/p>\n\n\n\n<p>Nos comprometemos apasionadamente a ayudar a los padres a obtener justicia por el da\u00f1o que ha sufrido su hijo. P\u00f3ngase en contacto con los abogados de lesiones personales del Charleston en el 843-720-2800.<\/p>","protected":false},"excerpt":{"rendered":"<p>Lesiones relacionadas con la escuela Durante la mayor parte de la semana media, los ni\u00f1os menores de 18 a\u00f1os no est\u00e1n al cuidado de sus padres, sino que se conf\u00edan a la supervisi\u00f3n del personal del distrito. Durante el proceso de contrataci\u00f3n, el distrito escolar tiene la obligaci\u00f3n de comprobar si los aspirantes a estos puestos est\u00e1n debidamente formados y educados...<\/p>","protected":false},"author":1,"featured_media":19952,"parent":2195,"menu_order":0,"comment_status":"closed","ping_status":"closed","template":"","meta":{"_acf_changed":false,"footnotes":""},"class_list":["post-2846","page","type-page","status-publish","has-post-thumbnail","hentry"],"acf":[],"_links":{"self":[{"href":"https:\/\/steinberglawfirm-staging.clmcloud.app\/es\/wp-json\/wp\/v2\/pages\/2846"}],"collection":[{"href":"https:\/\/steinberglawfirm-staging.clmcloud.app\/es\/wp-json\/wp\/v2\/pages"}],"about":[{"href":"https:\/\/steinberglawfirm-staging.clmcloud.app\/es\/wp-json\/wp\/v2\/types\/page"}],"author":[{"embeddable":true,"href":"https:\/\/steinberglawfirm-staging.clmcloud.app\/es\/wp-json\/wp\/v2\/users\/1"}],"replies":[{"embeddable":true,"href":"https:\/\/steinberglawfirm-staging.clmcloud.app\/es\/wp-json\/wp\/v2\/comments?post=2846"}],"version-history":[{"count":1,"href":"https:\/\/steinberglawfirm-staging.clmcloud.app\/es\/wp-json\/wp\/v2\/pages\/2846\/revisions"}],"predecessor-version":[{"id":20007,"href":"https:\/\/steinberglawfirm-staging.clmcloud.app\/es\/wp-json\/wp\/v2\/pages\/2846\/revisions\/20007"}],"up":[{"embeddable":true,"href":"https:\/\/steinberglawfirm-staging.clmcloud.app\/es\/wp-json\/wp\/v2\/pages\/2195"}],"wp:featuredmedia":[{"embeddable":true,"href":"https:\/\/steinberglawfirm-staging.clmcloud.app\/es\/wp-json\/wp\/v2\/media\/19952"}],"wp:attachment":[{"href":"https:\/\/steinberglawfirm-staging.clmcloud.app\/es\/wp-json\/wp\/v2\/media?parent=2846"}],"curies":[{"name":"wp","href":"https:\/\/api.w.org\/{rel}","templated":true}]}}