{"id":2844,"date":"2017-08-30T23:33:00","date_gmt":"2017-08-30T23:33:00","guid":{"rendered":"https:\/\/www.steinberglawfirm.com\/?page_id=2844"},"modified":"2022-04-19T23:06:08","modified_gmt":"2022-04-19T23:06:08","slug":"salmonella-and-your-health","status":"publish","type":"page","link":"https:\/\/steinberglawfirm-staging.clmcloud.app\/es\/articulos\/salmonella-y-su-salud\/","title":{"rendered":"La salmonela y su salud"},"content":{"rendered":"<h1 class=\"wp-block-heading\">La salmonela y su salud<\/h1>\n\n\n\n<div style=\"height:15px\" aria-hidden=\"true\" class=\"wp-block-spacer\"><\/div>\n\n\n\n<p>La salmonela es una variedad de bacteria que puede ser muy perjudicial para el ser humano. Por desgracia, es bastante com\u00fan y se propaga f\u00e1cilmente entre los seres humanos y otros animales. Se ha relacionado con la peligrosa enfermedad de la fiebre tifoidea y con una forma grave de intoxicaci\u00f3n alimentaria llamada salmonelosis. Una de las formas m\u00e1s comunes de contraerla es a trav\u00e9s de alimentos poco higi\u00e9nicos, lo que pone de manifiesto la importancia del cuidado y la educaci\u00f3n en las cocinas comerciales.<\/p>\n\n\n\n<p>Si usted o un miembro de su familia han estado expuestos a la salmonela por el comportamiento descuidado de otra persona, no debe ser usted el responsable de las facturas m\u00e9dicas y los gastos relacionados. Para conocer las estrategias legales para recibir una indemnizaci\u00f3n justa, llame a los abogados especializados en intoxicaci\u00f3n alimentaria Charleston del&nbsp;<a href=\"https:\/\/www.steinberglawfirm.com\/about-us\/\" target=\"_blank\" rel=\"noopener\">Steinberg Law Firm<\/a>&nbsp;al 843-720-2800.<\/p>\n\n\n\n<p><strong>FIEBRE TIFOIDEA Y SALMONELOSIS<\/strong><\/p>\n\n\n\n<p>La salmonela provoca ciertas reacciones en el organismo que pueden crear graves problemas de salud. Dependiendo del tipo espec\u00edfico de salmonela de que se trate, los pacientes pueden desarrollar fiebre tifoidea o salmonelosis. Estas afecciones suelen compartir s\u00edntomas como:<\/p>\n\n\n\n<ul class=\"wp-block-list\"><li>N\u00e1useas y v\u00f3mitos<\/li><li>Diarrea (que puede ser sanguinolenta cuando est\u00e1 causada por salmonelosis)<\/li><li>Una erupci\u00f3n de color rosa (m\u00e1s com\u00fan con la salmonelosis)<\/li><\/ul>\n\n\n\n<p>Buscar tratamiento m\u00e9dico es siempre una buena precauci\u00f3n cuando se presentan estos s\u00edntomas, incluso si parecen relativamente leves. Si no se tratan, estas afecciones pueden agravarse y llegar a ser mortales.<br><strong><br>EXPOSICI\u00d3N A LA SALMONELA<\/strong><\/p>\n\n\n\n<p>Es posible que desee hablar con un abogado especialista en exposici\u00f3n a la salmonela Charleston si ha sufrido un error evitable como:<\/p>\n\n\n\n<ul class=\"wp-block-list\"><li>Uso de huevos crudos de aves infectadas<\/li><li>Contaminaci\u00f3n del agua<\/li><li>Alimentos mal limpiados, descongelados o preparados<\/li><\/ul>\n\n\n\n<p>Los restaurantes, los propietarios y otras partes que perjudican a los clientes cometiendo errores evitables como estos deben ser considerados responsables de sus acciones negligentes.<\/p>\n\n\n\n<h2 class=\"wp-block-heading\">Abogados de lesiones personales que representan a Charleston y \u00e1reas cercanas de South Carolina<\/h2>\n\n\n\n<p><strong>CONTACTAR CON NOSOTROS<\/strong><\/p>\n\n\n\n<p>Los abogados de la exposici\u00f3n a la salmonela Charleston est\u00e1n dispuestos a ayudarle a luchar por la indemnizaci\u00f3n que merece.&nbsp;<a href=\"https:\/\/www.steinberglawfirm.com\/contact-us\/\" target=\"_blank\" rel=\"noopener\">Contacte con<\/a>&nbsp;hoy al 843-720-2800 para saber m\u00e1s sobre sus opciones legales.<\/p>","protected":false},"excerpt":{"rendered":"<p>La salmonela y su salud La salmonela es una variedad de bacteria que puede ser muy perjudicial para el ser humano. Por desgracia, es bastante com\u00fan y se propaga f\u00e1cilmente entre los seres humanos y otros animales. Se ha relacionado con la peligrosa enfermedad de la fiebre tifoidea y con una forma grave de intoxicaci\u00f3n alimentaria llamada salmonelosis. Una de las formas m\u00e1s comunes...<\/p>","protected":false},"author":1,"featured_media":18839,"parent":2195,"menu_order":0,"comment_status":"closed","ping_status":"closed","template":"","meta":{"_acf_changed":false,"footnotes":""},"class_list":["post-2844","page","type-page","status-publish","has-post-thumbnail","hentry"],"acf":[],"_links":{"self":[{"href":"https:\/\/steinberglawfirm-staging.clmcloud.app\/es\/wp-json\/wp\/v2\/pages\/2844"}],"collection":[{"href":"https:\/\/steinberglawfirm-staging.clmcloud.app\/es\/wp-json\/wp\/v2\/pages"}],"about":[{"href":"https:\/\/steinberglawfirm-staging.clmcloud.app\/es\/wp-json\/wp\/v2\/types\/page"}],"author":[{"embeddable":true,"href":"https:\/\/steinberglawfirm-staging.clmcloud.app\/es\/wp-json\/wp\/v2\/users\/1"}],"replies":[{"embeddable":true,"href":"https:\/\/steinberglawfirm-staging.clmcloud.app\/es\/wp-json\/wp\/v2\/comments?post=2844"}],"version-history":[{"count":1,"href":"https:\/\/steinberglawfirm-staging.clmcloud.app\/es\/wp-json\/wp\/v2\/pages\/2844\/revisions"}],"predecessor-version":[{"id":20006,"href":"https:\/\/steinberglawfirm-staging.clmcloud.app\/es\/wp-json\/wp\/v2\/pages\/2844\/revisions\/20006"}],"up":[{"embeddable":true,"href":"https:\/\/steinberglawfirm-staging.clmcloud.app\/es\/wp-json\/wp\/v2\/pages\/2195"}],"wp:featuredmedia":[{"embeddable":true,"href":"https:\/\/steinberglawfirm-staging.clmcloud.app\/es\/wp-json\/wp\/v2\/media\/18839"}],"wp:attachment":[{"href":"https:\/\/steinberglawfirm-staging.clmcloud.app\/es\/wp-json\/wp\/v2\/media?parent=2844"}],"curies":[{"name":"wp","href":"https:\/\/api.w.org\/{rel}","templated":true}]}}