{"id":2840,"date":"2017-08-30T23:31:34","date_gmt":"2017-08-30T23:31:34","guid":{"rendered":"https:\/\/www.steinberglawfirm.com\/?page_id=2840"},"modified":"2022-04-19T23:03:05","modified_gmt":"2022-04-19T23:03:05","slug":"problems-associated-with-meningitis","status":"publish","type":"page","link":"https:\/\/steinberglawfirm-staging.clmcloud.app\/es\/articulos\/problemas-asociados-con-la-meningitis\/","title":{"rendered":"Problemas asociados a la meningitis"},"content":{"rendered":"<h1 class=\"wp-block-heading\">Problemas asociados a la meningitis<\/h1>\n\n\n\n<p><\/p>\n\n\n\n<p>Aunque mucha gente conoce la gravedad de la meningitis, se sabe menos sobre lo que hace exactamente esta dolencia o a d\u00f3nde afecta. La meningitis afecta a las meninges, un grupo de capas de tejido que amortiguan el cerebro del cr\u00e1neo y proporcionan algunas funciones vitales b\u00e1sicas. Como la meningitis se define como la inflamaci\u00f3n de estas capas, los da\u00f1os resultantes pueden resultar extremadamente peligrosos. En caso de sospecha, los m\u00e9dicos deben actuar r\u00e1pidamente para proporcionar a los pacientes un tratamiento que reduzca la posibilidad de que se produzcan da\u00f1os cerebrales potencialmente mortales.<\/p>\n\n\n\n<p>Cuando un m\u00e9dico no presta asistencia a tiempo, los resultados pueden ser devastadores. P\u00f3ngase en contacto con el&nbsp;<a href=\"https:\/\/www.steinberglawfirm.com\/practice-areas\/personal-injury\/\" target=\"_blank\" rel=\"noopener\">Charleston abogados de lesiones personales<\/a> de la&nbsp;<a href=\"https:\/\/www.steinberglawfirm.com\/about-us\/\" target=\"_blank\" rel=\"noopener\">Steinberg Law Firm<\/a>&nbsp;hoy llamando al 843-720-2800 si ha sufrido a causa de la negligencia de un m\u00e9dico.<\/p>\n\n\n\n<p><strong>COMPLICACIONES DE LA MENINGITIS<\/strong><\/p>\n\n\n\n<p>A medida que el tejido que rodea al cerebro se expande a causa de la inflamaci\u00f3n, el da\u00f1o subsiguiente al cerebro puede amenazar las funciones vitales del mismo. Los problemas de la meningitis pueden desarrollarse r\u00e1pidamente, dejando a los pacientes con poco tiempo para recibir los tratamientos necesarios. Estas complicaciones pueden incluir lo siguiente:<\/p>\n\n\n\n<ul class=\"wp-block-list\"><li>Temperatura corporal, latidos del coraz\u00f3n y respiraci\u00f3n inestables<\/li><li>Gangrena<\/li><li>Presi\u00f3n arterial baja<\/li><li>Encefalitis<\/li><li>Convulsiones<\/li><li>Coagulaci\u00f3n de la sangre<\/li><li>Perdida de la conciencia<\/li><\/ul>\n\n\n\n<p>Estos s\u00edntomas y complicaciones pueden tener graves repercusiones en la salud de una persona. Los m\u00e9dicos tienen el deber de proporcionar diagn\u00f3sticos r\u00e1pidos y elaborar programas de tratamiento razonables en un plazo breve, y cuando no cumplen con este deber, los pacientes sufren.<\/p>\n\n\n\n<h2 class=\"wp-block-heading\">Abogados de lesiones personales que representan a Charleston y \u00e1reas cercanas de South Carolina<\/h2>\n\n\n\n<p><strong>CONTACTAR CON NOSOTROS<\/strong><\/p>\n\n\n\n<p>Para obtener m\u00e1s informaci\u00f3n sobre sus derechos y opciones legales despu\u00e9s de un tratamiento m\u00e9dico negligente, p\u00f3ngase en contacto con los abogados de lesiones personales del Charleston en el 843-720-2800 hoy.<\/p>","protected":false},"excerpt":{"rendered":"<p>Problemas asociados a la meningitis Aunque mucha gente conoce la gravedad de la meningitis, se sabe menos sobre lo que hace exactamente la dolencia o a d\u00f3nde afecta. La meningitis afecta a las meninges, un grupo de capas de tejido que amortiguan el cerebro del cr\u00e1neo, adem\u00e1s de proporcionar algunas funciones vitales b\u00e1sicas. Como la meningitis se define...<\/p>","protected":false},"author":1,"featured_media":18839,"parent":2195,"menu_order":0,"comment_status":"closed","ping_status":"closed","template":"","meta":{"_acf_changed":false,"footnotes":""},"class_list":["post-2840","page","type-page","status-publish","has-post-thumbnail","hentry"],"acf":[],"_links":{"self":[{"href":"https:\/\/steinberglawfirm-staging.clmcloud.app\/es\/wp-json\/wp\/v2\/pages\/2840"}],"collection":[{"href":"https:\/\/steinberglawfirm-staging.clmcloud.app\/es\/wp-json\/wp\/v2\/pages"}],"about":[{"href":"https:\/\/steinberglawfirm-staging.clmcloud.app\/es\/wp-json\/wp\/v2\/types\/page"}],"author":[{"embeddable":true,"href":"https:\/\/steinberglawfirm-staging.clmcloud.app\/es\/wp-json\/wp\/v2\/users\/1"}],"replies":[{"embeddable":true,"href":"https:\/\/steinberglawfirm-staging.clmcloud.app\/es\/wp-json\/wp\/v2\/comments?post=2840"}],"version-history":[{"count":1,"href":"https:\/\/steinberglawfirm-staging.clmcloud.app\/es\/wp-json\/wp\/v2\/pages\/2840\/revisions"}],"predecessor-version":[{"id":20005,"href":"https:\/\/steinberglawfirm-staging.clmcloud.app\/es\/wp-json\/wp\/v2\/pages\/2840\/revisions\/20005"}],"up":[{"embeddable":true,"href":"https:\/\/steinberglawfirm-staging.clmcloud.app\/es\/wp-json\/wp\/v2\/pages\/2195"}],"wp:featuredmedia":[{"embeddable":true,"href":"https:\/\/steinberglawfirm-staging.clmcloud.app\/es\/wp-json\/wp\/v2\/media\/18839"}],"wp:attachment":[{"href":"https:\/\/steinberglawfirm-staging.clmcloud.app\/es\/wp-json\/wp\/v2\/media?parent=2840"}],"curies":[{"name":"wp","href":"https:\/\/api.w.org\/{rel}","templated":true}]}}