{"id":2838,"date":"2017-08-30T23:30:45","date_gmt":"2017-08-30T23:30:45","guid":{"rendered":"https:\/\/www.steinberglawfirm.com\/?page_id=2838"},"modified":"2022-04-19T23:02:21","modified_gmt":"2022-04-19T23:02:21","slug":"plastic-surgery-errors","status":"publish","type":"page","link":"https:\/\/steinberglawfirm-staging.clmcloud.app\/es\/articulos\/errores-de-cirugia-plastica\/","title":{"rendered":"Errores de la cirug\u00eda pl\u00e1stica"},"content":{"rendered":"<h1 class=\"wp-block-heading\">Errores de la cirug\u00eda pl\u00e1stica<\/h1>\n\n\n\n<div style=\"height:15px\" aria-hidden=\"true\" class=\"wp-block-spacer\"><\/div>\n\n\n\n<p>La cirug\u00eda est\u00e9tica -un tipo de cirug\u00eda pl\u00e1stica realizada por motivos puramente est\u00e9ticos- es m\u00e1s popular ahora que nunca. Hombres y mujeres pueden someterse a una intervenci\u00f3n quir\u00fargica para perder peso, alisar la piel arrugada y arreglar casi cualquier otro supuesto defecto de su apariencia. Sus defensores afirman que estos procedimientos aumentan la confianza en uno mismo, lo que puede reportar muchos beneficios en la carrera y la vida personal de la persona.<\/p>\n\n\n\n<p>Sin embargo, cuando la cirug\u00eda est\u00e9tica se realiza de forma negligente, el paciente puede salir del hospital con muchos m\u00e1s problemas de los que ten\u00eda al entrar. Si usted o un ser querido ha sido v\u00edctima de un cirujano pl\u00e1stico negligente, podr\u00eda tener motivos para una reclamaci\u00f3n legal. Para saber m\u00e1s, llame al&nbsp;<a href=\"https:\/\/www.steinberglawfirm.com\/about-us\/\" target=\"_blank\" rel=\"noopener\">Steinberg Law Firm<\/a>&nbsp;al 843-720-2800 para hablar con un abogado especialista en negligencia en cirug\u00eda est\u00e9tica Charleston.<\/p>\n\n\n\n<p><strong>EJEMPLOS DE MALA PRAXIS EN CIRUG\u00cdA PL\u00c1STICA<\/strong><\/p>\n\n\n\n<p>En una demanda por negligencia en cirug\u00eda pl\u00e1stica Charleston, el juez o el jurado decidir\u00e1n si el acusado actu\u00f3 de acuerdo con las normas profesionales de su campo. En otras palabras, la pregunta que debe responderse es: \"\u00bfCualquier otro cirujano bien formado y razonable tomar\u00eda las mismas decisiones que tom\u00f3 el demandado?\" Algunos ejemplos que pueden considerarse mala praxis son:<\/p>\n\n\n\n<ul class=\"wp-block-list\"><li>No proporcionar informaci\u00f3n precisa antes de la operaci\u00f3n. Esto puede incluir hacer afirmaciones falsas sobre el resultado de la cirug\u00eda, no informar al paciente sobre los riesgos de la cirug\u00eda, etc.<\/li><li>Operar a un paciente que no cumpl\u00eda los requisitos. Algunas personas tienen problemas m\u00e9dicos que las hacen malas candidatas para la cirug\u00eda electiva. Otras tienen problemas mentales o emocionales que las incapacitan para tomar esa decisi\u00f3n. Si un cirujano conoce un problema de este tipo, no debe aceptar operar.<\/li><li>Errores durante la cirug\u00eda. El mal uso de los instrumentos quir\u00fargicos u otros errores pueden causar desfiguraci\u00f3n, complicaciones quir\u00fargicas que ponen en peligro la vida y otros problemas para el paciente.<\/li><\/ul>\n\n\n\n<p>Cuidados postoperatorios deficientes. Un paciente que no est\u00e1 bien supervisado durante la recuperaci\u00f3n corre el riesgo de sufrir infecciones, deshidrataci\u00f3n y otras condiciones peligrosas.<\/p>\n\n\n\n<p>Si usted o un ser querido ha sufrido problemas como estos debido a los errores de un cirujano pl\u00e1stico, podr\u00eda tener derecho a una indemnizaci\u00f3n por las facturas m\u00e9dicas y otros gastos.<\/p>\n\n\n\n<h2 class=\"wp-block-heading\">Abogados de lesiones personales que representan a Charleston y \u00e1reas cercanas de South Carolina<\/h2>\n\n\n\n<p><strong>CONTACTAR CON NOSOTROS<\/strong><\/p>\n\n\n\n<p>Los abogados de lesiones por cirug\u00eda est\u00e9tica del Charleston tienen la experiencia, el conocimiento y la visi\u00f3n que usted necesita.&nbsp;<a href=\"https:\/\/www.steinberglawfirm.com\/contact-us\/\" target=\"_blank\" rel=\"noopener\">Contacte con<\/a>&nbsp;hoy al 843-720-2800.<\/p>","protected":false},"excerpt":{"rendered":"<p>Errores de la cirug\u00eda pl\u00e1stica La cirug\u00eda est\u00e9tica -un tipo de cirug\u00eda pl\u00e1stica realizada por motivos puramente est\u00e9ticos- es m\u00e1s popular ahora que nunca. Hombres y mujeres pueden someterse a una intervenci\u00f3n quir\u00fargica para perder peso, alisar la piel arrugada y arreglar casi cualquier otro supuesto defecto de su apariencia. Sus defensores afirman que estos procedimientos aumentan la confianza en s\u00ed mismos, lo que puede...<\/p>","protected":false},"author":1,"featured_media":11074,"parent":2195,"menu_order":0,"comment_status":"closed","ping_status":"closed","template":"","meta":{"_acf_changed":false,"footnotes":""},"class_list":["post-2838","page","type-page","status-publish","has-post-thumbnail","hentry"],"acf":[],"_links":{"self":[{"href":"https:\/\/steinberglawfirm-staging.clmcloud.app\/es\/wp-json\/wp\/v2\/pages\/2838"}],"collection":[{"href":"https:\/\/steinberglawfirm-staging.clmcloud.app\/es\/wp-json\/wp\/v2\/pages"}],"about":[{"href":"https:\/\/steinberglawfirm-staging.clmcloud.app\/es\/wp-json\/wp\/v2\/types\/page"}],"author":[{"embeddable":true,"href":"https:\/\/steinberglawfirm-staging.clmcloud.app\/es\/wp-json\/wp\/v2\/users\/1"}],"replies":[{"embeddable":true,"href":"https:\/\/steinberglawfirm-staging.clmcloud.app\/es\/wp-json\/wp\/v2\/comments?post=2838"}],"version-history":[{"count":1,"href":"https:\/\/steinberglawfirm-staging.clmcloud.app\/es\/wp-json\/wp\/v2\/pages\/2838\/revisions"}],"predecessor-version":[{"id":20004,"href":"https:\/\/steinberglawfirm-staging.clmcloud.app\/es\/wp-json\/wp\/v2\/pages\/2838\/revisions\/20004"}],"up":[{"embeddable":true,"href":"https:\/\/steinberglawfirm-staging.clmcloud.app\/es\/wp-json\/wp\/v2\/pages\/2195"}],"wp:featuredmedia":[{"embeddable":true,"href":"https:\/\/steinberglawfirm-staging.clmcloud.app\/es\/wp-json\/wp\/v2\/media\/11074"}],"wp:attachment":[{"href":"https:\/\/steinberglawfirm-staging.clmcloud.app\/es\/wp-json\/wp\/v2\/media?parent=2838"}],"curies":[{"name":"wp","href":"https:\/\/api.w.org\/{rel}","templated":true}]}}