{"id":2836,"date":"2017-08-30T23:29:42","date_gmt":"2017-08-30T23:29:42","guid":{"rendered":"https:\/\/www.steinberglawfirm.com\/?page_id=2836"},"modified":"2022-04-19T23:01:30","modified_gmt":"2022-04-19T23:01:30","slug":"personal-injury-claims-legitimate-versus-frivolous","status":"publish","type":"page","link":"https:\/\/steinberglawfirm-staging.clmcloud.app\/es\/articulos\/reclamaciones-por-danos-personales-legitimas-frente-a-las-frivolas\/","title":{"rendered":"Reclamaciones por da\u00f1os personales: Leg\u00edtimas y fr\u00edvolas"},"content":{"rendered":"<h1 class=\"wp-block-heading\">Reclamaciones por da\u00f1os personales: Leg\u00edtimas y fr\u00edvolas<\/h1>\n\n\n\n<div style=\"height:15px\" aria-hidden=\"true\" class=\"wp-block-spacer\"><\/div>\n\n\n\n<p>Una persona que sufre una lesi\u00f3n por la negligencia de otro individuo puede tener derecho a reclamar una compensaci\u00f3n econ\u00f3mica por sus lesiones a trav\u00e9s de un&nbsp;<a href=\"https:\/\/www.steinberglawfirm.com\/practice-areas\/personal-injury\/\" target=\"_blank\" rel=\"noopener\">da\u00f1os personales<\/a>&nbsp;demanda. Sin embargo, hay algunos criterios que deben cumplirse para que una reclamaci\u00f3n se considere leg\u00edtima y tenga buenas posibilidades de \u00e9xito. Si una reclamaci\u00f3n no cumple estos criterios, puede considerarse fr\u00edvola.<\/p>\n\n\n\n<p>Para discutir sus opciones legales si ha sido lesionado en un accidente, contacte con los abogados de lesiones personales Charleston del&nbsp;<a href=\"https:\/\/www.steinberglawfirm.com\/about-us\/\" target=\"_blank\" rel=\"noopener\">Steinberg Law Firm<\/a>&nbsp;al 843-720-2800 hoy mismo.<\/p>\n\n\n\n<p><strong>ENTENDER LAS DEMANDAS FR\u00cdVOLAS<\/strong><\/p>\n\n\n\n<p>Si un individuo persigue una demanda por lesiones personales, pero tiene poco o ning\u00fan fundamento legal para hacerlo, puede tener su reclamo rechazado por la corte e incluso podr\u00eda ser castigado por perder el tiempo de la corte. Por eso es importante consultar con un abogado con experiencia para saber si su caso tiene alguna posibilidad en el tribunal.<\/p>\n\n\n\n<p>En toda reclamaci\u00f3n por da\u00f1os personales se exige lo siguiente:<\/p>\n\n\n\n<ul class=\"wp-block-list\"><li>El demandante se lesion\u00f3<\/li><li>La lesi\u00f3n puede compensarse con dinero<\/li><li>Hubo una causa distinta para la lesi\u00f3n<\/li><li>El acusado era responsable de esa causa<\/li><\/ul>\n\n\n\n<p>Es responsabilidad de un abogado proteger a sus clientes de la presentaci\u00f3n de demandas fr\u00edvolas y de la prosecuci\u00f3n de litigios innecesarios. Si un caso no tiene motivos legales para ser presentado, un representante \u00e9tico informar\u00e1 a su cliente de este hecho.<\/p>\n\n\n\n<h2 class=\"wp-block-heading\">Abogados de lesiones personales que representan a Charleston y \u00e1reas cercanas de South Carolina<\/h2>\n\n\n\n<p><strong>CONTACTAR CON NOSOTROS<\/strong><\/p>\n\n\n\n<p>Si usted ha sido lesionado en un accidente debido a la negligencia de otra persona, puede haber acci\u00f3n legal disponible para usted. Para obtener m\u00e1s informaci\u00f3n sobre sus derechos y opciones en la b\u00fasqueda de una indemnizaci\u00f3n, p\u00f3ngase en contacto con los abogados de lesiones personales del Charleston hoy llamando al 843-720-2800.<\/p>","protected":false},"excerpt":{"rendered":"<p>Demandas por lesiones personales: Leg\u00edtimas frente a fr\u00edvolas Una persona que sufre una lesi\u00f3n a causa de la negligencia de otro individuo puede tener derecho a solicitar una compensaci\u00f3n econ\u00f3mica por sus lesiones a trav\u00e9s de una demanda por lesiones personales. Sin embargo, hay algunos criterios que deben cumplirse para que una reclamaci\u00f3n se considere leg\u00edtima y tenga buenas posibilidades de \u00e9xito. Si...<\/p>","protected":false},"author":1,"featured_media":5589,"parent":2195,"menu_order":0,"comment_status":"closed","ping_status":"closed","template":"","meta":{"_acf_changed":false,"footnotes":""},"class_list":["post-2836","page","type-page","status-publish","has-post-thumbnail","hentry"],"acf":[],"_links":{"self":[{"href":"https:\/\/steinberglawfirm-staging.clmcloud.app\/es\/wp-json\/wp\/v2\/pages\/2836"}],"collection":[{"href":"https:\/\/steinberglawfirm-staging.clmcloud.app\/es\/wp-json\/wp\/v2\/pages"}],"about":[{"href":"https:\/\/steinberglawfirm-staging.clmcloud.app\/es\/wp-json\/wp\/v2\/types\/page"}],"author":[{"embeddable":true,"href":"https:\/\/steinberglawfirm-staging.clmcloud.app\/es\/wp-json\/wp\/v2\/users\/1"}],"replies":[{"embeddable":true,"href":"https:\/\/steinberglawfirm-staging.clmcloud.app\/es\/wp-json\/wp\/v2\/comments?post=2836"}],"version-history":[{"count":1,"href":"https:\/\/steinberglawfirm-staging.clmcloud.app\/es\/wp-json\/wp\/v2\/pages\/2836\/revisions"}],"predecessor-version":[{"id":20003,"href":"https:\/\/steinberglawfirm-staging.clmcloud.app\/es\/wp-json\/wp\/v2\/pages\/2836\/revisions\/20003"}],"up":[{"embeddable":true,"href":"https:\/\/steinberglawfirm-staging.clmcloud.app\/es\/wp-json\/wp\/v2\/pages\/2195"}],"wp:featuredmedia":[{"embeddable":true,"href":"https:\/\/steinberglawfirm-staging.clmcloud.app\/es\/wp-json\/wp\/v2\/media\/5589"}],"wp:attachment":[{"href":"https:\/\/steinberglawfirm-staging.clmcloud.app\/es\/wp-json\/wp\/v2\/media?parent=2836"}],"curies":[{"name":"wp","href":"https:\/\/api.w.org\/{rel}","templated":true}]}}