{"id":2834,"date":"2017-08-30T23:28:52","date_gmt":"2017-08-30T23:28:52","guid":{"rendered":"https:\/\/www.steinberglawfirm.com\/?page_id=2834"},"modified":"2022-04-19T23:01:09","modified_gmt":"2022-04-19T23:01:09","slug":"pedestrian-dangers","status":"publish","type":"page","link":"https:\/\/steinberglawfirm-staging.clmcloud.app\/es\/articulos\/peligros-para-los-peatones\/","title":{"rendered":"Peligros para los peatones"},"content":{"rendered":"<h1 class=\"wp-block-heading\">Peligros para los peatones<\/h1>\n\n\n\n<div style=\"height:15px\" aria-hidden=\"true\" class=\"wp-block-spacer\"><\/div>\n\n\n\n<p>Aunque no podemos dedicar demasiado tiempo a los peligros de la vida cotidiana, tampoco podemos ignorarlos por completo. Sin tener la culpa, los peatones se enfrentan a una alarmante variedad de peligros mientras realizan el simple acto de caminar de un lugar a otro. Cuando la negligencia o la imprudencia de otra persona o entidad causa un da\u00f1o a un peat\u00f3n, las consecuencias pueden ser devastadoras.<\/p>\n\n\n\n<p>Si usted ha sufrido una lesi\u00f3n infligida por las acciones, comportamientos o negligencia de otra parte, entonces es posible que desee seguir una demanda con el fin de recuperar la compensaci\u00f3n financiera por da\u00f1os y perjuicios seg\u00fan las circunstancias. P\u00f3ngase en contacto con el Charleston&nbsp;<a href=\"https:\/\/www.steinberglawfirm.com\/practice-areas\/personal-injury\/\" target=\"_blank\" rel=\"noopener\">abogados de da\u00f1os personales<\/a> de la&nbsp;<a href=\"https:\/\/www.steinberglawfirm.com\/about-us\/\" target=\"_blank\" rel=\"noopener\">Steinberg Law Firm<\/a>&nbsp;al 843-720-2800 para hablar con un abogado experto y experimentado sobre su posible caso.<\/p>\n\n\n\n<p><strong>FUENTES POTENCIALES DE PELIGRO<\/strong><\/p>\n\n\n\n<p>La naturaleza de los peligros a los que se expone un peat\u00f3n depender\u00e1, por supuesto, del lugar por el que camine y de otros factores como el clima, la hora del d\u00eda y muchos m\u00e1s. Algunas de las posibles fuentes de peligro que pueden haber provocado su lesi\u00f3n accidental o intencionada son<\/p>\n\n\n\n<ul class=\"wp-block-list\"><li>Conductores distra\u00eddos, ebrios o somnolientos<\/li><li>Agresi\u00f3n f\u00edsica a manos de un delincuente en un atraco u otro delito<\/li><li>Resbalones y ca\u00eddas debidos a una limpieza inadecuada de la nieve y\/o el hielo<\/li><li>Resbalones y ca\u00eddas por negligencia en el mantenimiento de las aceras<\/li><li>Ca\u00edda de ramas de \u00e1rboles<\/li><\/ul>\n\n\n\n<p>Las consecuencias de este tipo de accidentes pueden ser graves. Si usted ha sido lesionado por la negligencia de otra persona, podr\u00eda ser elegible para recibir una compensaci\u00f3n por sus facturas m\u00e9dicas, reparaciones de la propiedad, dolor y sufrimiento, y potencialmente m\u00e1s.<\/p>\n\n\n\n<h2 class=\"wp-block-heading\">Abogados de lesiones personales que representan a Charleston y \u00e1reas cercanas de South Carolina<\/h2>\n\n\n\n<p><strong>CONTACTAR CON NOSOTROS<\/strong><\/p>\n\n\n\n<p>Perm\u00edtanos ayudarle a luchar por los recursos financieros que necesita para hacer frente a sus gastos m\u00e9dicos y otros da\u00f1os incurridos por un accidente de peatones.&nbsp;<a href=\"https:\/\/www.steinberglawfirm.com\/contact-us\/\" target=\"_blank\" rel=\"noopener\">Contacte con<\/a>&nbsp;los abogados de lesiones personales del Charleston al 843-720-2800.<\/p>","protected":false},"excerpt":{"rendered":"<p>Peligros para los peatones Aunque no podemos dedicar demasiado tiempo a los peligros de la vida cotidiana, tampoco podemos ignorarlos por completo. Sin tener la culpa, los peatones se enfrentan a una alarmante variedad de peligros mientras realizan el simple acto de caminar de un lugar a otro. Cuando la negligencia o la imprudencia de otra persona...<\/p>","protected":false},"author":1,"featured_media":20001,"parent":2195,"menu_order":0,"comment_status":"closed","ping_status":"closed","template":"","meta":{"_acf_changed":false,"footnotes":""},"class_list":["post-2834","page","type-page","status-publish","has-post-thumbnail","hentry"],"acf":[],"_links":{"self":[{"href":"https:\/\/steinberglawfirm-staging.clmcloud.app\/es\/wp-json\/wp\/v2\/pages\/2834"}],"collection":[{"href":"https:\/\/steinberglawfirm-staging.clmcloud.app\/es\/wp-json\/wp\/v2\/pages"}],"about":[{"href":"https:\/\/steinberglawfirm-staging.clmcloud.app\/es\/wp-json\/wp\/v2\/types\/page"}],"author":[{"embeddable":true,"href":"https:\/\/steinberglawfirm-staging.clmcloud.app\/es\/wp-json\/wp\/v2\/users\/1"}],"replies":[{"embeddable":true,"href":"https:\/\/steinberglawfirm-staging.clmcloud.app\/es\/wp-json\/wp\/v2\/comments?post=2834"}],"version-history":[{"count":2,"href":"https:\/\/steinberglawfirm-staging.clmcloud.app\/es\/wp-json\/wp\/v2\/pages\/2834\/revisions"}],"predecessor-version":[{"id":20002,"href":"https:\/\/steinberglawfirm-staging.clmcloud.app\/es\/wp-json\/wp\/v2\/pages\/2834\/revisions\/20002"}],"up":[{"embeddable":true,"href":"https:\/\/steinberglawfirm-staging.clmcloud.app\/es\/wp-json\/wp\/v2\/pages\/2195"}],"wp:featuredmedia":[{"embeddable":true,"href":"https:\/\/steinberglawfirm-staging.clmcloud.app\/es\/wp-json\/wp\/v2\/media\/20001"}],"wp:attachment":[{"href":"https:\/\/steinberglawfirm-staging.clmcloud.app\/es\/wp-json\/wp\/v2\/media?parent=2834"}],"curies":[{"name":"wp","href":"https:\/\/api.w.org\/{rel}","templated":true}]}}