{"id":2830,"date":"2017-08-30T23:27:15","date_gmt":"2017-08-30T23:27:15","guid":{"rendered":"https:\/\/www.steinberglawfirm.com\/?page_id=2830"},"modified":"2022-04-19T22:55:46","modified_gmt":"2022-04-19T22:55:46","slug":"necrotizing-fasciitis","status":"publish","type":"page","link":"https:\/\/steinberglawfirm-staging.clmcloud.app\/es\/articulos\/necrotizante-fascitis\/","title":{"rendered":"Fascitis necrosante"},"content":{"rendered":"<h1 class=\"wp-block-heading\">Fascitis necrosante<\/h1>\n\n\n\n<div style=\"height:15px\" aria-hidden=\"true\" class=\"wp-block-spacer\"><\/div>\n\n\n\n<p>Quiz\u00e1s uno de los peores resultados posibles de una lesi\u00f3n no mortal es cuando una infecci\u00f3n se filtra en la abertura que crea una herida. Tanto si entran en el cuerpo por un corte en la piel como por el tejido muerto que queda tras una quemadura, estas infecciones pueden causar un gran da\u00f1o al organismo, destruyendo a menudo una cantidad importante de tejido antes de ser diagnosticadas y tratadas adecuadamente. Esto es especialmente cierto en el caso de una infecci\u00f3n rara y extremadamente peligrosa conocida como fascitis necrotizante.<\/p>\n\n\n\n<p>Si ha sufrido una infecci\u00f3n grave debido a un tratamiento m\u00e9dico inadecuado o tard\u00edo, p\u00f3ngase en contacto con el&nbsp;<a href=\"https:\/\/www.steinberglawfirm.com\/practice-areas\/medical-malpractice\/\" target=\"_blank\" rel=\"noopener\">Charleston abogados de negligencia m\u00e9dica<\/a>&nbsp;de la&nbsp;<a href=\"https:\/\/www.steinberglawfirm.com\/about-us\/\" target=\"_blank\" rel=\"noopener\">Steinberg Law Firm<\/a>&nbsp;al 843-720-2800 hoy mismo.<\/p>\n\n\n\n<p><strong>S\u00cdNTOMAS DE LA FASCITIS NECROTIZANTE<\/strong><\/p>\n\n\n\n<p>Equivocadamente llamadas infecciones carn\u00edvoras, la fascitis necrosante no devora realmente las c\u00e9lulas de la piel y los m\u00fasculos que infecta. En cambio, las bacterias liberan toxinas extremadamente potentes a medida que se extienden por el cuerpo, matando las c\u00e9lulas con las que entran en contacto. Los s\u00edntomas m\u00e1s comunes son los siguientes<\/p>\n\n\n\n<ul class=\"wp-block-list\"><li>Decoloraci\u00f3n p\u00farpura de la piel<\/li><li>Dolor extremo alrededor de la zona de la lesi\u00f3n<\/li><li>V\u00f3mitos<\/li><li>Diarrea<\/li><li>Fiebre<\/li><li>Hinchaz\u00f3n<\/li><li>Blistering<\/li><li>Piel caliente al tacto<\/li><li>S\u00edndrome de shock t\u00f3xico<\/li><\/ul>\n\n\n\n<p>En muchos casos, la infecci\u00f3n act\u00faa con demasiada rapidez como para salvar el lugar donde comenz\u00f3 la infecci\u00f3n. Como destruye r\u00e1pidamente el tejido, los m\u00e9dicos recurren principalmente a la extirpaci\u00f3n del tejido y a la amputaci\u00f3n para combatir estas infecciones, confiando en los antibi\u00f3ticos para frenar el avance de la bacteria. Sin una ayuda inmediata, la infecci\u00f3n puede agravarse lo suficiente como para cobrarse la vida del paciente.<\/p>\n\n\n\n<h2 class=\"wp-block-heading\">Abogados de lesiones personales que representan a Charleston y \u00e1reas cercanas de South Carolina<\/h2>\n\n\n\n<p><strong>CONTACTAR CON NOSOTROS<\/strong><\/p>\n\n\n\n<p>Si ha sufrido una infecci\u00f3n grave por haber recibido una atenci\u00f3n m\u00e9dica inadecuada, puede tener derecho a una indemnizaci\u00f3n. Para obtener m\u00e1s informaci\u00f3n, p\u00f3ngase en contacto con los abogados especializados en negligencia m\u00e9dica del Charleston hoy mismo llamando al 843-720-2800.<\/p>","protected":false},"excerpt":{"rendered":"<p>Fascitis necrotizante Quiz\u00e1s uno de los peores resultados posibles de una lesi\u00f3n no mortal es cuando una infecci\u00f3n se filtra en la abertura que crea una herida. Tanto si entran en el cuerpo por un corte en la piel como por el tejido muerto que queda tras una quemadura, estas infecciones pueden causar un gran da\u00f1o al organismo,...<\/p>","protected":false},"author":1,"featured_media":18839,"parent":2195,"menu_order":0,"comment_status":"closed","ping_status":"closed","template":"","meta":{"_acf_changed":false,"footnotes":""},"class_list":["post-2830","page","type-page","status-publish","has-post-thumbnail","hentry"],"acf":[],"_links":{"self":[{"href":"https:\/\/steinberglawfirm-staging.clmcloud.app\/es\/wp-json\/wp\/v2\/pages\/2830"}],"collection":[{"href":"https:\/\/steinberglawfirm-staging.clmcloud.app\/es\/wp-json\/wp\/v2\/pages"}],"about":[{"href":"https:\/\/steinberglawfirm-staging.clmcloud.app\/es\/wp-json\/wp\/v2\/types\/page"}],"author":[{"embeddable":true,"href":"https:\/\/steinberglawfirm-staging.clmcloud.app\/es\/wp-json\/wp\/v2\/users\/1"}],"replies":[{"embeddable":true,"href":"https:\/\/steinberglawfirm-staging.clmcloud.app\/es\/wp-json\/wp\/v2\/comments?post=2830"}],"version-history":[{"count":1,"href":"https:\/\/steinberglawfirm-staging.clmcloud.app\/es\/wp-json\/wp\/v2\/pages\/2830\/revisions"}],"predecessor-version":[{"id":19998,"href":"https:\/\/steinberglawfirm-staging.clmcloud.app\/es\/wp-json\/wp\/v2\/pages\/2830\/revisions\/19998"}],"up":[{"embeddable":true,"href":"https:\/\/steinberglawfirm-staging.clmcloud.app\/es\/wp-json\/wp\/v2\/pages\/2195"}],"wp:featuredmedia":[{"embeddable":true,"href":"https:\/\/steinberglawfirm-staging.clmcloud.app\/es\/wp-json\/wp\/v2\/media\/18839"}],"wp:attachment":[{"href":"https:\/\/steinberglawfirm-staging.clmcloud.app\/es\/wp-json\/wp\/v2\/media?parent=2830"}],"curies":[{"name":"wp","href":"https:\/\/api.w.org\/{rel}","templated":true}]}}