{"id":2824,"date":"2017-08-30T23:25:45","date_gmt":"2017-08-30T23:25:45","guid":{"rendered":"https:\/\/www.steinberglawfirm.com\/?page_id=2824"},"modified":"2022-04-19T22:48:18","modified_gmt":"2022-04-19T22:48:18","slug":"missing-road-paint","status":"publish","type":"page","link":"https:\/\/steinberglawfirm-staging.clmcloud.app\/es\/articulos\/missing-road-paint\/","title":{"rendered":"Falta de pintura en la carretera"},"content":{"rendered":"<h1 class=\"wp-block-heading\">Falta de pintura en la carretera<\/h1>\n\n\n\n<div style=\"height:15px\" aria-hidden=\"true\" class=\"wp-block-spacer\"><\/div>\n\n\n\n<p>Un automovilista puede necesitar utilizar las se\u00f1ales y l\u00edneas de pintura de tr\u00e1fico para navegar con seguridad por carreteras desconocidas. Si falta esta pintura, un conductor puede no tener suficiente informaci\u00f3n para facilitar un viaje seguro. Un organismo gubernamental local o estatal suele ser responsable de proporcionar este servicio b\u00e1sico. Cuando estas partes no cumplen adecuadamente con sus obligaciones, los automovilistas pueden confundirse y pueden ser m\u00e1s propensos a verse involucrados en accidentes peligrosos.<\/p>\n\n\n\n<p>Si usted ha resultado perjudicado en un accidente de tr\u00e1fico provocado por la ausencia de la pintura necesaria en la carretera, es posible que pueda solicitar una compensaci\u00f3n econ\u00f3mica a trav\u00e9s de una demanda civil. P\u00f3ngase en contacto con los abogados especializados en defectos de la carretera Charleston del&nbsp;<a href=\"https:\/\/www.steinberglawfirm.com\/about-us\/\" target=\"_blank\" rel=\"noopener\">Steinberg Law Firm<\/a>&nbsp;llamando al 843-720-2800 para saber m\u00e1s sobre sus derechos legales en esta situaci\u00f3n.<\/p>\n\n\n\n<p><strong>PROBLEMAS DE PINTURA EN LA CARRETERA<\/strong><\/p>\n\n\n\n<p>La pintura de carretera es un tipo de se\u00f1al vital que se adhiere a la superficie de la carretera en lugar de estar colocada en el lateral. Esta pintura suele proporcionar al automovilista informaci\u00f3n que puede no ser f\u00e1cilmente comunicada a trav\u00e9s de las se\u00f1ales. Sin embargo, hay algunos casos en los que la pintura de la carretera puede hacerse eco de la advertencia ofrecida por una se\u00f1al cercana. Los siguientes problemas pueden ocurrir cuando una agencia de transporte no pinta adecuadamente una carretera:<\/p>\n\n\n\n<ul class=\"wp-block-list\"><li>Falta de informaci\u00f3n y colocaci\u00f3n de carriles<\/li><li>Falta de informaci\u00f3n sobre el paso del carril<\/li><li>Falta de se\u00f1alizaci\u00f3n de las zonas de entrada y salida de emergencia<\/li><li>Falta de avisos en los cruces de ferrocarril<\/li><\/ul>\n\n\n\n<p>La presencia de l\u00edneas que indican los l\u00edmites de los carriles es algo que los automovilistas dan f\u00e1cilmente por sentado, pero tiene una importancia tan fundamental que el organismo municipal encargado del mantenimiento de las carreteras no puede pasarla por alto.<\/p>\n\n\n\n<h2 class=\"wp-block-heading\">Abogados de lesiones personales que representan a Charleston y \u00e1reas cercanas de South Carolina<\/h2>\n\n\n\n<p><strong>CONTACTAR CON NOSOTROS<\/strong><\/p>\n\n\n\n<p>Si se ha lesionado a causa de una carretera mal mantenida o sin pintar, podemos ayudarle a responsabilizar a una agencia municipal negligente. Una acci\u00f3n legal exitosa puede ayudarle a obtener los recursos financieros que necesita para hacer frente a cualquier factura m\u00e9dica, salarios perdidos u otros da\u00f1os incurridos por el choque. Para obtener m\u00e1s informaci\u00f3n, p\u00f3ngase en contacto con los abogados especializados en defectos de la carretera de la Charleston hoy mismo en el 843-720-2800.<\/p>","protected":false},"excerpt":{"rendered":"<p>Falta de pintura en la carretera Un automovilista puede necesitar utilizar las se\u00f1ales y l\u00edneas de pintura de tr\u00e1fico para navegar con seguridad por carreteras desconocidas. Si falta esta pintura, el conductor puede no tener suficiente informaci\u00f3n para facilitar un viaje seguro. Una agencia gubernamental local o estatal suele ser responsable de proporcionar este servicio b\u00e1sico. Cuando estas partes no logran...<\/p>","protected":false},"author":1,"featured_media":19679,"parent":2195,"menu_order":0,"comment_status":"closed","ping_status":"closed","template":"","meta":{"_acf_changed":false,"footnotes":""},"class_list":["post-2824","page","type-page","status-publish","has-post-thumbnail","hentry"],"acf":[],"_links":{"self":[{"href":"https:\/\/steinberglawfirm-staging.clmcloud.app\/es\/wp-json\/wp\/v2\/pages\/2824"}],"collection":[{"href":"https:\/\/steinberglawfirm-staging.clmcloud.app\/es\/wp-json\/wp\/v2\/pages"}],"about":[{"href":"https:\/\/steinberglawfirm-staging.clmcloud.app\/es\/wp-json\/wp\/v2\/types\/page"}],"author":[{"embeddable":true,"href":"https:\/\/steinberglawfirm-staging.clmcloud.app\/es\/wp-json\/wp\/v2\/users\/1"}],"replies":[{"embeddable":true,"href":"https:\/\/steinberglawfirm-staging.clmcloud.app\/es\/wp-json\/wp\/v2\/comments?post=2824"}],"version-history":[{"count":1,"href":"https:\/\/steinberglawfirm-staging.clmcloud.app\/es\/wp-json\/wp\/v2\/pages\/2824\/revisions"}],"predecessor-version":[{"id":19997,"href":"https:\/\/steinberglawfirm-staging.clmcloud.app\/es\/wp-json\/wp\/v2\/pages\/2824\/revisions\/19997"}],"up":[{"embeddable":true,"href":"https:\/\/steinberglawfirm-staging.clmcloud.app\/es\/wp-json\/wp\/v2\/pages\/2195"}],"wp:featuredmedia":[{"embeddable":true,"href":"https:\/\/steinberglawfirm-staging.clmcloud.app\/es\/wp-json\/wp\/v2\/media\/19679"}],"wp:attachment":[{"href":"https:\/\/steinberglawfirm-staging.clmcloud.app\/es\/wp-json\/wp\/v2\/media?parent=2824"}],"curies":[{"name":"wp","href":"https:\/\/api.w.org\/{rel}","templated":true}]}}