{"id":2820,"date":"2017-08-30T23:24:23","date_gmt":"2017-08-30T23:24:23","guid":{"rendered":"https:\/\/www.steinberglawfirm.com\/?page_id=2820"},"modified":"2022-04-19T22:47:39","modified_gmt":"2022-04-19T22:47:39","slug":"manufacturing-vs-design-defect","status":"publish","type":"page","link":"https:\/\/steinberglawfirm-staging.clmcloud.app\/es\/articulos\/defecto-de-fabricacion-vs-diseno\/","title":{"rendered":"Defecto de fabricaci\u00f3n o de dise\u00f1o"},"content":{"rendered":"<h1 class=\"wp-block-heading\">Defecto de fabricaci\u00f3n o de dise\u00f1o<\/h1>\n\n\n\n<div style=\"height:15px\" aria-hidden=\"true\" class=\"wp-block-spacer\"><\/div>\n\n\n\n<p>Un producto defectuoso es un producto defectuoso, \u00bfverdad? Pero la cuesti\u00f3n no es tan sencilla cuando se emprende una acci\u00f3n legal para obtener una indemnizaci\u00f3n o una sentencia civil contra el fabricante de un producto que le ha lesionado. Como demandante, tiene que demostrar que la lesi\u00f3n fue el resultado de un defecto en el producto y no una consecuencia de un comportamiento inseguro por su parte. Adem\u00e1s, debe demostrar que la naturaleza del incidente fue m\u00e1s all\u00e1 del alcance del riesgo razonable y advertido asociado a un producto, como una quemadura por un encendedor, por ejemplo.<\/p>\n\n\n\n<p>Adem\u00e1s, el representante legal que usted elija debe determinar si el defecto espec\u00edfico responsable de su lesi\u00f3n se gener\u00f3 en el proceso de fabricaci\u00f3n o en la fase de dise\u00f1o de la producci\u00f3n. Esto es fundamental porque ser\u00eda dif\u00edcil convencer a un juez o a un jurado de que su caso tiene m\u00e9rito si su abogado pretende alegar que se trata de un tipo de defecto cuando en realidad es el otro. Un caso mal gestionado podr\u00eda tener un resultado desfavorable debido a un tecnicismo legal, y usted podr\u00eda perder la oportunidad de obtener la compensaci\u00f3n que merece.<\/p>\n\n\n\n<p>Aunque la l\u00ednea que separa los dos tipos de defectos del producto es a menudo poco clara, la distinci\u00f3n b\u00e1sica de principio es la siguiente:<\/p>\n\n\n\n<p><strong>DEFECTO DE FABRICACI\u00d3N<\/strong><\/p>\n\n\n\n<p>Existe un defecto de fabricaci\u00f3n si la falla en el producto que usted utiliz\u00f3 no se encuentra en todos los art\u00edculos creados de manera similar. Por ejemplo, si un trabajador de la cadena de montaje se olvid\u00f3 de realizar alguna acci\u00f3n, como la inserci\u00f3n de un remache de carga, o si los materiales utilizados para una parte de una tirada de fabricaci\u00f3n no eran de calidad, entonces posiblemente estar\u00edamos ante un defecto de fabricaci\u00f3n.<\/p>\n\n\n\n<p><strong>DEFECTO DE DISE\u00d1O<\/strong><\/p>\n\n\n\n<p>Un defecto de dise\u00f1o es un fallo inherente a la construcci\u00f3n y uso previstos de un producto, por lo que se encontrar\u00e1 en todos los objetos fabricados. Uno de los productos que suele ser objeto de retirada por este defecto es la cuna infantil. Se han retirado muchas marcas y modelos diferentes porque suponen una amenaza para la seguridad de los beb\u00e9s y ni\u00f1os peque\u00f1os que duermen en ellas.<\/p>\n\n\n\n<p>Como se ha dicho anteriormente, la distinci\u00f3n no siempre es f\u00e1cil de hacer, y esto s\u00f3lo debe servir como regla general b\u00e1sica. Para evaluar adecuadamente la naturaleza del defecto que caus\u00f3 su lesi\u00f3n, consulte a un profesional jur\u00eddico experimentado de la <a href=\"https:\/\/www.steinberglawfirm.com\/practice-areas\/personal-injury\/\" target=\"_blank\" rel=\"noopener\">Charleston abogados de da\u00f1os personales<\/a> de la&nbsp;<a href=\"https:\/\/www.steinberglawfirm.com\/about-us\/\" target=\"_blank\" rel=\"noopener\">Steinberg Law Firm<\/a>.<\/p>\n\n\n\n<h2 class=\"wp-block-heading\">Abogados de lesiones personales que representan a Charleston y \u00e1reas cercanas de South Carolina<\/h2>\n\n\n\n<p><strong>CONTACTAR CON NOSOTROS<\/strong><\/p>\n\n\n\n<p>Dado que es tan importante que su acci\u00f3n legal sea procesada con el argumento correcto, le instamos a&nbsp;<a href=\"https:\/\/www.steinberglawfirm.com\/contact-us\/\" target=\"_blank\" rel=\"noopener\">contactar con<\/a>&nbsp;los abogados de lesiones personales del Charleston si ha sufrido una lesi\u00f3n debido a un producto defectuoso. Ll\u00e1menos al 843-720-2800 para comenzar su esfuerzo por reclamar lo que es suyo.<\/p>","protected":false},"excerpt":{"rendered":"<p>Defecto de fabricaci\u00f3n frente a defecto de dise\u00f1o Un producto defectuoso es un producto defectuoso, \u00bfverdad? Pero la cuesti\u00f3n no es tan sencilla cuando se emprende una acci\u00f3n legal para obtener una indemnizaci\u00f3n o una sentencia civil contra el fabricante de un producto que le ha lesionado. Como demandante, se le exige que demuestre que la lesi\u00f3n fue...<\/p>","protected":false},"author":1,"featured_media":5589,"parent":2195,"menu_order":0,"comment_status":"closed","ping_status":"closed","template":"","meta":{"_acf_changed":false,"footnotes":""},"class_list":["post-2820","page","type-page","status-publish","has-post-thumbnail","hentry"],"acf":[],"_links":{"self":[{"href":"https:\/\/steinberglawfirm-staging.clmcloud.app\/es\/wp-json\/wp\/v2\/pages\/2820"}],"collection":[{"href":"https:\/\/steinberglawfirm-staging.clmcloud.app\/es\/wp-json\/wp\/v2\/pages"}],"about":[{"href":"https:\/\/steinberglawfirm-staging.clmcloud.app\/es\/wp-json\/wp\/v2\/types\/page"}],"author":[{"embeddable":true,"href":"https:\/\/steinberglawfirm-staging.clmcloud.app\/es\/wp-json\/wp\/v2\/users\/1"}],"replies":[{"embeddable":true,"href":"https:\/\/steinberglawfirm-staging.clmcloud.app\/es\/wp-json\/wp\/v2\/comments?post=2820"}],"version-history":[{"count":2,"href":"https:\/\/steinberglawfirm-staging.clmcloud.app\/es\/wp-json\/wp\/v2\/pages\/2820\/revisions"}],"predecessor-version":[{"id":19996,"href":"https:\/\/steinberglawfirm-staging.clmcloud.app\/es\/wp-json\/wp\/v2\/pages\/2820\/revisions\/19996"}],"up":[{"embeddable":true,"href":"https:\/\/steinberglawfirm-staging.clmcloud.app\/es\/wp-json\/wp\/v2\/pages\/2195"}],"wp:featuredmedia":[{"embeddable":true,"href":"https:\/\/steinberglawfirm-staging.clmcloud.app\/es\/wp-json\/wp\/v2\/media\/5589"}],"wp:attachment":[{"href":"https:\/\/steinberglawfirm-staging.clmcloud.app\/es\/wp-json\/wp\/v2\/media?parent=2820"}],"curies":[{"name":"wp","href":"https:\/\/api.w.org\/{rel}","templated":true}]}}