{"id":2818,"date":"2017-08-30T23:23:28","date_gmt":"2017-08-30T23:23:28","guid":{"rendered":"https:\/\/www.steinberglawfirm.com\/?page_id=2818"},"modified":"2022-04-19T22:46:48","modified_gmt":"2022-04-19T22:46:48","slug":"lack-of-medical-ethics","status":"publish","type":"page","link":"https:\/\/steinberglawfirm-staging.clmcloud.app\/es\/articulos\/falta-de-etica-medica\/","title":{"rendered":"Falta de \u00e9tica m\u00e9dica"},"content":{"rendered":"<h1 class=\"wp-block-heading\">Falta de \u00e9tica m\u00e9dica<\/h1>\n\n\n\n<div style=\"height:15px\" aria-hidden=\"true\" class=\"wp-block-spacer\"><\/div>\n\n\n\n<p>Cada d\u00eda, los m\u00e9dicos de todo el pa\u00eds se enfrentan a nuevos retos y tienen que tomar decisiones dif\u00edciles que pueden cambiar para siempre la vida de un paciente. Ocasionalmente, pueden surgir situaciones que ponen a prueba el sentido del bien y del mal de un m\u00e9dico. Para estas decisiones, los m\u00e9dicos se gu\u00edan por su juramento hipocr\u00e1tico, que establece claramente que los m\u00e9dicos no deben hacer da\u00f1o a sus pacientes. Sin embargo, no todos los m\u00e9dicos toman decisiones que honren esta promesa.<\/p>\n\n\n\n<p>Si un m\u00e9dico ha abusado de usted o le ha maltratado, p\u00f3ngase en contacto con el&nbsp;<a href=\"https:\/\/www.steinberglawfirm.com\/practice-areas\/medical-malpractice\/\" target=\"_blank\" rel=\"noopener\">Charleston abogados de negligencia m\u00e9dica<\/a>&nbsp;de la&nbsp;<a href=\"https:\/\/www.steinberglawfirm.com\/about-us\/\" target=\"_blank\" rel=\"noopener\">Steinberg Law Firm<\/a>&nbsp;al 843-720-2800. Deje que nuestra experiencia y conocimiento de la ley le ayude a entender mejor sus opciones legales hoy.<\/p>\n\n\n\n<p><strong>CASOS DE VIOLACIONES DE LA \u00c9TICA M\u00c9DICA<\/strong><\/p>\n\n\n\n<p>La violaci\u00f3n del c\u00f3digo de conducta entre m\u00e9dicos y pacientes puede tener graves consecuencias para la salud del paciente. El sentido del derecho de un m\u00e9dico suele traducirse de forma m\u00e1s pr\u00e1ctica en la voluntad de tener en cuenta los intereses del paciente. Un buen m\u00e9dico tendr\u00e1 en cuenta c\u00f3mo se siente el paciente, lo c\u00f3modo que est\u00e1 y si est\u00e1 preparado o no para determinadas opciones de tratamiento. La falta de este sentido de la \u00e9tica puede aparecer en algunos de los siguientes casos:<\/p>\n\n\n\n<ul class=\"wp-block-list\"><li>Pruebas y tratamientos innecesarios<\/li><li>No explorar adecuadamente los diagn\u00f3sticos o las opciones de tratamiento<\/li><li>Mala comunicaci\u00f3n con los pacientes<\/li><li>Abuso f\u00edsico<\/li><li>Conducta sexual inapropiada<\/li><\/ul>\n\n\n\n<p>En particular, la mala conducta sexual y la agresi\u00f3n f\u00edsica a un paciente representan abusos de una posici\u00f3n de poder. Por ello, los pacientes pueden sentir que no pueden hacer mucho para protegerse de estas agresiones e incluso pueden tener miedo de denunciar a su m\u00e9dico.<\/p>\n\n\n\n<h2 class=\"wp-block-heading\">Abogados de lesiones personales que representan a Charleston y \u00e1reas cercanas de South Carolina<\/h2>\n\n\n\n<p><strong>CONTACTAR CON NOSOTROS<\/strong><\/p>\n\n\n\n<p>Si ha sufrido a causa del maltrato o la conducta negligente de un m\u00e9dico, puede tener derecho a solicitar una compensaci\u00f3n econ\u00f3mica. Para obtener informaci\u00f3n adicional sobre sus opciones legales, p\u00f3ngase en contacto con los abogados de negligencia m\u00e9dica del Charleston llamando al 843-720-2800 hoy mismo.<\/p>","protected":false},"excerpt":{"rendered":"<p>Falta de \u00e9tica m\u00e9dica Cada d\u00eda, los m\u00e9dicos de todo el pa\u00eds se enfrentan a nuevos retos y tienen que tomar decisiones dif\u00edciles que pueden cambiar para siempre la vida de un paciente. Ocasionalmente, pueden surgir situaciones que ponen a prueba el sentido del bien y del mal de un m\u00e9dico. Para estas decisiones, los m\u00e9dicos se gu\u00edan por su juramento hipocr\u00e1tico, que establece claramente que los m\u00e9dicos deben...<\/p>","protected":false},"author":1,"featured_media":19842,"parent":2195,"menu_order":0,"comment_status":"closed","ping_status":"closed","template":"","meta":{"_acf_changed":false,"footnotes":""},"class_list":["post-2818","page","type-page","status-publish","has-post-thumbnail","hentry"],"acf":[],"_links":{"self":[{"href":"https:\/\/steinberglawfirm-staging.clmcloud.app\/es\/wp-json\/wp\/v2\/pages\/2818"}],"collection":[{"href":"https:\/\/steinberglawfirm-staging.clmcloud.app\/es\/wp-json\/wp\/v2\/pages"}],"about":[{"href":"https:\/\/steinberglawfirm-staging.clmcloud.app\/es\/wp-json\/wp\/v2\/types\/page"}],"author":[{"embeddable":true,"href":"https:\/\/steinberglawfirm-staging.clmcloud.app\/es\/wp-json\/wp\/v2\/users\/1"}],"replies":[{"embeddable":true,"href":"https:\/\/steinberglawfirm-staging.clmcloud.app\/es\/wp-json\/wp\/v2\/comments?post=2818"}],"version-history":[{"count":1,"href":"https:\/\/steinberglawfirm-staging.clmcloud.app\/es\/wp-json\/wp\/v2\/pages\/2818\/revisions"}],"predecessor-version":[{"id":19994,"href":"https:\/\/steinberglawfirm-staging.clmcloud.app\/es\/wp-json\/wp\/v2\/pages\/2818\/revisions\/19994"}],"up":[{"embeddable":true,"href":"https:\/\/steinberglawfirm-staging.clmcloud.app\/es\/wp-json\/wp\/v2\/pages\/2195"}],"wp:featuredmedia":[{"embeddable":true,"href":"https:\/\/steinberglawfirm-staging.clmcloud.app\/es\/wp-json\/wp\/v2\/media\/19842"}],"wp:attachment":[{"href":"https:\/\/steinberglawfirm-staging.clmcloud.app\/es\/wp-json\/wp\/v2\/media?parent=2818"}],"curies":[{"name":"wp","href":"https:\/\/api.w.org\/{rel}","templated":true}]}}