{"id":2816,"date":"2017-08-30T23:22:32","date_gmt":"2017-08-30T23:22:32","guid":{"rendered":"https:\/\/www.steinberglawfirm.com\/?page_id=2816"},"modified":"2022-04-19T22:46:17","modified_gmt":"2022-04-19T22:46:17","slug":"is-your-childs-playground-safe","status":"publish","type":"page","link":"https:\/\/steinberglawfirm-staging.clmcloud.app\/es\/articulos\/es-seguro-el-patio-de-sus-ninos\/","title":{"rendered":"\u00bfEs seguro el parque infantil de su hijo?"},"content":{"rendered":"<h1 class=\"wp-block-heading\">\u00bfEs seguro el parque infantil de su hijo?<\/h1>\n\n\n\n<div style=\"height:15px\" aria-hidden=\"true\" class=\"wp-block-spacer\"><\/div>\n\n\n\n<p>Naturalmente, la primera preocupaci\u00f3n de todo padre es la seguridad de sus hijos. Esto es especialmente cierto en un parque infantil, donde los ni\u00f1os peque\u00f1os pasan gran parte de su tiempo corriendo, trepando y realizando otras actividades f\u00edsicas que pueden provocar lesiones. A pesar de los avances realizados en el dise\u00f1o de equipos seguros, m\u00e1s de 200.000 ni\u00f1os siguen acudiendo a los servicios de urgencias cada a\u00f1o debido a lesiones relacionadas con los parques infantiles.<\/p>\n\n\n\n<p>En el&nbsp;<a href=\"https:\/\/www.steinberglawfirm.com\/about-us\/\" target=\"_blank\" rel=\"noopener\">Steinberg Law Firm<\/a>, nuestro <a href=\"https:\/\/www.steinberglawfirm.com\/practice-areas\/personal-injury\/\" target=\"_blank\" rel=\"noopener\">Charleston abogados de da\u00f1os personales<\/a> queremos que todos los ni\u00f1os est\u00e9n lo m\u00e1s seguros posible. Si sus hijos visitan regularmente un parque o zona de juegos local, utilice estas directrices para determinar si su equipamiento es lo suficientemente seguro.<\/p>\n\n\n\n<p><strong>EQUIPOS DE JUEGO SEGUROS<\/strong><\/p>\n\n\n\n<p>Un buen parque infantil debe tener:<\/p>\n\n\n\n<ul class=\"wp-block-list\"><li>Un revestimiento del suelo que proteja al ni\u00f1o que se caiga, como virutas de madera, arena suelta o trozos de goma;<\/li><li>Zonas de juego separadas para ni\u00f1os mayores y menores;<\/li><li>Barreras de protecci\u00f3n alrededor de todos los equipos elevados, como plataformas, escaleras y rampas;<\/li><li>Equipo bien mantenido: sin metal oxidado ni madera astillada;<\/li><li>Columpios de goma o de pl\u00e1stico, con asientos de cubo para los ni\u00f1os peque\u00f1os que est\u00e1n lejos de los columpios para los ni\u00f1os mayores;<\/li><\/ul>\n\n\n\n<h2 class=\"wp-block-heading\">Abogados de lesiones personales que representan a Charleston y \u00e1reas cercanas de South Carolina<\/h2>\n\n\n\n<p><strong>SI SU HIJO SE HA LESIONADO<\/strong><\/p>\n\n\n\n<p>Dependiendo de las circunstancias, las personas que fabricaron el equipo del parque infantil o la agencia encargada de su mantenimiento pueden ser responsables. Una demanda exitosa puede ayudarle a obtener una indemnizaci\u00f3n por las facturas m\u00e9dicas y el sufrimiento.<\/p>\n\n\n\n<p>Para discutir su caso con un abogado de lesiones infantiles Charleston,&nbsp;<a href=\"https:\/\/www.steinberglawfirm.com\/contact-us\/\" target=\"_blank\" rel=\"noopener\">contactar con<\/a>&nbsp;el Steinberg Law Firm al 843-720-2800.<\/p>","protected":false},"excerpt":{"rendered":"<p>\u00bfEs seguro el parque infantil de su hijo? Naturalmente, la primera preocupaci\u00f3n de todo padre es la seguridad de sus hijos. Esto es especialmente cierto en un parque infantil, donde los ni\u00f1os peque\u00f1os pasan gran parte de su tiempo corriendo, trepando y realizando otras actividades f\u00edsicas que pueden provocar lesiones. A pesar de los avances que se han producido en...<\/p>","protected":false},"author":1,"featured_media":19992,"parent":2195,"menu_order":0,"comment_status":"closed","ping_status":"closed","template":"","meta":{"_acf_changed":false,"footnotes":""},"class_list":["post-2816","page","type-page","status-publish","has-post-thumbnail","hentry"],"acf":[],"_links":{"self":[{"href":"https:\/\/steinberglawfirm-staging.clmcloud.app\/es\/wp-json\/wp\/v2\/pages\/2816"}],"collection":[{"href":"https:\/\/steinberglawfirm-staging.clmcloud.app\/es\/wp-json\/wp\/v2\/pages"}],"about":[{"href":"https:\/\/steinberglawfirm-staging.clmcloud.app\/es\/wp-json\/wp\/v2\/types\/page"}],"author":[{"embeddable":true,"href":"https:\/\/steinberglawfirm-staging.clmcloud.app\/es\/wp-json\/wp\/v2\/users\/1"}],"replies":[{"embeddable":true,"href":"https:\/\/steinberglawfirm-staging.clmcloud.app\/es\/wp-json\/wp\/v2\/comments?post=2816"}],"version-history":[{"count":1,"href":"https:\/\/steinberglawfirm-staging.clmcloud.app\/es\/wp-json\/wp\/v2\/pages\/2816\/revisions"}],"predecessor-version":[{"id":19993,"href":"https:\/\/steinberglawfirm-staging.clmcloud.app\/es\/wp-json\/wp\/v2\/pages\/2816\/revisions\/19993"}],"up":[{"embeddable":true,"href":"https:\/\/steinberglawfirm-staging.clmcloud.app\/es\/wp-json\/wp\/v2\/pages\/2195"}],"wp:featuredmedia":[{"embeddable":true,"href":"https:\/\/steinberglawfirm-staging.clmcloud.app\/es\/wp-json\/wp\/v2\/media\/19992"}],"wp:attachment":[{"href":"https:\/\/steinberglawfirm-staging.clmcloud.app\/es\/wp-json\/wp\/v2\/media?parent=2816"}],"curies":[{"name":"wp","href":"https:\/\/api.w.org\/{rel}","templated":true}]}}