{"id":2813,"date":"2017-08-30T23:21:28","date_gmt":"2017-08-30T23:21:28","guid":{"rendered":"https:\/\/www.steinberglawfirm.com\/?page_id=2813"},"modified":"2023-08-21T19:05:31","modified_gmt":"2023-08-21T19:05:31","slug":"injuries-associated-with-slip-and-fall-accidents","status":"publish","type":"page","link":"https:\/\/steinberglawfirm-staging.clmcloud.app\/es\/articulos\/lesiones-asociadas-a-los-accidentes-de-resbalon-y-caida\/","title":{"rendered":"Lesiones asociadas a los accidentes por resbalones y ca\u00eddas"},"content":{"rendered":"<h1 class=\"wp-block-heading\">Lesiones asociadas a los accidentes por resbalones y ca\u00eddas<\/h1>\n\n\n\n<div style=\"height:15px\" aria-hidden=\"true\" class=\"wp-block-spacer\"><\/div>\n\n\n\n<p>Aunque los personajes de los dibujos animados que resbalan y se caen pueden provocar muchas risas en el p\u00fablico que los ve, estos accidentes no son motivo de risa en el mundo real. Los accidentes relacionados con las ca\u00eddas pueden ser dolorosos, e incluso pueden tener consecuencias devastadoras. Cuando el due\u00f1o de una propiedad o el propietario de un establecimiento comercial no observa ni elimina los peligros de resbalones y tropiezos, puede ser considerado legalmente responsable de las consecuencias de cualquier accidente que se produzca.<\/p>\n\n\n\n<p>Si se ha resbalado o tropezado y se ha ca\u00eddo en la propiedad de otra persona, puede solicitar una compensaci\u00f3n econ\u00f3mica por las lesiones sufridas. Para determinar si tiene motivos suficientes para presentar una demanda civil, p\u00f3ngase en contacto con el experto y experimentado <a href=\"https:\/\/www.steinberglawfirm.com\/practice-areas\/premises-liability\/\" target=\"_blank\" rel=\"noopener\">Charleston abogados de responsabilidad civil<\/a> de la\u00a0<a href=\"https:\/\/www.steinberglawfirm.com\/about-us\/\" target=\"_blank\" rel=\"noopener\">Steinberg Law Firm<\/a>\u00a0en\u00a0<a href=\"tel:1-843-720-2800\">843-720-2800<\/a> para discutir los detalles espec\u00edficos de su situaci\u00f3n.<\/p>\n\n\n\n<p><strong>LESIONES COMUNES POR RESBALONES Y CA\u00cdDAS<\/strong><\/p>\n\n\n\n<p>Las lesiones m\u00e1s comunes por resbalones y ca\u00eddas pueden incluir:<\/p>\n\n\n\n<ul class=\"wp-block-list\">\n<li>Lesiones cerebrales traum\u00e1ticas<\/li>\n\n\n\n<li>Fractura de huesos<\/li>\n\n\n\n<li>Contusiones graves<\/li>\n\n\n\n<li>Dislocaciones articulares<\/li>\n\n\n\n<li>Lesiones de la m\u00e9dula espinal<\/li>\n\n\n\n<li>Lesiones de espalda y cuello<\/li>\n\n\n\n<li>Desgarros musculares<\/li>\n<\/ul>\n\n\n\n<p>El alcance de los da\u00f1os infligidos por un accidente de resbal\u00f3n y ca\u00edda depende de una serie de factores diferentes que probablemente var\u00eden considerablemente de un caso a otro. Las ca\u00eddas desde una altura, por ejemplo, suelen causar lesiones m\u00e1s graves que las que se producen en un nivel, y las ca\u00eddas que se producen cerca de estructuras u objetos que pueden aumentar el riesgo de traumatismo por objeto contundente suelen ser peores que las que no lo hacen.<\/p>\n\n\n\n<h2 class=\"wp-block-heading\">Abogados de lesiones personales que representan a Charleston y \u00e1reas cercanas de South Carolina<\/h2>\n\n\n\n<p><strong><br>CONTACTAR CON NOSOTROS<\/strong><\/p>\n\n\n\n<p>Nuestro bufete se compromete a ayudar a las v\u00edctimas de la negligencia de los propietarios a luchar por la compensaci\u00f3n econ\u00f3mica que les corresponde.\u00a0<a href=\"https:\/\/www.steinberglawfirm.com\/contact-us\/\" target=\"_blank\" rel=\"noopener\">Contacte con<\/a>\u00a0el\u00a0<a href=\"https:\/\/www.steinberglawfirm.com\/practice-areas\/personal-injury\/\" target=\"_blank\" rel=\"noopener\">Charleston abogados de da\u00f1os personales<\/a>\u00a0del Steinberg Law Firm en\u00a0<a href=\"tel:1-843-720-2800\">843-720-2800<\/a>.<\/p>","protected":false},"excerpt":{"rendered":"<p>Lesiones asociadas a los accidentes por resbalones y ca\u00eddas Aunque los personajes de los dibujos animados que resbalan y se caen pueden provocar muchas risas en el p\u00fablico que los ve, estos accidentes no son cosa de risa en el mundo real. Los accidentes relacionados con las ca\u00eddas pueden ser dolorosos, e incluso pueden tener consecuencias devastadoras. Cuando el due\u00f1o de una propiedad o el propietario de un establecimiento comercial no...<\/p>","protected":false},"author":1,"featured_media":15300,"parent":2195,"menu_order":0,"comment_status":"closed","ping_status":"closed","template":"","meta":{"_acf_changed":false,"footnotes":""},"class_list":["post-2813","page","type-page","status-publish","has-post-thumbnail","hentry"],"acf":[],"_links":{"self":[{"href":"https:\/\/steinberglawfirm-staging.clmcloud.app\/es\/wp-json\/wp\/v2\/pages\/2813"}],"collection":[{"href":"https:\/\/steinberglawfirm-staging.clmcloud.app\/es\/wp-json\/wp\/v2\/pages"}],"about":[{"href":"https:\/\/steinberglawfirm-staging.clmcloud.app\/es\/wp-json\/wp\/v2\/types\/page"}],"author":[{"embeddable":true,"href":"https:\/\/steinberglawfirm-staging.clmcloud.app\/es\/wp-json\/wp\/v2\/users\/1"}],"replies":[{"embeddable":true,"href":"https:\/\/steinberglawfirm-staging.clmcloud.app\/es\/wp-json\/wp\/v2\/comments?post=2813"}],"version-history":[{"count":2,"href":"https:\/\/steinberglawfirm-staging.clmcloud.app\/es\/wp-json\/wp\/v2\/pages\/2813\/revisions"}],"predecessor-version":[{"id":26909,"href":"https:\/\/steinberglawfirm-staging.clmcloud.app\/es\/wp-json\/wp\/v2\/pages\/2813\/revisions\/26909"}],"up":[{"embeddable":true,"href":"https:\/\/steinberglawfirm-staging.clmcloud.app\/es\/wp-json\/wp\/v2\/pages\/2195"}],"wp:featuredmedia":[{"embeddable":true,"href":"https:\/\/steinberglawfirm-staging.clmcloud.app\/es\/wp-json\/wp\/v2\/media\/15300"}],"wp:attachment":[{"href":"https:\/\/steinberglawfirm-staging.clmcloud.app\/es\/wp-json\/wp\/v2\/media?parent=2813"}],"curies":[{"name":"wp","href":"https:\/\/api.w.org\/{rel}","templated":true}]}}