{"id":2811,"date":"2017-08-30T23:20:39","date_gmt":"2017-08-30T23:20:39","guid":{"rendered":"https:\/\/www.steinberglawfirm.com\/?page_id=2811"},"modified":"2022-04-19T22:41:16","modified_gmt":"2022-04-19T22:41:16","slug":"infections-from-animal-attacks","status":"publish","type":"page","link":"https:\/\/steinberglawfirm-staging.clmcloud.app\/es\/articulos\/infecciones-por-ataques-animales\/","title":{"rendered":"Infecciones por ataques de animales"},"content":{"rendered":"<h1 class=\"wp-block-heading\">Infecciones por ataques de animales<\/h1>\n\n\n\n<div style=\"height:15px\" aria-hidden=\"true\" class=\"wp-block-spacer\"><\/div>\n\n\n\n<p>La boca de los animales es un caldo de cultivo para las bacterias. Por ello, los profesionales m\u00e9dicos se toman muy en serio las mordeduras de animales. Aunque la rabia es un problema muy conocido, hay otros tipos de infecciones y enfermedades que pueden transmitirse a partir de animales salvajes y de animales dom\u00e9sticos como perros y gatos.<\/p>\n\n\n\n<p>Para una consulta gratuita que pueda ayudarle a determinar sus opciones legales, contacte con el&nbsp;<a href=\"https:\/\/www.steinberglawfirm.com\/practice-areas\/personal-injury\/\" target=\"_blank\" rel=\"noopener\">Charleston abogados de da\u00f1os personales<\/a>&nbsp;de la&nbsp;<a href=\"https:\/\/www.steinberglawfirm.com\/about-us\/\" target=\"_blank\" rel=\"noopener\">Steinberg Law Firm<\/a>&nbsp;al 843-720-2800 hoy mismo.<\/p>\n\n\n\n<p><strong>TRANSMITIR LA ENFERMEDAD<\/strong><\/p>\n\n\n\n<p>Cuando un animal muerde a un humano, la preocupaci\u00f3n m\u00e1s evidente sigue siendo la gran cantidad de da\u00f1os en los tejidos que puede sufrir la v\u00edctima. En el caso de los perros, esto suele aparecer en forma de huesos rotos y da\u00f1os en los tejidos m\u00e1s profundos. En el caso de los gatos, sus afilados dientes pueden perforar la piel con mayor facilidad, aumentando las tasas de infecci\u00f3n. En cualquier caso, las bacterias que se transmiten a trav\u00e9s de una mordedura pueden provocar enfermedades graves. Las siguientes infecciones se citan a menudo tras el ataque de un animal:<\/p>\n\n\n\n<ul class=\"wp-block-list\"><li>Streptococcus<\/li><li>Staphylococcus<\/li><li>Pasteurelosis, que provoca hinchaz\u00f3n y dolor<\/li><li>Capnocytophaga, que puede causar envenenamiento de la sangre<\/li><\/ul>\n\n\n\n<p>Estas infecciones tienen m\u00e1s posibilidades de convertirse en problemas m\u00e9dicos graves si la persona es mordida en la mano, que es una de las zonas de mordedura m\u00e1s comunes. La mano, que tiene poca protecci\u00f3n en t\u00e9rminos de m\u00fasculo y capas de tejido grueso, puede resultar un sitio f\u00e1cil para que las infecciones lleguen a vasos sangu\u00edneos relativamente poco profundos.<\/p>\n\n\n\n<h2 class=\"wp-block-heading\">Abogados de lesiones personales que representan a Charleston y \u00e1reas cercanas de South Carolina<\/h2>\n\n\n\n<p><strong>CONTACTAR CON NOSOTROS<\/strong><\/p>\n\n\n\n<p>Si usted ha sido herido por un animal agresivo, puede tener derecho a interponer un recurso legal. Para discutir sus opciones con un asesor, p\u00f3ngase en contacto con los abogados de lesiones personales del Charleston hoy llamando al 843-720-2800.<\/p>","protected":false},"excerpt":{"rendered":"<p>Infecciones por ataques de animales La boca de los animales es un caldo de cultivo para las bacterias. Por ello, los profesionales m\u00e9dicos se toman muy en serio las mordeduras de animales. Aunque la rabia es un problema muy conocido, hay otros tipos de infecciones y enfermedades que pueden transmitirse a partir de animales salvajes y animales dom\u00e9sticos como perros y gatos. Para un...<\/p>","protected":false},"author":1,"featured_media":15250,"parent":2195,"menu_order":0,"comment_status":"closed","ping_status":"closed","template":"","meta":{"_acf_changed":false,"footnotes":""},"class_list":["post-2811","page","type-page","status-publish","has-post-thumbnail","hentry"],"acf":[],"_links":{"self":[{"href":"https:\/\/steinberglawfirm-staging.clmcloud.app\/es\/wp-json\/wp\/v2\/pages\/2811"}],"collection":[{"href":"https:\/\/steinberglawfirm-staging.clmcloud.app\/es\/wp-json\/wp\/v2\/pages"}],"about":[{"href":"https:\/\/steinberglawfirm-staging.clmcloud.app\/es\/wp-json\/wp\/v2\/types\/page"}],"author":[{"embeddable":true,"href":"https:\/\/steinberglawfirm-staging.clmcloud.app\/es\/wp-json\/wp\/v2\/users\/1"}],"replies":[{"embeddable":true,"href":"https:\/\/steinberglawfirm-staging.clmcloud.app\/es\/wp-json\/wp\/v2\/comments?post=2811"}],"version-history":[{"count":1,"href":"https:\/\/steinberglawfirm-staging.clmcloud.app\/es\/wp-json\/wp\/v2\/pages\/2811\/revisions"}],"predecessor-version":[{"id":19986,"href":"https:\/\/steinberglawfirm-staging.clmcloud.app\/es\/wp-json\/wp\/v2\/pages\/2811\/revisions\/19986"}],"up":[{"embeddable":true,"href":"https:\/\/steinberglawfirm-staging.clmcloud.app\/es\/wp-json\/wp\/v2\/pages\/2195"}],"wp:featuredmedia":[{"embeddable":true,"href":"https:\/\/steinberglawfirm-staging.clmcloud.app\/es\/wp-json\/wp\/v2\/media\/15250"}],"wp:attachment":[{"href":"https:\/\/steinberglawfirm-staging.clmcloud.app\/es\/wp-json\/wp\/v2\/media?parent=2811"}],"curies":[{"name":"wp","href":"https:\/\/api.w.org\/{rel}","templated":true}]}}