{"id":2809,"date":"2017-08-30T23:19:39","date_gmt":"2017-08-30T23:19:39","guid":{"rendered":"https:\/\/www.steinberglawfirm.com\/?page_id=2809"},"modified":"2022-04-19T22:40:22","modified_gmt":"2022-04-19T22:40:22","slug":"how-evidence-affects-your-case","status":"publish","type":"page","link":"https:\/\/steinberglawfirm-staging.clmcloud.app\/es\/articulos\/como-afectan-las-pruebas-a-tu-caso\/","title":{"rendered":"C\u00f3mo afectan las pruebas a su caso"},"content":{"rendered":"<h1 class=\"wp-block-heading\">C\u00f3mo afectan las pruebas a su caso<\/h1>\n\n\n\n<div style=\"height:15px\" aria-hidden=\"true\" class=\"wp-block-spacer\"><\/div>\n\n\n\n<p>Muchos casos de&nbsp;<a href=\"https:\/\/www.steinberglawfirm.com\/practice-areas\/medical-malpractice\/\" target=\"_blank\" rel=\"noopener\">negligencia m\u00e9dica<\/a>&nbsp;ocurren cada a\u00f1o debido a errores cometidos por m\u00e9dicos, enfermeras, farmac\u00e9uticos y otros profesionales de la medicina. Aunque estos errores pueden provocar complicaciones muy graves para un paciente, puede no ser f\u00e1cil demostrar que fueron causados por la negligencia de un profesional m\u00e9dico. Sin embargo, cuando se presentan esas pruebas, las posibilidades de que un paciente reciba una indemnizaci\u00f3n por una reclamaci\u00f3n aumentan sustancialmente.<\/p>\n\n\n\n<p>Afortunadamente, un abogado experto puede ayudarle a reunir y reforzar sus pruebas si se ha lesionado a causa de la negligencia de un m\u00e9dico. Para discutir sus opciones legales, p\u00f3ngase en contacto con los abogados de negligencia m\u00e9dica Charleston del&nbsp;<a href=\"https:\/\/www.steinberglawfirm.com\/about-us\/\" target=\"_blank\" rel=\"noopener\">Steinberg Law Firm<\/a>&nbsp;llamando al 843-720-2800 hoy mismo.<\/p>\n\n\n\n<p><strong>PRUEBAS EN CASOS DE MALA PRAXIS<\/strong><\/p>\n\n\n\n<p>La presentaci\u00f3n de pruebas fiables en un caso de mala praxis puede tener un gran impacto en las posibilidades de que un paciente consiga una indemnizaci\u00f3n. De hecho, un estudio de 2006 publicado en el New England Journal of Medicine mostr\u00f3 los siguientes resultados:<\/p>\n\n\n\n<ul class=\"wp-block-list\"><li>84% de los pacientes con evidencia \"casi segura\" de error fueron compensados<\/li><li>72% de los pacientes con \"fuertes indicios\" de error fueron compensados<\/li><li>61% de los pacientes con evidencia \"moderada\" de error fueron compensados<\/li><li>19% de los pacientes con \"casi ninguna o ninguna\" evidencia de error fueron compensados<\/li><\/ul>\n\n\n\n<p>Estos resultados muestran que cualquier cantidad de pruebas fiables puede tener un efecto profundo en el \u00edndice de \u00e9xito de un caso.<\/p>\n\n\n\n<h2 class=\"wp-block-heading\">Abogados de lesiones personales que representan a Charleston y \u00e1reas cercanas de South Carolina<\/h2>\n\n\n\n<p><strong>CONTACTAR CON NOSOTROS<\/strong><\/p>\n\n\n\n<p>Si usted o un ser querido ha sufrido por culpa de un m\u00e9dico negligente, podemos ayudarle a reunir las pruebas necesarias para presentar su caso con \u00e9xito. Para obtener m\u00e1s informaci\u00f3n sobre c\u00f3mo podemos ayudar a preparar una demanda para el tribunal, p\u00f3ngase en contacto con los abogados de negligencia m\u00e9dica de la Charleston hoy en 843-720-2800.<\/p>","protected":false},"excerpt":{"rendered":"<p>C\u00f3mo afectan las pruebas a su caso Cada a\u00f1o se producen muchos casos de negligencia m\u00e9dica debido a errores cometidos por m\u00e9dicos, enfermeras, farmac\u00e9uticos y otros profesionales de la medicina. Aunque estos errores pueden provocar complicaciones muy graves para un paciente, puede no ser f\u00e1cil demostrar que fueron causados por la negligencia de un profesional m\u00e9dico. Sin embargo, cuando esa prueba...<\/p>","protected":false},"author":1,"featured_media":5589,"parent":2195,"menu_order":0,"comment_status":"closed","ping_status":"closed","template":"","meta":{"_acf_changed":false,"footnotes":""},"class_list":["post-2809","page","type-page","status-publish","has-post-thumbnail","hentry"],"acf":[],"_links":{"self":[{"href":"https:\/\/steinberglawfirm-staging.clmcloud.app\/es\/wp-json\/wp\/v2\/pages\/2809"}],"collection":[{"href":"https:\/\/steinberglawfirm-staging.clmcloud.app\/es\/wp-json\/wp\/v2\/pages"}],"about":[{"href":"https:\/\/steinberglawfirm-staging.clmcloud.app\/es\/wp-json\/wp\/v2\/types\/page"}],"author":[{"embeddable":true,"href":"https:\/\/steinberglawfirm-staging.clmcloud.app\/es\/wp-json\/wp\/v2\/users\/1"}],"replies":[{"embeddable":true,"href":"https:\/\/steinberglawfirm-staging.clmcloud.app\/es\/wp-json\/wp\/v2\/comments?post=2809"}],"version-history":[{"count":1,"href":"https:\/\/steinberglawfirm-staging.clmcloud.app\/es\/wp-json\/wp\/v2\/pages\/2809\/revisions"}],"predecessor-version":[{"id":19985,"href":"https:\/\/steinberglawfirm-staging.clmcloud.app\/es\/wp-json\/wp\/v2\/pages\/2809\/revisions\/19985"}],"up":[{"embeddable":true,"href":"https:\/\/steinberglawfirm-staging.clmcloud.app\/es\/wp-json\/wp\/v2\/pages\/2195"}],"wp:featuredmedia":[{"embeddable":true,"href":"https:\/\/steinberglawfirm-staging.clmcloud.app\/es\/wp-json\/wp\/v2\/media\/5589"}],"wp:attachment":[{"href":"https:\/\/steinberglawfirm-staging.clmcloud.app\/es\/wp-json\/wp\/v2\/media?parent=2809"}],"curies":[{"name":"wp","href":"https:\/\/api.w.org\/{rel}","templated":true}]}}