{"id":2807,"date":"2017-08-30T23:18:46","date_gmt":"2017-08-30T23:18:46","guid":{"rendered":"https:\/\/www.steinberglawfirm.com\/?page_id=2807"},"modified":"2022-08-31T17:07:53","modified_gmt":"2022-08-31T17:07:53","slug":"hours-of-service-violations-and-truck-accidents","status":"publish","type":"page","link":"https:\/\/steinberglawfirm-staging.clmcloud.app\/es\/articulos\/horas-de-servicio-violaciones-y-accidentes-de-camion\/","title":{"rendered":"Infracciones de las horas de servicio y accidentes de camiones"},"content":{"rendered":"<h1 class=\"wp-block-heading\">Infracciones de las horas de servicio y accidentes de camiones<\/h1>\n\n\n\n<div style=\"height:15px\" aria-hidden=\"true\" class=\"wp-block-spacer\"><\/div>\n\n\n\n<p>Seg\u00fan la ley, los conductores de camiones s\u00f3lo pueden conducir una cierta cantidad de tiempo antes de tener que tomar un descanso. Sin embargo, por desgracia, estos conductores a menudo son presionados por sus empleadores para completar largos recorridos sin un descanso adecuado. Como resultado, su agotamiento puede conducir a una mala toma de decisiones en la carretera e incluso puede hacer que se queden dormidos mientras est\u00e1n al volante. Esto puede dar lugar a accidentes catastr\u00f3ficos y lesiones graves para el conductor del cami\u00f3n, as\u00ed como para los automovilistas cercanos.<\/p>\n\n\n\n<p>Si usted ha sufrido una lesi\u00f3n debido a un conductor de cami\u00f3n con exceso de trabajo, la compa\u00f1\u00eda de camiones que emplea al conductor puede ser considerada financieramente responsable por violar las leyes federales de horas de servicio. Para discutir sus opciones legales en m\u00e1s detalle, p\u00f3ngase en contacto con un abogado de accidentes Charleston de la&nbsp;<a href=\"https:\/\/www.steinberglawfirm.com\/about-us\/\" target=\"_blank\" rel=\"noopener\">Steinberg Law Firm<\/a>&nbsp;hoy llamando al 843-720-2800.<\/p>\n\n\n\n<p><strong>\u00bfCU\u00c1L ES LA NORMATIVA SOBRE HORAS DE SERVICIO?<\/strong><\/p>\n\n\n\n<p>Un conductor de cami\u00f3n puede ser obligado por su empleador a violar las leyes de horas de servicio. Sin embargo, cualquier empresa que sea sorprendida ignorando estas leyes puede ser considerada responsable de los accidentes derivados de la mala conducta del empleador.<\/p>\n\n\n\n<p>Las siguientes regulaciones sobre las horas de servicio est\u00e1n destinadas a prevenir los accidentes causados por el agotamiento del conductor del cami\u00f3n:<\/p>\n\n\n\n<ul class=\"wp-block-list\"><li>Los camioneros no pueden conducir m\u00e1s de 11 horas seguidas<\/li><li>Los conductores de camiones no pueden trabajar m\u00e1s de 14 horas consecutivas<\/li><li>Los camioneros no pueden trabajar m\u00e1s de 70 horas en ocho d\u00edas<\/li><li>Los camioneros no pueden trabajar m\u00e1s de 60 horas en siete d\u00edas<\/li><li>Todos los turnos de transporte deben ir precedidos de un descanso de al menos 10 horas<\/li><\/ul>\n\n\n\n<p>El incumplimiento de estas normas b\u00e1sicas puede dar lugar a graves&nbsp;<a href=\"https:\/\/www.steinberglawfirm.com\/practice-areas\/truck-accidents\/\" target=\"_blank\" rel=\"noopener\">accidentes de camiones<\/a>Es importante que las v\u00edctimas de estos tr\u00e1gicos sucesos luchen contra la empresa de transporte negligente responsable de las infracciones.<\/p>\n\n\n\n<h2 class=\"wp-block-heading\">Abogados de lesiones personales que representan a Charleston y \u00e1reas cercanas de South Carolina<\/h2>\n\n\n\n<p><strong>CONTACTAR CON NOSOTROS<\/strong><\/p>\n\n\n\n<p>Un accidente de cami\u00f3n puede dejarle con lesiones graves e incluso permanentes, pero puede tener derecho a una indemnizaci\u00f3n de la parte culpable. Si necesita ayuda para luchar por una compensaci\u00f3n econ\u00f3mica por su <a href=\"https:\/\/www.steinberglawfirm.com\/truck-accident-report\/\" target=\"_blank\" rel=\"noopener\">lesiones tras un accidente de cami\u00f3n<\/a>, p\u00f3ngase en contacto con un <a href=\"https:\/\/www.steinberglawfirm.com\/personal-injury\/personal-injury-lawyers\/\" data-type=\"page\" data-id=\"9348\" target=\"_blank\" rel=\"noopener\">Charleston abogado de la lesi\u00f3n del Steinberg Law Firm<\/a> al 843-720-2800 hoy mismo.<\/p>","protected":false},"excerpt":{"rendered":"<p>Violaciones de Horas de Servicio y Accidentes de Cami\u00f3n De acuerdo con la ley, los conductores de camiones s\u00f3lo se les permite conducir una cierta cantidad antes de que est\u00e9n obligados a tomar un descanso. Desafortunadamente, sin embargo, estos conductores son a menudo presionados por sus empleadores para completar largos recorridos sin un descanso adecuado. Como resultado, su agotamiento puede llevar a una mala toma de decisiones...<\/p>","protected":false},"author":1,"featured_media":18412,"parent":2195,"menu_order":0,"comment_status":"closed","ping_status":"closed","template":"","meta":{"_acf_changed":false,"footnotes":""},"class_list":["post-2807","page","type-page","status-publish","has-post-thumbnail","hentry"],"acf":[],"_links":{"self":[{"href":"https:\/\/steinberglawfirm-staging.clmcloud.app\/es\/wp-json\/wp\/v2\/pages\/2807"}],"collection":[{"href":"https:\/\/steinberglawfirm-staging.clmcloud.app\/es\/wp-json\/wp\/v2\/pages"}],"about":[{"href":"https:\/\/steinberglawfirm-staging.clmcloud.app\/es\/wp-json\/wp\/v2\/types\/page"}],"author":[{"embeddable":true,"href":"https:\/\/steinberglawfirm-staging.clmcloud.app\/es\/wp-json\/wp\/v2\/users\/1"}],"replies":[{"embeddable":true,"href":"https:\/\/steinberglawfirm-staging.clmcloud.app\/es\/wp-json\/wp\/v2\/comments?post=2807"}],"version-history":[{"count":3,"href":"https:\/\/steinberglawfirm-staging.clmcloud.app\/es\/wp-json\/wp\/v2\/pages\/2807\/revisions"}],"predecessor-version":[{"id":22587,"href":"https:\/\/steinberglawfirm-staging.clmcloud.app\/es\/wp-json\/wp\/v2\/pages\/2807\/revisions\/22587"}],"up":[{"embeddable":true,"href":"https:\/\/steinberglawfirm-staging.clmcloud.app\/es\/wp-json\/wp\/v2\/pages\/2195"}],"wp:featuredmedia":[{"embeddable":true,"href":"https:\/\/steinberglawfirm-staging.clmcloud.app\/es\/wp-json\/wp\/v2\/media\/18412"}],"wp:attachment":[{"href":"https:\/\/steinberglawfirm-staging.clmcloud.app\/es\/wp-json\/wp\/v2\/media?parent=2807"}],"curies":[{"name":"wp","href":"https:\/\/api.w.org\/{rel}","templated":true}]}}