{"id":2805,"date":"2017-08-30T23:17:48","date_gmt":"2017-08-30T23:17:48","guid":{"rendered":"https:\/\/www.steinberglawfirm.com\/?page_id=2805"},"modified":"2022-04-19T22:37:55","modified_gmt":"2022-04-19T22:37:55","slug":"highway-defects","status":"publish","type":"page","link":"https:\/\/steinberglawfirm-staging.clmcloud.app\/es\/articulos\/carretera-defectos\/","title":{"rendered":"Defectos en la carretera"},"content":{"rendered":"<h1 class=\"wp-block-heading\">Defectos en la carretera<\/h1>\n\n\n\n<div style=\"height:15px\" aria-hidden=\"true\" class=\"wp-block-spacer\"><\/div>\n\n\n\n<p>Hay muchos tipos de\u00a0<a href=\"https:\/\/www.steinberglawfirm.com\/practice-areas\/auto-accidents\/\" target=\"_blank\" rel=\"noopener\">accidentes de tr\u00e1fico<\/a>\u00a0que se producen por un comportamiento descuidado o una negligencia del conductor, sin embargo, algunas colisiones son causadas o agravadas por la inseguridad de las carreteras. Cuando los gobiernos y las agencias municipales no vigilan y mantienen adecuadamente el estado de las carreteras y autopistas, la seguridad de los conductores que las utilizan puede verse comprometida. Los defectos de las carreteras pueden ser una grave amenaza para los automovilistas y sus pasajeros cuando son pasados por alto por las partes responsables del mantenimiento de las v\u00edas p\u00fablicas.<\/p>\n\n\n\n<p>Si usted o un ser querido ha sido v\u00edctima de un accidente de tr\u00e1fico por negligencia municipal, puede tener derecho a una compensaci\u00f3n econ\u00f3mica por sus gastos y sufrimientos. P\u00f3ngase en contacto con los abogados especializados en defectos de la carretera Charleston del&nbsp;<a href=\"https:\/\/www.steinberglawfirm.com\/about-us\/\" target=\"_blank\" rel=\"noopener\">Steinberg Law Firm<\/a>&nbsp;al 843-720-2800.<\/p>\n\n\n\n<p><strong>TIPOS DE DEFECTOS EN LAS CARRETERAS<\/strong><\/p>\n\n\n\n<p>Algunos defectos de las carreteras pueden atribuirse a la negligencia durante la construcci\u00f3n inicial de las mismas y otros pueden estar relacionados con la falta de mantenimiento suficiente. Adem\u00e1s, hay algunos que pueden producirse por las condiciones clim\u00e1ticas. Entre los peligros m\u00e1s comunes de las carreteras se encuentran:<\/p>\n\n\n\n<ul class=\"wp-block-list\"><li>Ca\u00edda de los hombros<\/li><li>El agua se acumula<\/li><li>Baches<\/li><li>Pavimento irregular<\/li><li>Falta de se\u00f1ales<\/li><li>Falta de barandillas<\/li><li>Objetos en la calzada<\/li><\/ul>\n\n\n\n<p>Una demanda civil contra la parte o partes responsables podr\u00eda ayudarle a obtener una compensaci\u00f3n econ\u00f3mica por las facturas m\u00e9dicas, los costes de reparaci\u00f3n o sustituci\u00f3n del veh\u00edculo y otros da\u00f1os relevantes. No se demore en tratar de proteger sus derechos. Hable con un abogado especializado en defectos de la carretera Charleston hoy mismo.<\/p>\n\n\n\n<h2 class=\"wp-block-heading\">Abogados de lesiones personales que representan a Charleston y \u00e1reas cercanas de South Carolina<\/h2>\n\n\n\n<p><strong>CONTACTAR CON NOSOTROS<\/strong><\/p>\n\n\n\n<p>Si usted o un ser querido ha sido v\u00edctima de un accidente de coche atribuible a un defecto de la carretera, es posible que pueda emprender acciones legales contra la agencia municipal que no garantiz\u00f3 su seguridad. P\u00f3ngase en contacto con los abogados especializados en defectos de la carretera del Charleston en el 843-720-2800 para hablar con un abogado experto sobre sus derechos hoy mismo.<\/p>","protected":false},"excerpt":{"rendered":"<p>Defectos en las carreteras Hay muchos tipos de accidentes de coche que ocurren debido a un comportamiento descuidado o a la negligencia del conductor, sin embargo, algunas colisiones son causadas o empeoradas por carreteras inseguras. Cuando los gobiernos y las agencias municipales no vigilan y mantienen adecuadamente el estado de las carreteras y autopistas, la seguridad de los conductores que las utilizan puede verse comprometida. Las carreteras...<\/p>","protected":false},"author":1,"featured_media":5589,"parent":2195,"menu_order":0,"comment_status":"closed","ping_status":"closed","template":"","meta":{"_acf_changed":false,"footnotes":""},"class_list":["post-2805","page","type-page","status-publish","has-post-thumbnail","hentry"],"acf":[],"_links":{"self":[{"href":"https:\/\/steinberglawfirm-staging.clmcloud.app\/es\/wp-json\/wp\/v2\/pages\/2805"}],"collection":[{"href":"https:\/\/steinberglawfirm-staging.clmcloud.app\/es\/wp-json\/wp\/v2\/pages"}],"about":[{"href":"https:\/\/steinberglawfirm-staging.clmcloud.app\/es\/wp-json\/wp\/v2\/types\/page"}],"author":[{"embeddable":true,"href":"https:\/\/steinberglawfirm-staging.clmcloud.app\/es\/wp-json\/wp\/v2\/users\/1"}],"replies":[{"embeddable":true,"href":"https:\/\/steinberglawfirm-staging.clmcloud.app\/es\/wp-json\/wp\/v2\/comments?post=2805"}],"version-history":[{"count":1,"href":"https:\/\/steinberglawfirm-staging.clmcloud.app\/es\/wp-json\/wp\/v2\/pages\/2805\/revisions"}],"predecessor-version":[{"id":19981,"href":"https:\/\/steinberglawfirm-staging.clmcloud.app\/es\/wp-json\/wp\/v2\/pages\/2805\/revisions\/19981"}],"up":[{"embeddable":true,"href":"https:\/\/steinberglawfirm-staging.clmcloud.app\/es\/wp-json\/wp\/v2\/pages\/2195"}],"wp:featuredmedia":[{"embeddable":true,"href":"https:\/\/steinberglawfirm-staging.clmcloud.app\/es\/wp-json\/wp\/v2\/media\/5589"}],"wp:attachment":[{"href":"https:\/\/steinberglawfirm-staging.clmcloud.app\/es\/wp-json\/wp\/v2\/media?parent=2805"}],"curies":[{"name":"wp","href":"https:\/\/api.w.org\/{rel}","templated":true}]}}