{"id":2803,"date":"2017-08-30T23:17:01","date_gmt":"2017-08-30T23:17:01","guid":{"rendered":"https:\/\/www.steinberglawfirm.com\/?page_id=2803"},"modified":"2022-04-19T22:34:14","modified_gmt":"2022-04-19T22:34:14","slug":"highway-coasting","status":"publish","type":"page","link":"https:\/\/steinberglawfirm-staging.clmcloud.app\/es\/articulos\/autopista\/","title":{"rendered":"Costeado de la autopista"},"content":{"rendered":"<h1 class=\"wp-block-heading\">Costeado de la autopista<\/h1>\n\n\n\n<div style=\"height:15px\" aria-hidden=\"true\" class=\"wp-block-spacer\"><\/div>\n\n\n\n<p>Para ahorrar dinero y ayudar a salvar el medio ambiente, muchos conductores se han aficionado al hiperm\u00f3vil. Esta afici\u00f3n, que a menudo se practica con un esp\u00edritu competitivo, exige una eficiencia de millas por gal\u00f3n en la carretera. Aunque esto puede ser admirable cuando un conductor obedece con seguridad las leyes de tr\u00e1fico, tambi\u00e9n puede llevarse a l\u00edmites especialmente peligrosos. Una de estas t\u00e1cticas peligrosas asociadas al hiperm\u00f3vil es la conocida como \"engine-off coasting\".<\/p>\n\n\n\n<p>Si ha resultado herido en un accidente con un conductor imprudente, p\u00f3ngase en contacto con el&nbsp;<a href=\"https:\/\/www.steinberglawfirm.com\/practice-areas\/personal-injury\/\" target=\"_blank\" rel=\"noopener\">Charleston abogados de da\u00f1os personales<\/a>&nbsp;de la&nbsp;<a href=\"https:\/\/www.steinberglawfirm.com\/about-us\/\" target=\"_blank\" rel=\"noopener\">Steinberg Law Firm<\/a>&nbsp;al 843-720-2800 hoy para una consulta legal gratuita.<\/p>\n\n\n\n<p><strong>LOS PELIGROS DE LA NAVEGACI\u00d3N A VELA<\/strong><\/p>\n\n\n\n<p>Como su nombre indica, la navegaci\u00f3n por inercia sin motor se produce cuando el conductor apaga su veh\u00edculo y deja que el impulso y la gravedad proporcionen la aceleraci\u00f3n. El conductor se desplaza por la carretera sin utilizar combustible. Muchos de los que practican esta actividad juran por sus habilidades de conducci\u00f3n y conf\u00edan en que nadie saldr\u00e1 herido. Sin embargo, la realidad de la situaci\u00f3n es muy diferente. En cambio, los conductores sufren las siguientes desventajas en su capacidad de conducci\u00f3n:<\/p>\n\n\n\n<ul class=\"wp-block-list\"><li>P\u00e9rdida de la direcci\u00f3n asistida<\/li><li>P\u00e9rdida de potencia de frenado<\/li><li>Desgaste en el arranque<\/li><li>Desgaste del sistema de lubricaci\u00f3n del veh\u00edculo<\/li><\/ul>\n\n\n\n<p>Adem\u00e1s de los posibles da\u00f1os al propio veh\u00edculo, este comportamiento sustrae los sistemas de propulsi\u00f3n del control del automovilista. En su lugar, debe operar en condiciones que incluso los conductores experimentados evitar\u00edan si fuera posible. Reaccionar ante un accidente en una fracci\u00f3n de segundo se convierte en algo casi imposible, mientras que un conductor normal podr\u00eda simplemente frenar de golpe y evitar una colisi\u00f3n.<\/p>\n\n\n\n<h2 class=\"wp-block-heading\">Abogados de lesiones personales que representan a Charleston y \u00e1reas cercanas de South Carolina<\/h2>\n\n\n\n<p><strong>CONTACTAR CON NOSOTROS<\/strong><\/p>\n\n\n\n<p>Si usted ha sido lesionado por un conductor imprudente, puede tener motivos para emprender acciones legales. Para saber m\u00e1s sobre sus opciones en caso de una lesi\u00f3n en la carretera, p\u00f3ngase en contacto con los abogados de lesiones personales del Charleston hoy mismo llamando al 843-720-2800.<\/p>","protected":false},"excerpt":{"rendered":"<p>Para ahorrar dinero y ayudar a salvar el medio ambiente, muchos conductores se han aficionado al hiperm\u00f3vil. Esta afici\u00f3n, que a menudo se practica con un esp\u00edritu competitivo, busca la eficiencia de millas por gal\u00f3n en la carretera. Aunque esto puede ser admirable cuando un conductor obedece con seguridad las leyes de tr\u00e1fico, tambi\u00e9n puede ser empujado a...<\/p>","protected":false},"author":1,"featured_media":15196,"parent":2195,"menu_order":0,"comment_status":"closed","ping_status":"closed","template":"","meta":{"_acf_changed":false,"footnotes":""},"class_list":["post-2803","page","type-page","status-publish","has-post-thumbnail","hentry"],"acf":[],"_links":{"self":[{"href":"https:\/\/steinberglawfirm-staging.clmcloud.app\/es\/wp-json\/wp\/v2\/pages\/2803"}],"collection":[{"href":"https:\/\/steinberglawfirm-staging.clmcloud.app\/es\/wp-json\/wp\/v2\/pages"}],"about":[{"href":"https:\/\/steinberglawfirm-staging.clmcloud.app\/es\/wp-json\/wp\/v2\/types\/page"}],"author":[{"embeddable":true,"href":"https:\/\/steinberglawfirm-staging.clmcloud.app\/es\/wp-json\/wp\/v2\/users\/1"}],"replies":[{"embeddable":true,"href":"https:\/\/steinberglawfirm-staging.clmcloud.app\/es\/wp-json\/wp\/v2\/comments?post=2803"}],"version-history":[{"count":1,"href":"https:\/\/steinberglawfirm-staging.clmcloud.app\/es\/wp-json\/wp\/v2\/pages\/2803\/revisions"}],"predecessor-version":[{"id":19979,"href":"https:\/\/steinberglawfirm-staging.clmcloud.app\/es\/wp-json\/wp\/v2\/pages\/2803\/revisions\/19979"}],"up":[{"embeddable":true,"href":"https:\/\/steinberglawfirm-staging.clmcloud.app\/es\/wp-json\/wp\/v2\/pages\/2195"}],"wp:featuredmedia":[{"embeddable":true,"href":"https:\/\/steinberglawfirm-staging.clmcloud.app\/es\/wp-json\/wp\/v2\/media\/15196"}],"wp:attachment":[{"href":"https:\/\/steinberglawfirm-staging.clmcloud.app\/es\/wp-json\/wp\/v2\/media?parent=2803"}],"curies":[{"name":"wp","href":"https:\/\/api.w.org\/{rel}","templated":true}]}}