{"id":2800,"date":"2017-08-30T23:16:10","date_gmt":"2017-08-30T23:16:10","guid":{"rendered":"https:\/\/www.steinberglawfirm.com\/?page_id=2800"},"modified":"2022-04-19T22:32:31","modified_gmt":"2022-04-19T22:32:31","slug":"hazardous-food-containers","status":"publish","type":"page","link":"https:\/\/steinberglawfirm-staging.clmcloud.app\/es\/articulos\/contenedores-de-alimentos-peligrosos\/","title":{"rendered":"Contenedores de alimentos peligrosos"},"content":{"rendered":"<h1 class=\"wp-block-heading\">Contenedores de alimentos peligrosos<\/h1>\n\n\n\n<div style=\"height:15px\" aria-hidden=\"true\" class=\"wp-block-spacer\"><\/div>\n\n\n\n<p>Al igual que en otros sectores, la preocupaci\u00f3n por los costes es un problema para la industria alimentaria. Por mucho que muchos propietarios de restaurantes prefieran producir alimentos de alta calidad e ignorar los gastos generales, el precio de llevar un negocio con \u00e9xito nunca ha sido especialmente barato. Al recortar los costes, los propietarios pueden contratar a menos cocineros, utilizar ingredientes menos caros o incluso utilizar cajas y vasos m\u00e1s baratos para servir la comida. Aunque parece una soluci\u00f3n sencilla, una caja o un vaso inadecuados pueden resultar extremadamente peligrosos para los consumidores, pudiendo causar una amplia gama de problemas de salud.<\/p>\n\n\n\n<p>Si ha sufrido da\u00f1os corporales debido a las sustancias qu\u00edmicas t\u00f3xicas de un envase alimentario, p\u00f3ngase en contacto con los abogados especializados en productos alimentarios peligrosos Charleston de la&nbsp;<a href=\"https:\/\/www.steinberglawfirm.com\/about-us\/\" target=\"_blank\" rel=\"noopener\">Steinberg Law Firm<\/a>&nbsp;llamando al 843-720-2800 para saber m\u00e1s sobre sus opciones legales para buscar una compensaci\u00f3n.<\/p>\n\n\n\n<p><strong>ENFERMEDADES RELACIONADAS CON LA ALIMENTACI\u00d3N<\/strong><\/p>\n\n\n\n<p>Los envases t\u00f3xicos afectan a los consumidores de diferentes maneras y pueden liberar sustancias qu\u00edmicas en distintas circunstancias. Por ejemplo, algunas cajas o vasos pueden liberar sustancias qu\u00edmicas peligrosas a trav\u00e9s del calor, mientras que otras no. El tipo de da\u00f1o corporal que pueden causar estas sustancias qu\u00edmicas incluye:<\/p>\n\n\n\n<ul class=\"wp-block-list\"><li>Diabetes<\/li><li>C\u00e1ncer<\/li><li>Mal funcionamiento del h\u00edgado y del ri\u00f1\u00f3n<\/li><li>Lesi\u00f3n de los \u00f3rganos reproductores<\/li><\/ul>\n\n\n\n<p>Muchas veces, las zonas del cuerpo afectadas no pueden curar el da\u00f1o causado por estas sustancias qu\u00edmicas, o los tratamientos pueden ser muy duros. En el caso de los agentes cancer\u00edgenos de estos materiales, las consecuencias de la toxicidad en los envases de alimentos pueden poner en peligro la vida.<\/p>\n\n\n\n<h2 class=\"wp-block-heading\">Abogados de lesiones personales que representan a Charleston y \u00e1reas cercanas de South Carolina<\/h2>\n\n\n\n<p><strong>CONTACTAR CON NOSOTROS<\/strong><\/p>\n\n\n\n<p>Si usted ha sido perjudicado por los productos qu\u00edmicos que se encuentran en los vasos de comida o en las cajas para servir, debe hablar con un profesional legal con experiencia sobre sus derechos y opciones. P\u00f3ngase en contacto con los abogados de productos alimentarios peligrosos del Charleston en el 843-720-2800 hoy mismo para obtener una evaluaci\u00f3n gratuita de su caso.<\/p>","protected":false},"excerpt":{"rendered":"<p>Contenedores alimentarios peligrosos Al igual que en otros sectores, la preocupaci\u00f3n por los costes es un problema para la industria alimentaria. Por mucho que muchos propietarios de restaurantes prefieran producir alimentos de alta calidad e ignorar los gastos generales, el precio de llevar un negocio con \u00e9xito nunca ha sido especialmente barato. Al reducir los costes, los propietarios pueden contratar menos cocineros, utilizar...<\/p>","protected":false},"author":1,"featured_media":5589,"parent":2195,"menu_order":0,"comment_status":"closed","ping_status":"closed","template":"","meta":{"_acf_changed":false,"footnotes":""},"class_list":["post-2800","page","type-page","status-publish","has-post-thumbnail","hentry"],"acf":[],"_links":{"self":[{"href":"https:\/\/steinberglawfirm-staging.clmcloud.app\/es\/wp-json\/wp\/v2\/pages\/2800"}],"collection":[{"href":"https:\/\/steinberglawfirm-staging.clmcloud.app\/es\/wp-json\/wp\/v2\/pages"}],"about":[{"href":"https:\/\/steinberglawfirm-staging.clmcloud.app\/es\/wp-json\/wp\/v2\/types\/page"}],"author":[{"embeddable":true,"href":"https:\/\/steinberglawfirm-staging.clmcloud.app\/es\/wp-json\/wp\/v2\/users\/1"}],"replies":[{"embeddable":true,"href":"https:\/\/steinberglawfirm-staging.clmcloud.app\/es\/wp-json\/wp\/v2\/comments?post=2800"}],"version-history":[{"count":1,"href":"https:\/\/steinberglawfirm-staging.clmcloud.app\/es\/wp-json\/wp\/v2\/pages\/2800\/revisions"}],"predecessor-version":[{"id":19977,"href":"https:\/\/steinberglawfirm-staging.clmcloud.app\/es\/wp-json\/wp\/v2\/pages\/2800\/revisions\/19977"}],"up":[{"embeddable":true,"href":"https:\/\/steinberglawfirm-staging.clmcloud.app\/es\/wp-json\/wp\/v2\/pages\/2195"}],"wp:featuredmedia":[{"embeddable":true,"href":"https:\/\/steinberglawfirm-staging.clmcloud.app\/es\/wp-json\/wp\/v2\/media\/5589"}],"wp:attachment":[{"href":"https:\/\/steinberglawfirm-staging.clmcloud.app\/es\/wp-json\/wp\/v2\/media?parent=2800"}],"curies":[{"name":"wp","href":"https:\/\/api.w.org\/{rel}","templated":true}]}}