{"id":2798,"date":"2017-08-30T23:15:21","date_gmt":"2017-08-30T23:15:21","guid":{"rendered":"https:\/\/www.steinberglawfirm.com\/?page_id=2798"},"modified":"2022-04-19T22:31:22","modified_gmt":"2022-04-19T22:31:22","slug":"grounds-for-a-premises-liability-action","status":"publish","type":"page","link":"https:\/\/steinberglawfirm-staging.clmcloud.app\/es\/articulos\/motivos-para-una-accion-de-responsabilidad-civil\/","title":{"rendered":"Motivos para una acci\u00f3n de responsabilidad del local"},"content":{"rendered":"<h1 class=\"wp-block-heading\">Motivos para una acci\u00f3n de responsabilidad del local<\/h1>\n\n\n\n<div style=\"height:15px\" aria-hidden=\"true\" class=\"wp-block-spacer\"><\/div>\n\n\n\n<p>Ser propietario de un inmueble conlleva una serie de responsabilidades. Por ejemplo, muchos municipios exigen que la propiedad se mantenga adecuadamente para que no afecte negativamente a la seguridad o al aspecto general del barrio. Pero m\u00e1s apremiante es la necesidad de que los hu\u00e9spedes, invitados expresamente o no, no sufran lesiones accidentales atribuibles a la negligencia del propietario.<\/p>\n\n\n\n<p>Si usted ha sufrido una lesi\u00f3n mientras se encontraba en la propiedad de otra persona, entonces puede ser en su mejor inter\u00e9s presentar una demanda en busca de compensaci\u00f3n financiera. Para determinar si una acci\u00f3n legal puede ser apropiada en su caso, ser\u00eda \u00fatil consultar directamente con un abogado capacitado y con experiencia. P\u00f3ngase en contacto con el Charleston&nbsp;<a href=\"https:\/\/www.steinberglawfirm.com\/practice-areas\/personal-injury\/\" target=\"_blank\" rel=\"noopener\">abogados de da\u00f1os personales<\/a>&nbsp;de la&nbsp;<a href=\"https:\/\/www.steinberglawfirm.com\/about-us\/\" target=\"_blank\" rel=\"noopener\">Steinberg Law Firm<\/a>&nbsp;al 843-720-2800.<\/p>\n\n\n\n<p><strong>RAZONES PARA CONSIDERAR UNA DEMANDA POR RESPONSABILIDAD DE LOS LOCALES<\/strong><\/p>\n\n\n\n<p>La naturaleza de los peligros que uno puede encontrar en la propiedad de otro depende de muchos factores diferentes. La finalidad prevista de una estructura, el n\u00famero de personas que se espera que albergue y la zona geogr\u00e1fica en la que se encuentra son s\u00f3lo algunos de los detalles que influyen.<\/p>\n\n\n\n<p>En&nbsp;<a href=\"https:\/\/www.steinberglawfirm.com\/practice-areas\/premises-liability\/\" target=\"_blank\" rel=\"noopener\">responsabilidad de las instalaciones<\/a>&nbsp;Sin embargo, seg\u00fan la ley, se presume que el propietario es responsable de las lesiones, independientemente de la causa. Algunos ejemplos de bases potenciales para una demanda de responsabilidad de locales incluyen:<\/p>\n\n\n\n<ul class=\"wp-block-list\"><li>Colapso del techo<\/li><li>Derrumbe de la escalera<\/li><li>Colapso del suelo<\/li><li>Seguridad inadecuada<\/li><li>Lesiones relacionadas con el fuego<\/li><li>Falta de mantenimiento<\/li><li>Pavimento o suelo irregular<\/li><\/ul>\n\n\n\n<p>La presentaci\u00f3n de demandas permite a las v\u00edctimas de negligencia obtener una indemnizaci\u00f3n por las p\u00e9rdidas sufridas. Esta indemnizaci\u00f3n puede incluir el reembolso de las facturas m\u00e9dicas, el dolor y el sufrimiento, los salarios perdidos por las bajas laborales, etc.<\/p>\n\n\n\n<h2 class=\"wp-block-heading\">Abogados de lesiones personales que representan a Charleston y \u00e1reas cercanas de South Carolina<\/h2>\n\n\n\n<p><strong>CONTACTAR CON NOSOTROS<\/strong><\/p>\n\n\n\n<p>Hay muchos motivos potenciales para una acci\u00f3n legal; podemos ayudarle a sopesar los posibles m\u00e9ritos de una demanda.&nbsp;<a href=\"https:\/\/www.steinberglawfirm.com\/contact-us\/\" target=\"_blank\" rel=\"noopener\">Contacte con<\/a>&nbsp;los abogados de responsabilidad civil del Charleston al 843-720-2800.<\/p>","protected":false},"excerpt":{"rendered":"<p>Motivos para una acci\u00f3n de responsabilidad de los locales La propiedad de un inmueble conlleva una serie de responsabilidades. Por ejemplo, muchos municipios exigen que la propiedad se mantenga adecuadamente para que no afecte negativamente a la seguridad o al aspecto general del barrio. Pero m\u00e1s apremiante es la necesidad de que los hu\u00e9spedes, invitados expresamente o no, no...<\/p>","protected":false},"author":1,"featured_media":15300,"parent":2195,"menu_order":0,"comment_status":"closed","ping_status":"closed","template":"","meta":{"_acf_changed":false,"footnotes":""},"class_list":["post-2798","page","type-page","status-publish","has-post-thumbnail","hentry"],"acf":[],"_links":{"self":[{"href":"https:\/\/steinberglawfirm-staging.clmcloud.app\/es\/wp-json\/wp\/v2\/pages\/2798"}],"collection":[{"href":"https:\/\/steinberglawfirm-staging.clmcloud.app\/es\/wp-json\/wp\/v2\/pages"}],"about":[{"href":"https:\/\/steinberglawfirm-staging.clmcloud.app\/es\/wp-json\/wp\/v2\/types\/page"}],"author":[{"embeddable":true,"href":"https:\/\/steinberglawfirm-staging.clmcloud.app\/es\/wp-json\/wp\/v2\/users\/1"}],"replies":[{"embeddable":true,"href":"https:\/\/steinberglawfirm-staging.clmcloud.app\/es\/wp-json\/wp\/v2\/comments?post=2798"}],"version-history":[{"count":1,"href":"https:\/\/steinberglawfirm-staging.clmcloud.app\/es\/wp-json\/wp\/v2\/pages\/2798\/revisions"}],"predecessor-version":[{"id":19976,"href":"https:\/\/steinberglawfirm-staging.clmcloud.app\/es\/wp-json\/wp\/v2\/pages\/2798\/revisions\/19976"}],"up":[{"embeddable":true,"href":"https:\/\/steinberglawfirm-staging.clmcloud.app\/es\/wp-json\/wp\/v2\/pages\/2195"}],"wp:featuredmedia":[{"embeddable":true,"href":"https:\/\/steinberglawfirm-staging.clmcloud.app\/es\/wp-json\/wp\/v2\/media\/15300"}],"wp:attachment":[{"href":"https:\/\/steinberglawfirm-staging.clmcloud.app\/es\/wp-json\/wp\/v2\/media?parent=2798"}],"curies":[{"name":"wp","href":"https:\/\/api.w.org\/{rel}","templated":true}]}}