{"id":2793,"date":"2017-08-30T23:13:38","date_gmt":"2017-08-30T23:13:38","guid":{"rendered":"https:\/\/www.steinberglawfirm.com\/?page_id=2793"},"modified":"2022-04-19T22:29:23","modified_gmt":"2022-04-19T22:29:23","slug":"fitness-center-injuries","status":"publish","type":"page","link":"https:\/\/steinberglawfirm-staging.clmcloud.app\/es\/articulos\/lesiones-en-el-gimnasio\/","title":{"rendered":"Lesiones en los gimnasios"},"content":{"rendered":"<h1 class=\"wp-block-heading\">Lesiones en los gimnasios<\/h1>\n\n\n\n<div style=\"height:15px\" aria-hidden=\"true\" class=\"wp-block-spacer\"><\/div>\n\n\n\n<p>El ejercicio es una parte importante de la vida para muchas personas. Es una actividad que se lleva a cabo en un esfuerzo por promover la salud y la forma f\u00edsica. Sin embargo, cuando un gimnasio no toma las precauciones de seguridad necesarias, los clientes pueden correr el riesgo de sufrir lesiones. Los organismos estatales y sanitarios regulan las leyes relativas a la seguridad de estas instalaciones, y cualquier incumplimiento de estos requisitos puede ser motivo de acci\u00f3n legal.<\/p>\n\n\n\n<p>Si usted o un ser querido se ha lesionado debido a la conducta negligente de una empresa de gesti\u00f3n de gimnasios o de un empleado, es posible que pueda solicitar una compensaci\u00f3n econ\u00f3mica por sus gastos m\u00e9dicos y otras p\u00e9rdidas. P\u00f3ngase en contacto con el&nbsp;<a href=\"https:\/\/www.steinberglawfirm.com\/practice-areas\/personal-injury\/\" target=\"_blank\" rel=\"noopener\">Charleston abogados de da\u00f1os personales<\/a>&nbsp;de la&nbsp;<a href=\"https:\/\/www.steinberglawfirm.com\/about-us\/\" target=\"_blank\" rel=\"noopener\">Steinberg Law Firm<\/a>&nbsp;al 843-720-2800 para hablar con un profesional legal sobre su caso hoy mismo.<\/p>\n\n\n\n<p><strong>TIPOS DE LESIONES EN LOS GIMNASIOS<\/strong><\/p>\n\n\n\n<p>En los gimnasios hay muchos tipos diferentes de maquinaria y equipos que pueden ser peligrosos para los clientes. Algunos de los tipos m\u00e1s comunes de lesiones en los gimnasios son:<\/p>\n\n\n\n<ul class=\"wp-block-list\"><li>Tensi\u00f3n o desgarro muscular<\/li><li>Articulaciones dislocadas<\/li><li>Huesos rotos<\/li><li>Laceraciones<\/li><li>Da\u00f1os en los \u00f3rganos<\/li><li>Moretones o hemorragias<\/li><\/ul>\n\n\n\n<p>Los equipos de fitness deben ser revisados regularmente para detectar problemas de mantenimiento. Si una m\u00e1quina deja de ser fiable, puede provocar lesiones a un cliente que no lo sepa. Otras fuentes de accidentes son las pesas libres, los suelos resbaladizos y el hecho de no advertir a los clientes de los peligros.<\/p>\n\n\n\n<h2 class=\"wp-block-heading\">Abogados de lesiones personales que representan a Charleston y \u00e1reas cercanas de South Carolina<\/h2>\n\n\n\n<p><strong>CONTACTAR CON NOSOTROS<\/strong><\/p>\n\n\n\n<p>Si usted o un ser querido ha sido v\u00edctima de una imprudencia en un centro de fitness, los abogados de lesiones personales del Charleston pueden ser capaces de ayudar. P\u00f3ngase en contacto con nuestras oficinas en el 843-720-2800 para obtener m\u00e1s informaci\u00f3n de un miembro de nuestro equipo legal.<\/p>","protected":false},"excerpt":{"rendered":"<p>Lesiones en el gimnasio El ejercicio es una parte importante de la vida para muchas personas. Es una actividad que se lleva a cabo en un esfuerzo por promover la salud y la forma f\u00edsica. Sin embargo, cuando un gimnasio no toma las precauciones de seguridad necesarias, los clientes pueden correr el riesgo de sufrir lesiones. Los organismos estatales y sanitarios regulan las leyes relativas a la seguridad de estos...<\/p>","protected":false},"author":1,"featured_media":19966,"parent":2195,"menu_order":0,"comment_status":"closed","ping_status":"closed","template":"","meta":{"_acf_changed":false,"footnotes":""},"class_list":["post-2793","page","type-page","status-publish","has-post-thumbnail","hentry"],"acf":[],"_links":{"self":[{"href":"https:\/\/steinberglawfirm-staging.clmcloud.app\/es\/wp-json\/wp\/v2\/pages\/2793"}],"collection":[{"href":"https:\/\/steinberglawfirm-staging.clmcloud.app\/es\/wp-json\/wp\/v2\/pages"}],"about":[{"href":"https:\/\/steinberglawfirm-staging.clmcloud.app\/es\/wp-json\/wp\/v2\/types\/page"}],"author":[{"embeddable":true,"href":"https:\/\/steinberglawfirm-staging.clmcloud.app\/es\/wp-json\/wp\/v2\/users\/1"}],"replies":[{"embeddable":true,"href":"https:\/\/steinberglawfirm-staging.clmcloud.app\/es\/wp-json\/wp\/v2\/comments?post=2793"}],"version-history":[{"count":1,"href":"https:\/\/steinberglawfirm-staging.clmcloud.app\/es\/wp-json\/wp\/v2\/pages\/2793\/revisions"}],"predecessor-version":[{"id":19973,"href":"https:\/\/steinberglawfirm-staging.clmcloud.app\/es\/wp-json\/wp\/v2\/pages\/2793\/revisions\/19973"}],"up":[{"embeddable":true,"href":"https:\/\/steinberglawfirm-staging.clmcloud.app\/es\/wp-json\/wp\/v2\/pages\/2195"}],"wp:featuredmedia":[{"embeddable":true,"href":"https:\/\/steinberglawfirm-staging.clmcloud.app\/es\/wp-json\/wp\/v2\/media\/19966"}],"wp:attachment":[{"href":"https:\/\/steinberglawfirm-staging.clmcloud.app\/es\/wp-json\/wp\/v2\/media?parent=2793"}],"curies":[{"name":"wp","href":"https:\/\/api.w.org\/{rel}","templated":true}]}}