{"id":2791,"date":"2017-08-30T23:12:43","date_gmt":"2017-08-30T23:12:43","guid":{"rendered":"https:\/\/www.steinberglawfirm.com\/?page_id=2791"},"modified":"2023-01-03T23:32:08","modified_gmt":"2023-01-03T23:32:08","slug":"first-aid-for-flame-burns","status":"publish","type":"page","link":"https:\/\/steinberglawfirm-staging.clmcloud.app\/es\/articulos\/primeros-auxilios-en-caso-de-quemaduras-por-fuego\/","title":{"rendered":"Primeros auxilios en caso de quemaduras por llamas"},"content":{"rendered":"<h2 class=\"wp-block-heading\">Abogados de lesiones personales que representan a Charleston y \u00e1reas cercanas de South Carolina<\/h2>\n\n\n\n<div style=\"height:15px\" aria-hidden=\"true\" class=\"wp-block-spacer\"><\/div>\n\n\n\n<p>Las quemaduras son uno de los tipos de lesiones m\u00e1s comunes. Cada a\u00f1o env\u00edan a unas 700.000 personas a las salas de urgencias de los hospitales de Estados Unidos. S\u00f3lo en South Carolina, 16 personas sufrieron lesiones mortales por quemaduras en el \u00fanico mes de enero de 2009. Lamentablemente, un gran porcentaje de las personas que mueren por lesiones o complicaciones relacionadas con las quemaduras son ni\u00f1os menores de 10 a\u00f1os.<\/p>\n\n\n\n<p>Las lesiones causadas por la exposici\u00f3n a las llamas son uno de los tipos de quemaduras m\u00e1s comunes. Es importante saber c\u00f3mo responder a ellas con eficacia. Si usted o un ser querido ha sufrido lesiones por quemaduras debido al comportamiento descuidado de otra persona, p\u00f3ngase en contacto con el\u00a0<a href=\"https:\/\/www.steinberglawfirm.com\/about-us\/\" target=\"_blank\" rel=\"noopener\">Steinberg Law Firm<\/a>\u00a0en\u00a0<a href=\"tel:1-843-720-2800\">843-720-2800<\/a>\u00a0para hablar con un <a href=\"https:\/\/www.steinberglawfirm.com\/personal-injury\/personal-injury-lawyers\/burn-injury-lawyer\/\" target=\"_blank\" rel=\"noopener\">abogado experto en quemaduras Charleston<\/a>.<br><strong><br>RESPUESTA A LAS QUEMADURAS LEVES<\/strong><\/p>\n\n\n\n<p>Una quemadura no se considera demasiado grave siempre que se den todas las condiciones siguientes:<\/p>\n\n\n\n<ul class=\"wp-block-list\">\n<li>No est\u00e1 en una parte sensible del cuerpo como la cara o las manos<\/li>\n\n\n\n<li>Tiene menos de tres pulgadas de longitud<\/li>\n\n\n\n<li>La piel alrededor de la quemadura no est\u00e1 ennegrecida ni seca y blanca<\/li>\n<\/ul>\n\n\n\n<p>Las quemaduras menores suelen tratarse con agua fr\u00eda, vendas frescas y analg\u00e9sicos de venta libre. Por lo general, se curan solas, pero hay que vigilarlas por si presentan signos de infecci\u00f3n. No utilice mantequilla ni cremas en una quemadura reciente, ya que pueden interferir en la curaci\u00f3n.<br><strong><br>RESPUESTA A LAS GRANDES QUEMADURAS<\/strong><\/p>\n\n\n\n<p>Si alguna de las condiciones mencionadas anteriormente se aplica a la quemadura de su compa\u00f1ero, llame al 911. Si no est\u00e1 seguro de si una quemadura es grave o no, siempre es mejor dejar que los profesionales m\u00e9dicos decidan. Mientras esperas a que te atiendan de urgencia, puedes<\/p>\n\n\n\n<ul class=\"wp-block-list\">\n<li>Mantener la zona lesionada elevada<\/li>\n\n\n\n<li>Compruebe la respiraci\u00f3n y administre la RCP si es necesario<\/li>\n\n\n\n<li>Cubrir la lesi\u00f3n con pa\u00f1os o vendajes limpios, frescos y h\u00famedos<\/li>\n<\/ul>\n\n\n\n<p>No intente quitarse la ropa quemada ni sumergir una quemadura importante en agua fr\u00eda. Cualquiera de estas cosas puede empeorar la situaci\u00f3n.<\/p>\n\n\n\n<p><strong>CONTACTE CON UN ABOGADO DE LESIONES POR QUEMADURAS EN CHARLESTON<\/strong><\/p>\n\n\n\n<p>Las quemaduras son lesiones dolorosas que pueden causar discapacidades y cicatrices duraderas. Para hablar de sus motivos de indemnizaci\u00f3n legal con un abogado especializado en lesiones por quemaduras Charleston,\u00a0<a href=\"https:\/\/www.steinberglawfirm.com\/contact-us\/\" target=\"_blank\" rel=\"noopener\">contactar con<\/a>\u00a0el Steinberg Law Firm en\u00a0<a href=\"tel:1-843-720-2800\">843-720-2800<\/a>.<\/p>","protected":false},"excerpt":{"rendered":"<p>Abogados de lesiones personales que representan a Charleston y \u00e1reas cercanas de South Carolina Las quemaduras son uno de los tipos de lesiones m\u00e1s comunes. Cada a\u00f1o env\u00edan a unas 700.000 personas a las salas de urgencias de los hospitales en los Estados Unidos. S\u00f3lo en South Carolina, 16 personas sufrieron lesiones mortales por quemaduras en el \u00fanico mes de enero de 2009. Lamentablemente, un...<\/p>","protected":false},"author":1,"featured_media":18839,"parent":2195,"menu_order":0,"comment_status":"closed","ping_status":"closed","template":"","meta":{"_acf_changed":false,"footnotes":""},"class_list":["post-2791","page","type-page","status-publish","has-post-thumbnail","hentry"],"acf":[],"_links":{"self":[{"href":"https:\/\/steinberglawfirm-staging.clmcloud.app\/es\/wp-json\/wp\/v2\/pages\/2791"}],"collection":[{"href":"https:\/\/steinberglawfirm-staging.clmcloud.app\/es\/wp-json\/wp\/v2\/pages"}],"about":[{"href":"https:\/\/steinberglawfirm-staging.clmcloud.app\/es\/wp-json\/wp\/v2\/types\/page"}],"author":[{"embeddable":true,"href":"https:\/\/steinberglawfirm-staging.clmcloud.app\/es\/wp-json\/wp\/v2\/users\/1"}],"replies":[{"embeddable":true,"href":"https:\/\/steinberglawfirm-staging.clmcloud.app\/es\/wp-json\/wp\/v2\/comments?post=2791"}],"version-history":[{"count":2,"href":"https:\/\/steinberglawfirm-staging.clmcloud.app\/es\/wp-json\/wp\/v2\/pages\/2791\/revisions"}],"predecessor-version":[{"id":23803,"href":"https:\/\/steinberglawfirm-staging.clmcloud.app\/es\/wp-json\/wp\/v2\/pages\/2791\/revisions\/23803"}],"up":[{"embeddable":true,"href":"https:\/\/steinberglawfirm-staging.clmcloud.app\/es\/wp-json\/wp\/v2\/pages\/2195"}],"wp:featuredmedia":[{"embeddable":true,"href":"https:\/\/steinberglawfirm-staging.clmcloud.app\/es\/wp-json\/wp\/v2\/media\/18839"}],"wp:attachment":[{"href":"https:\/\/steinberglawfirm-staging.clmcloud.app\/es\/wp-json\/wp\/v2\/media?parent=2791"}],"curies":[{"name":"wp","href":"https:\/\/api.w.org\/{rel}","templated":true}]}}