{"id":2789,"date":"2017-08-30T23:11:31","date_gmt":"2017-08-30T23:11:31","guid":{"rendered":"https:\/\/www.steinberglawfirm.com\/?page_id=2789"},"modified":"2023-01-03T23:31:19","modified_gmt":"2023-01-03T23:31:19","slug":"first-aid-for-electrical-burns","status":"publish","type":"page","link":"https:\/\/steinberglawfirm-staging.clmcloud.app\/es\/articulos\/primeros-auxilios-para-quemaduras-electricas\/","title":{"rendered":"Primeros auxilios en caso de quemaduras el\u00e9ctricas"},"content":{"rendered":"<h2 class=\"wp-block-heading\">Abogados de lesiones personales que representan a Charleston y \u00e1reas cercanas de South Carolina<\/h2>\n\n\n\n<div style=\"height:15px\" aria-hidden=\"true\" class=\"wp-block-spacer\"><\/div>\n\n\n\n<p>Una quemadura el\u00e9ctrica puede producirse cuando una persona entra en contacto con una corriente el\u00e9ctrica. Entre las causas m\u00e1s comunes se encuentran los cables mal aislados o mordidos (por beb\u00e9s o animales), los equipos el\u00e9ctricos defectuosos, los accidentes laborales con maquinaria y los cercados el\u00e9ctricos. Este tipo de lesiones puede ser muy peligroso, por lo que es importante responder a una lo antes posible.<\/p>\n\n\n\n<p>Si usted o un ser querido ha sufrido una quemadura el\u00e9ctrica causada por la negligencia de otra persona, puede estar interesado en emprender acciones legales. Si es as\u00ed, un\u00a0<a href=\"https:\/\/www.steinberglawfirm.com\/practice-areas\/personal-injury\/\" target=\"_blank\" rel=\"noopener\">Charleston abogado de lesiones personales<\/a>\u00a0de la\u00a0<a href=\"https:\/\/www.steinberglawfirm.com\/about-us\/\" target=\"_blank\" rel=\"noopener\">Steinberg Law Firm<\/a>\u00a0puede ayudarle a comprender sus opciones y obligaciones con arreglo a la ley South Carolina. Llame hoy mismo a nuestras oficinas\u00a0<a href=\"tel:1-843-720-2800\">843-720-2800<\/a>.<br><strong><br>RESPUESTA A LAS QUEMADURAS EL\u00c9CTRICAS<\/strong><\/p>\n\n\n\n<p>El aspecto peligroso de las quemaduras el\u00e9ctricas es que pueden provocar grandes da\u00f1os internos mientras que externamente parecen leves. Es mejor no arriesgarse con este tipo de lesiones; si alguien ha resultado herido por contacto con una corriente el\u00e9ctrica, consulte a un profesional m\u00e9dico de inmediato. Si la v\u00edctima experimenta desorientaci\u00f3n, palpitaciones o problemas respiratorios, llame al 911.<\/p>\n\n\n\n<p>Adem\u00e1s de pedir ayuda, puede ayudar a una v\u00edctima de una quemadura el\u00e9ctrica teniendo en cuenta los siguientes consejos:<\/p>\n\n\n\n<ul class=\"wp-block-list\">\n<li>Si es posible, apague la corriente el\u00e9ctrica en su origen. Si no, no toque a la v\u00edctima mientras est\u00e9 en contacto con la corriente. En su lugar, utilice un material no conductor, como una escoba de madera, para alejarla de la corriente.<\/li>\n\n\n\n<li>Compruebe el pulso y la respiraci\u00f3n de la v\u00edctima. Si hay problemas con alguno de ellos, administre la RCP mientras espera que llegue la ayuda profesional.<\/li>\n\n\n\n<li>Si la persona presenta s\u00edntomas como piel fr\u00eda y sudorosa, mareos, respiraci\u00f3n superficial o confusi\u00f3n, puede estar entrando en shock. Ayude a la persona a tumbarse y a mantener sus piernas elevadas unos 30 cent\u00edmetros hasta que llegue la ayuda. Comprueba su respiraci\u00f3n regularmente.<\/li>\n<\/ul>\n\n\n\n<p>Como en todas las emergencias, lo m\u00e1s importante es evitar el p\u00e1nico. Simplemente conc\u00e9ntrese en mantener a la v\u00edctima c\u00f3moda y segura mientras espera al personal de emergencia.<\/p>\n\n\n\n<p><strong>CONTACTE A UN ABOGADO DE QUEMADURAS EL\u00c9CTRICAS EN CHARLESTON<\/strong><\/p>\n\n\n\n<p>Las quemaduras el\u00e9ctricas pueden ser lesiones dolorosas y costosas. Si est\u00e1 interesado en reclamar una indemnizaci\u00f3n por p\u00e9rdidas como gastos m\u00e9dicos y bajas laborales, nuestros <a href=\"https:\/\/www.steinberglawfirm.com\/personal-injury\/personal-injury-lawyers\/burn-injury-lawyer\/\" target=\"_blank\" rel=\"noopener\">Charleston quemadura el\u00e9ctrica abogados<\/a> puede ayudar. Para saber m\u00e1s,\u00a0<a href=\"https:\/\/www.steinberglawfirm.com\/contact-us\/\" target=\"_blank\" rel=\"noopener\">contactar con<\/a>\u00a0el Steinberg Law Firm en\u00a0<a href=\"tel:1-843-720-2800\">843-720-2800<\/a>.<\/p>","protected":false},"excerpt":{"rendered":"<p>Abogados de lesiones personales que representan a Charleston y \u00e1reas cercanas de South Carolina Una quemadura el\u00e9ctrica puede ocurrir cuando una persona entra en contacto con una corriente el\u00e9ctrica. Entre las causas m\u00e1s comunes se encuentran los cables mal aislados o masticados (por ni\u00f1os o animales), los equipos el\u00e9ctricos defectuosos, los accidentes laborales con maquinaria y los cercados el\u00e9ctricos. Este tipo de lesi\u00f3n puede ser muy...<\/p>","protected":false},"author":1,"featured_media":18839,"parent":2195,"menu_order":0,"comment_status":"closed","ping_status":"closed","template":"","meta":{"_acf_changed":false,"footnotes":""},"class_list":["post-2789","page","type-page","status-publish","has-post-thumbnail","hentry"],"acf":[],"_links":{"self":[{"href":"https:\/\/steinberglawfirm-staging.clmcloud.app\/es\/wp-json\/wp\/v2\/pages\/2789"}],"collection":[{"href":"https:\/\/steinberglawfirm-staging.clmcloud.app\/es\/wp-json\/wp\/v2\/pages"}],"about":[{"href":"https:\/\/steinberglawfirm-staging.clmcloud.app\/es\/wp-json\/wp\/v2\/types\/page"}],"author":[{"embeddable":true,"href":"https:\/\/steinberglawfirm-staging.clmcloud.app\/es\/wp-json\/wp\/v2\/users\/1"}],"replies":[{"embeddable":true,"href":"https:\/\/steinberglawfirm-staging.clmcloud.app\/es\/wp-json\/wp\/v2\/comments?post=2789"}],"version-history":[{"count":2,"href":"https:\/\/steinberglawfirm-staging.clmcloud.app\/es\/wp-json\/wp\/v2\/pages\/2789\/revisions"}],"predecessor-version":[{"id":23800,"href":"https:\/\/steinberglawfirm-staging.clmcloud.app\/es\/wp-json\/wp\/v2\/pages\/2789\/revisions\/23800"}],"up":[{"embeddable":true,"href":"https:\/\/steinberglawfirm-staging.clmcloud.app\/es\/wp-json\/wp\/v2\/pages\/2195"}],"wp:featuredmedia":[{"embeddable":true,"href":"https:\/\/steinberglawfirm-staging.clmcloud.app\/es\/wp-json\/wp\/v2\/media\/18839"}],"wp:attachment":[{"href":"https:\/\/steinberglawfirm-staging.clmcloud.app\/es\/wp-json\/wp\/v2\/media?parent=2789"}],"curies":[{"name":"wp","href":"https:\/\/api.w.org\/{rel}","templated":true}]}}