{"id":2787,"date":"2017-08-30T23:10:26","date_gmt":"2017-08-30T23:10:26","guid":{"rendered":"https:\/\/www.steinberglawfirm.com\/?page_id=2787"},"modified":"2023-01-03T23:30:40","modified_gmt":"2023-01-03T23:30:40","slug":"first-aid-for-chemical-burns","status":"publish","type":"page","link":"https:\/\/steinberglawfirm-staging.clmcloud.app\/es\/articulos\/primeros-auxilios-para-quemaduras-quimicas\/","title":{"rendered":"Primeros auxilios en caso de quemaduras qu\u00edmicas"},"content":{"rendered":"<h1 class=\"wp-block-heading\">Primeros auxilios en caso de quemaduras qu\u00edmicas<\/h1>\n\n\n\n<div style=\"height:15px\" aria-hidden=\"true\" class=\"wp-block-spacer\"><\/div>\n\n\n\n<p>Las quemaduras qu\u00edmicas no son s\u00f3lo un riesgo en los laboratorios o espacios de trabajo industriales. Pueden ser causadas por el contacto con limpiadores dom\u00e9sticos comunes, el cloro de las piscinas y los materiales de construcci\u00f3n. Una respuesta r\u00e1pida y bien informada a una quemadura qu\u00edmica puede salvar a una persona de lesiones dolorosas o incluso mortales.<\/p>\n\n\n\n<p>Las lesiones como las quemaduras qu\u00edmicas suelen ser evitables. Por desgracia, la gente no siempre est\u00e1 dispuesta a tomar las medidas adecuadas para mantener a salvo a los dem\u00e1s. Si usted o un ser querido ha sufrido una quemadura qu\u00edmica debido a la negligencia de otra parte, llame al Steinberg Law Firm al 843-720-2800 para hablar de la ley South Carolina con un <a href=\"https:\/\/www.steinberglawfirm.com\/personal-injury\/personal-injury-lawyers\/burn-injury-lawyer\/\" target=\"_blank\" rel=\"noopener\">abogado con experiencia en quemaduras qu\u00edmicas Charleston<\/a>.<\/p>\n\n\n\n<p><strong>RESPUESTA A LAS QUEMADURAS QU\u00cdMICAS<\/strong><\/p>\n\n\n\n<p>Para ayudar a alguien que sufre una quemadura qu\u00edmica, es importante:<\/p>\n\n\n\n<ul class=\"wp-block-list\">\n<li>Limpie la zona afectada. Si el producto qu\u00edmico en cuesti\u00f3n es un polvo, l\u00edmpielo bien de la piel antes de aplicar cualquier tipo de l\u00edquido. Aclare muy bien la zona lesionada con agua limpia; es posible que la v\u00edctima de la quemadura quiera meterse en una ducha.<\/li>\n\n\n\n<li>Qu\u00edtese la ropa que haya tocado el producto qu\u00edmico. Tenga mucho cuidado al manipular esta ropa hasta que se haya limpiado, aunque haya pasado alg\u00fan tiempo despu\u00e9s del accidente.<\/li>\n\n\n\n<li>Cubra la zona lesionada con un vendaje nuevo y controle si hay signos de infecci\u00f3n o de irritaci\u00f3n qu\u00edmica continuada.<\/li>\n<\/ul>\n\n\n\n<p>Debe llamar al 911 si:<\/p>\n\n\n\n<ul class=\"wp-block-list\">\n<li>La quemadura est\u00e1 en o cerca de los ojos, una articulaci\u00f3n o una parte sensible del cuerpo<\/li>\n\n\n\n<li>La v\u00edctima de las quemaduras se desmaya, tiene dificultades para respirar o muestra cualquier otro s\u00edntoma preocupante<\/li>\n\n\n\n<li>Tiene alguna duda sobre la lesi\u00f3n o sobre si debe o no llamar al 911<\/li>\n<\/ul>\n\n\n\n<p>Aunque no sea necesario un tratamiento de urgencia, puede llamar al Servicio de Toxicolog\u00eda o a un m\u00e9dico. Siempre es una buena idea que un profesional m\u00e9dico revise una quemadura qu\u00edmica.<\/p>\n\n\n\n<h2 class=\"wp-block-heading\">Abogados de lesiones personales que representan a Charleston y \u00e1reas cercanas de South Carolina<\/h2>\n\n\n\n<p><strong>CONTACTE CON UN ABOGADO ESPECIALIZADO EN QUEMADURAS QU\u00cdMICAS DE CHARLESTON<\/strong><\/p>\n\n\n\n<p>Si su quemadura o la de un ser querido fue causada por una empresa, un propietario u otra parte negligente, usted podr\u00eda tener derecho a una indemnizaci\u00f3n. Para saber m\u00e1s,\u00a0<a href=\"https:\/\/www.steinberglawfirm.com\/contact-us\/\" target=\"_blank\" rel=\"noopener\">contactar con<\/a>\u00a0un abogado de quemaduras qu\u00edmicas Charleston llamando al Steinberg Law Firm al\u00a0<a href=\"tel:1-843-720-2800\">843-720-2800<\/a>.<\/p>","protected":false},"excerpt":{"rendered":"<p>Primeros auxilios en caso de quemaduras qu\u00edmicas Las quemaduras qu\u00edmicas no son s\u00f3lo un riesgo en los laboratorios o espacios de trabajo industriales. Pueden ser causadas por el contacto con limpiadores dom\u00e9sticos comunes, el cloro de las piscinas y los materiales de construcci\u00f3n. Una respuesta r\u00e1pida y bien informada a una quemadura qu\u00edmica puede salvar a una persona de lesiones dolorosas o incluso mortales. Las lesiones como las qu\u00edmicas...<\/p>","protected":false},"author":1,"featured_media":18839,"parent":2195,"menu_order":0,"comment_status":"closed","ping_status":"closed","template":"","meta":{"_acf_changed":false,"footnotes":""},"class_list":["post-2787","page","type-page","status-publish","has-post-thumbnail","hentry"],"acf":[],"_links":{"self":[{"href":"https:\/\/steinberglawfirm-staging.clmcloud.app\/es\/wp-json\/wp\/v2\/pages\/2787"}],"collection":[{"href":"https:\/\/steinberglawfirm-staging.clmcloud.app\/es\/wp-json\/wp\/v2\/pages"}],"about":[{"href":"https:\/\/steinberglawfirm-staging.clmcloud.app\/es\/wp-json\/wp\/v2\/types\/page"}],"author":[{"embeddable":true,"href":"https:\/\/steinberglawfirm-staging.clmcloud.app\/es\/wp-json\/wp\/v2\/users\/1"}],"replies":[{"embeddable":true,"href":"https:\/\/steinberglawfirm-staging.clmcloud.app\/es\/wp-json\/wp\/v2\/comments?post=2787"}],"version-history":[{"count":2,"href":"https:\/\/steinberglawfirm-staging.clmcloud.app\/es\/wp-json\/wp\/v2\/pages\/2787\/revisions"}],"predecessor-version":[{"id":23797,"href":"https:\/\/steinberglawfirm-staging.clmcloud.app\/es\/wp-json\/wp\/v2\/pages\/2787\/revisions\/23797"}],"up":[{"embeddable":true,"href":"https:\/\/steinberglawfirm-staging.clmcloud.app\/es\/wp-json\/wp\/v2\/pages\/2195"}],"wp:featuredmedia":[{"embeddable":true,"href":"https:\/\/steinberglawfirm-staging.clmcloud.app\/es\/wp-json\/wp\/v2\/media\/18839"}],"wp:attachment":[{"href":"https:\/\/steinberglawfirm-staging.clmcloud.app\/es\/wp-json\/wp\/v2\/media?parent=2787"}],"curies":[{"name":"wp","href":"https:\/\/api.w.org\/{rel}","templated":true}]}}