{"id":2785,"date":"2017-08-30T23:09:06","date_gmt":"2017-08-30T23:09:06","guid":{"rendered":"https:\/\/www.steinberglawfirm.com\/?page_id=2785"},"modified":"2022-04-19T22:26:22","modified_gmt":"2022-04-19T22:26:22","slug":"fetal-scalp-electrode-monitoring-problems","status":"publish","type":"page","link":"https:\/\/steinberglawfirm-staging.clmcloud.app\/es\/articulos\/problemas-de-monitorizacion-de-electrodos-fetales\/","title":{"rendered":"Problemas de monitorizaci\u00f3n con electrodos en el cuero cabelludo del feto"},"content":{"rendered":"<h1 class=\"wp-block-heading\">Problemas de monitorizaci\u00f3n con electrodos en el cuero cabelludo del feto<\/h1>\n\n\n\n<div style=\"height:15px\" aria-hidden=\"true\" class=\"wp-block-spacer\"><\/div>\n\n\n\n<p>Una madre puede necesitar una asistencia importante durante el parto por parte del m\u00e9dico que la atiende. Para hacer una evaluaci\u00f3n precisa del tratamiento a seguir, el m\u00e9dico debe recopilar toda la informaci\u00f3n pertinente sobre la salud del ni\u00f1o que pueda esperarse razonablemente. Para reunir esta informaci\u00f3n, el m\u00e9dico puede emplear un dispositivo conocido como electrodo de cuero cabelludo fetal.<\/p>\n\n\n\n<p>Para una consulta gratuita sobre sus opciones de reclamaci\u00f3n por lesiones en la sala de partos, p\u00f3ngase en contacto con los abogados de lesiones en el parto Charleston del&nbsp;<a href=\"https:\/\/www.steinberglawfirm.com\/about-us\/\" target=\"_blank\" rel=\"noopener\">Steinberg Law Firm<\/a>&nbsp;llamando al 843-720-2800 hoy mismo.<br><strong><br>LA IMPORTANCIA DE LA MONITORIZACI\u00d3N FETAL<\/strong><\/p>\n\n\n\n<p>Se coloca un electrodo en el cuero cabelludo del ni\u00f1o mientras est\u00e1 en el \u00fatero. Este electrodo puede enviar informaci\u00f3n sobre el estado de salud del ni\u00f1o, en concreto indicando al m\u00e9dico la frecuencia card\u00edaca del ni\u00f1o. Esto puede ayudar al m\u00e9dico a comprender mejor qu\u00e9 m\u00e9todos pueden ser los m\u00e1s adecuados y si las emergencias m\u00e9dicas justifican una respuesta urgente.<\/p>\n\n\n\n<p>Si un m\u00e9dico no utiliza un dispositivo de vigilancia y, por tanto, no aprecia plenamente la naturaleza del estado del ni\u00f1o, pueden surgir los siguientes problemas de salud para ese ni\u00f1o:<\/p>\n\n\n\n<ul class=\"wp-block-list\"><li>Trastornos del desarrollo y del aprendizaje<\/li><li>Trastornos del lenguaje y la comunicaci\u00f3n<\/li><li>Da\u00f1o cerebral<\/li><li>Par\u00e1lisis<\/li><li>Fracturas \u00f3seas y craneales<\/li><li>Fallo en el desarrollo<\/li><\/ul>\n\n\n\n<p>Estas lesiones pueden tener un efecto permanente en la vida del ni\u00f1o y requerir un tratamiento a largo plazo.<\/p>\n\n\n\n<h2 class=\"wp-block-heading\">Abogados de lesiones personales que representan a Charleston y \u00e1reas cercanas de South Carolina<\/h2>\n\n\n\n<p><strong>CONTACTAR CON NOSOTROS<\/strong><\/p>\n\n\n\n<p>Si su hijo se ha lesionado por culpa de un m\u00e9dico negligente, puede haber acciones legales disponibles contra la parte responsable. Es posible que pueda obtener una compensaci\u00f3n econ\u00f3mica por las facturas m\u00e9dicas y otros da\u00f1os a trav\u00e9s de una&nbsp;<a href=\"https:\/\/www.steinberglawfirm.com\/practice-areas\/medical-malpractice\/\" target=\"_blank\" rel=\"noopener\">negligencia m\u00e9dica<\/a>&nbsp;demanda. Para obtener m\u00e1s informaci\u00f3n sobre sus opciones legales, p\u00f3ngase en contacto con los abogados especializados en lesiones de nacimiento del Charleston hoy mismo en el 843-720-2800.<\/p>","protected":false},"excerpt":{"rendered":"<p>Problemas de monitorizaci\u00f3n de electrodos en el cuero cabelludo del feto Una madre puede necesitar una asistencia importante durante el parto por parte del m\u00e9dico que la atiende. Para realizar una evaluaci\u00f3n precisa del tratamiento que debe seguirse, el m\u00e9dico debe reunir toda la informaci\u00f3n pertinente sobre la salud del ni\u00f1o que pueda esperarse razonablemente. Para reunir esta informaci\u00f3n, el m\u00e9dico puede...<\/p>","protected":false},"author":1,"featured_media":5589,"parent":2195,"menu_order":0,"comment_status":"closed","ping_status":"closed","template":"","meta":{"_acf_changed":false,"footnotes":""},"class_list":["post-2785","page","type-page","status-publish","has-post-thumbnail","hentry"],"acf":[],"_links":{"self":[{"href":"https:\/\/steinberglawfirm-staging.clmcloud.app\/es\/wp-json\/wp\/v2\/pages\/2785"}],"collection":[{"href":"https:\/\/steinberglawfirm-staging.clmcloud.app\/es\/wp-json\/wp\/v2\/pages"}],"about":[{"href":"https:\/\/steinberglawfirm-staging.clmcloud.app\/es\/wp-json\/wp\/v2\/types\/page"}],"author":[{"embeddable":true,"href":"https:\/\/steinberglawfirm-staging.clmcloud.app\/es\/wp-json\/wp\/v2\/users\/1"}],"replies":[{"embeddable":true,"href":"https:\/\/steinberglawfirm-staging.clmcloud.app\/es\/wp-json\/wp\/v2\/comments?post=2785"}],"version-history":[{"count":1,"href":"https:\/\/steinberglawfirm-staging.clmcloud.app\/es\/wp-json\/wp\/v2\/pages\/2785\/revisions"}],"predecessor-version":[{"id":19969,"href":"https:\/\/steinberglawfirm-staging.clmcloud.app\/es\/wp-json\/wp\/v2\/pages\/2785\/revisions\/19969"}],"up":[{"embeddable":true,"href":"https:\/\/steinberglawfirm-staging.clmcloud.app\/es\/wp-json\/wp\/v2\/pages\/2195"}],"wp:featuredmedia":[{"embeddable":true,"href":"https:\/\/steinberglawfirm-staging.clmcloud.app\/es\/wp-json\/wp\/v2\/media\/5589"}],"wp:attachment":[{"href":"https:\/\/steinberglawfirm-staging.clmcloud.app\/es\/wp-json\/wp\/v2\/media?parent=2785"}],"curies":[{"name":"wp","href":"https:\/\/api.w.org\/{rel}","templated":true}]}}