{"id":2783,"date":"2017-08-30T23:08:08","date_gmt":"2017-08-30T23:08:08","guid":{"rendered":"https:\/\/www.steinberglawfirm.com\/?page_id=2783"},"modified":"2022-04-19T22:25:54","modified_gmt":"2022-04-19T22:25:54","slug":"expert-witnesses-for-personal-injury-lawsuits","status":"publish","type":"page","link":"https:\/\/steinberglawfirm-staging.clmcloud.app\/es\/articulos\/peritos-testigos-para-demandas-de-dano-personal\/","title":{"rendered":"Peritos para demandas por da\u00f1os personales"},"content":{"rendered":"<h1 class=\"wp-block-heading\">Peritos para demandas por da\u00f1os personales<\/h1>\n\n\n\n<div style=\"height:15px\" aria-hidden=\"true\" class=\"wp-block-spacer\"><\/div>\n\n\n\n<p><a href=\"https:\/\/www.steinberglawfirm.com\/practice-areas\/personal-injury\/\" target=\"_blank\" rel=\"noopener\">Da\u00f1os personales<\/a>&nbsp;Los accidentes pueden hacer que las v\u00edctimas tengan que hacer frente a elevadas facturas m\u00e9dicas y otros gastos, lo que puede perjudicar su estabilidad financiera general. Sin embargo, las v\u00edctimas de accidentes pueden solicitar una indemnizaci\u00f3n a la parte culpable del incidente. Para aumentar sus posibilidades de \u00e9xito, estas personas pueden considerar la posibilidad de encontrar testigos expertos que les ayuden a probar su caso.<\/p>\n\n\n\n<p>Si usted ha sufrido en un accidente de lesiones personales, dejando a usted ya su familia con graves preocupaciones financieras, podemos ser capaces de ayudarle a presentar una reclamaci\u00f3n de indemnizaci\u00f3n. Para obtener m\u00e1s informaci\u00f3n sobre el proceso de presentaci\u00f3n de una demanda y la b\u00fasqueda de testigos expertos, p\u00f3ngase en contacto con un abogado de lesiones Charleston de la&nbsp;<a href=\"https:\/\/www.steinberglawfirm.com\/about-us\/\" target=\"_blank\" rel=\"noopener\">Steinberg Law Firm<\/a>&nbsp;hoy llamando al 843-720-2800.<\/p>\n\n\n\n<p><strong>POSIBLES EXPERTOS NECESARIOS PARA EL TESTIMONIO<\/strong><\/p>\n\n\n\n<p>Hay varios tipos de profesionales que pueden proporcionar un testimonio \u00fatil para las reclamaciones por lesiones personales. Estos expertos, que pueden dar un testimonio importante e informativo sobre las circunstancias del accidente y las lesiones de una persona, suelen ser los siguientes:<\/p>\n\n\n\n<ul class=\"wp-block-list\"><li>Expertos m\u00e9dicos y doctores<\/li><li>Expertos en veh\u00edculos de motor<\/li><li>Expertos en consumo y seguridad p\u00fablica<\/li><li>Expertos en seguridad laboral<\/li><\/ul>\n\n\n\n<p>Sin embargo, estos expertos pueden ser dif\u00edciles de encontrar y contratar sin los considerables recursos que proporcionan los abogados. Por lo tanto, es importante hablar con un abogado de lesiones hoy sobre sus opciones legales si ha sufrido en un accidente de lesiones personales.<\/p>\n\n\n\n<h2 class=\"wp-block-heading\">Abogados de lesiones personales que representan a Charleston y \u00e1reas cercanas de South Carolina<\/h2>\n\n\n\n<p><strong>CONTACTAR CON NOSOTROS<\/strong><\/p>\n\n\n\n<p>Si est\u00e1 buscando a alguien que le ayude a preparar y presentar su reclamaci\u00f3n por da\u00f1os personales, nuestros experimentados asesores pueden ayudarle. Para hablar de sus pr\u00f3ximos pasos con m\u00e1s detalle, p\u00f3ngase en contacto con un abogado especializado en accidentes de la Charleston en el 843-720-2800 hoy mismo.<\/p>","protected":false},"excerpt":{"rendered":"<p>Peritos para demandas por lesiones personales Los accidentes por lesiones personales pueden hacer que las v\u00edctimas tengan que hacer frente a elevadas facturas m\u00e9dicas y otros gastos, lo que puede perjudicar su estabilidad financiera general. Sin embargo, las v\u00edctimas de accidentes pueden solicitar una indemnizaci\u00f3n a la parte culpable del incidente. Para aumentar sus posibilidades de \u00e9xito en la reclamaci\u00f3n, estas personas pueden...<\/p>","protected":false},"author":1,"featured_media":5589,"parent":2195,"menu_order":0,"comment_status":"closed","ping_status":"closed","template":"","meta":{"_acf_changed":false,"footnotes":""},"class_list":["post-2783","page","type-page","status-publish","has-post-thumbnail","hentry"],"acf":[],"_links":{"self":[{"href":"https:\/\/steinberglawfirm-staging.clmcloud.app\/es\/wp-json\/wp\/v2\/pages\/2783"}],"collection":[{"href":"https:\/\/steinberglawfirm-staging.clmcloud.app\/es\/wp-json\/wp\/v2\/pages"}],"about":[{"href":"https:\/\/steinberglawfirm-staging.clmcloud.app\/es\/wp-json\/wp\/v2\/types\/page"}],"author":[{"embeddable":true,"href":"https:\/\/steinberglawfirm-staging.clmcloud.app\/es\/wp-json\/wp\/v2\/users\/1"}],"replies":[{"embeddable":true,"href":"https:\/\/steinberglawfirm-staging.clmcloud.app\/es\/wp-json\/wp\/v2\/comments?post=2783"}],"version-history":[{"count":1,"href":"https:\/\/steinberglawfirm-staging.clmcloud.app\/es\/wp-json\/wp\/v2\/pages\/2783\/revisions"}],"predecessor-version":[{"id":19968,"href":"https:\/\/steinberglawfirm-staging.clmcloud.app\/es\/wp-json\/wp\/v2\/pages\/2783\/revisions\/19968"}],"up":[{"embeddable":true,"href":"https:\/\/steinberglawfirm-staging.clmcloud.app\/es\/wp-json\/wp\/v2\/pages\/2195"}],"wp:featuredmedia":[{"embeddable":true,"href":"https:\/\/steinberglawfirm-staging.clmcloud.app\/es\/wp-json\/wp\/v2\/media\/5589"}],"wp:attachment":[{"href":"https:\/\/steinberglawfirm-staging.clmcloud.app\/es\/wp-json\/wp\/v2\/media?parent=2783"}],"curies":[{"name":"wp","href":"https:\/\/api.w.org\/{rel}","templated":true}]}}