{"id":2779,"date":"2017-08-30T23:06:42","date_gmt":"2017-08-30T23:06:42","guid":{"rendered":"https:\/\/www.steinberglawfirm.com\/?page_id=2779"},"modified":"2022-04-19T22:25:27","modified_gmt":"2022-04-19T22:25:27","slug":"dysgraphia","status":"publish","type":"page","link":"https:\/\/steinberglawfirm-staging.clmcloud.app\/es\/articulos\/disgrafia\/","title":{"rendered":"Disgraf\u00eda"},"content":{"rendered":"<h1 class=\"wp-block-heading\">Disgraf\u00eda<\/h1>\n\n\n\n<div style=\"height:15px\" aria-hidden=\"true\" class=\"wp-block-spacer\"><\/div>\n\n\n\n<p>Hay pocos sucesos m\u00e1s aterradores que darse cuenta de que se han perdido habilidades para toda la vida debido a una lesi\u00f3n en un accidente. Ya sea debido a un traumatismo o a los da\u00f1os producidos por una emergencia sanitaria como un accidente cerebrovascular, la posibilidad de perder funciones cognitivas est\u00e1 presente en cualquier momento en que se da\u00f1e el cerebro. Para algunos, el da\u00f1o neurol\u00f3gico puede perjudicar sus habilidades motoras, dificultando el control de sus extremidades o de los m\u00fasculos de la cara. Para otros, puede significar la p\u00e9rdida de habilidades ling\u00fc\u00edsticas. En el caso de la disgraf\u00eda, los individuos lesionados pueden perder la capacidad de escribir.<\/p>\n\n\n\n<p>Si usted ha sido lesionado debido a la negligencia de otra parte, usted merece justicia. Para una consulta gratuita con un abogado experto, p\u00f3ngase en contacto con el&nbsp;<a href=\"https:\/\/www.steinberglawfirm.com\/practice-areas\/personal-injury\/\" target=\"_blank\" rel=\"noopener\">Charleston abogados de da\u00f1os personales<\/a>&nbsp;de la&nbsp;<a href=\"https:\/\/www.steinberglawfirm.com\/about-us\/\" target=\"_blank\" rel=\"noopener\">Steinberg Law Firm<\/a>&nbsp;hoy llamando al 843-720-2800.<\/p>\n\n\n\n<p><strong>S\u00cdNTOMAS DE DISGRAF\u00cdA<\/strong><\/p>\n\n\n\n<p>Es un poco dif\u00edcil precisar la naturaleza exacta de la disgraf\u00eda, ya que el trastorno consiste en m\u00faltiples tipos de trastornos m\u00e1s espec\u00edficos. Para algunas v\u00edctimas, la disgraf\u00eda no afecta a las habilidades ling\u00fc\u00edsticas, sino que afecta totalmente a las habilidades motoras finas. Sin la capacidad de manipular un bol\u00edgrafo o un l\u00e1piz, escribir a mano es una tarea extremadamente dif\u00edcil o imposible.<\/p>\n\n\n\n<p>Los siguientes son algunos de los principales s\u00edntomas de la disgraf\u00eda:<\/p>\n\n\n\n<ul class=\"wp-block-list\"><li>P\u00e9rdida de la motricidad fina<\/li><li>Incapacidad para deletrear correctamente las palabras<\/li><li>Escritura ilegible<\/li><li>Dolor al intentar escribir<\/li><li>Escribir como un proceso lento y laborioso<\/li><\/ul>\n\n\n\n<p>Adem\u00e1s de estos problemas, una persona lesionada puede ser capaz de copiar letras con relativa facilidad, aunque la escritura espont\u00e1nea sea muy dif\u00edcil. Esto s\u00f3lo ocurre con ciertos tipos de disgraf\u00eda, e ilustra que la lesi\u00f3n ha afectado a las habilidades ling\u00fc\u00edsticas de la persona m\u00e1s que a sus movimientos motores finos.<\/p>\n\n\n\n<h2 class=\"wp-block-heading\">Abogados de lesiones personales que representan a Charleston y \u00e1reas cercanas de South Carolina<\/h2>\n\n\n\n<p><strong>CONTACTAR CON NOSOTROS<\/strong><\/p>\n\n\n\n<p>Si usted ha sido lesionado debido al comportamiento imprudente de otro individuo o entidad, p\u00f3ngase en contacto con los abogados de lesiones personales del Charleston al 843-720-2800 para programar una consulta gratuita. Perm\u00edtanos ayudarle con sus necesidades legales hoy mismo.<\/p>","protected":false},"excerpt":{"rendered":"<p>Disgraf\u00eda Hay pocos sucesos m\u00e1s aterradores que darse cuenta de que se han perdido habilidades para toda la vida debido a una lesi\u00f3n en un accidente. Ya sea debido a un traumatismo o a un da\u00f1o provocado por una emergencia sanitaria como un accidente cerebrovascular, la posibilidad de perder funciones cognitivas est\u00e1 presente en cualquier momento en que el cerebro resulte da\u00f1ado. Para algunos, el da\u00f1o neurol\u00f3gico...<\/p>","protected":false},"author":1,"featured_media":19966,"parent":2195,"menu_order":0,"comment_status":"closed","ping_status":"closed","template":"","meta":{"_acf_changed":false,"footnotes":""},"class_list":["post-2779","page","type-page","status-publish","has-post-thumbnail","hentry"],"acf":[],"_links":{"self":[{"href":"https:\/\/steinberglawfirm-staging.clmcloud.app\/es\/wp-json\/wp\/v2\/pages\/2779"}],"collection":[{"href":"https:\/\/steinberglawfirm-staging.clmcloud.app\/es\/wp-json\/wp\/v2\/pages"}],"about":[{"href":"https:\/\/steinberglawfirm-staging.clmcloud.app\/es\/wp-json\/wp\/v2\/types\/page"}],"author":[{"embeddable":true,"href":"https:\/\/steinberglawfirm-staging.clmcloud.app\/es\/wp-json\/wp\/v2\/users\/1"}],"replies":[{"embeddable":true,"href":"https:\/\/steinberglawfirm-staging.clmcloud.app\/es\/wp-json\/wp\/v2\/comments?post=2779"}],"version-history":[{"count":1,"href":"https:\/\/steinberglawfirm-staging.clmcloud.app\/es\/wp-json\/wp\/v2\/pages\/2779\/revisions"}],"predecessor-version":[{"id":19967,"href":"https:\/\/steinberglawfirm-staging.clmcloud.app\/es\/wp-json\/wp\/v2\/pages\/2779\/revisions\/19967"}],"up":[{"embeddable":true,"href":"https:\/\/steinberglawfirm-staging.clmcloud.app\/es\/wp-json\/wp\/v2\/pages\/2195"}],"wp:featuredmedia":[{"embeddable":true,"href":"https:\/\/steinberglawfirm-staging.clmcloud.app\/es\/wp-json\/wp\/v2\/media\/19966"}],"wp:attachment":[{"href":"https:\/\/steinberglawfirm-staging.clmcloud.app\/es\/wp-json\/wp\/v2\/media?parent=2779"}],"curies":[{"name":"wp","href":"https:\/\/api.w.org\/{rel}","templated":true}]}}