{"id":2776,"date":"2017-08-30T22:59:25","date_gmt":"2017-08-30T22:59:25","guid":{"rendered":"https:\/\/www.steinberglawfirm.com\/?page_id=2776"},"modified":"2024-08-01T20:34:29","modified_gmt":"2024-08-01T20:34:29","slug":"dui-car-accidents","status":"publish","type":"page","link":"https:\/\/steinberglawfirm-staging.clmcloud.app\/es\/articulos\/dui-car-accidents\/","title":{"rendered":"Accidentes de tr\u00e1fico por conducir bajo los efectos del alcohol"},"content":{"rendered":"<h1 class=\"wp-block-heading\">Accidentes de tr\u00e1fico por conducir bajo los efectos del alcohol<\/h1>\n\n\n\n<div style=\"height:15px\" aria-hidden=\"true\" class=\"wp-block-spacer\"><\/div>\n\n\n\n<p>No hay justificaci\u00f3n para la decisi\u00f3n negligente e imprudente de conducir un veh\u00edculo de motor en estado de embriaguez o con otros impedimentos debidos al consumo de alcohol u otra sustancia controlada. Hacerlo puede aumentar dr\u00e1sticamente la probabilidad de&nbsp;<a href=\"https:\/\/www.steinberglawfirm.com\/practice-areas\/auto-accidents\/\" target=\"_blank\" rel=\"noopener\">accidentes de tr\u00e1fico<\/a>&nbsp;con el resultado de lesiones graves o la muerte de los implicados.<\/p>\n\n\n\n<p>Lamentablemente, muchos conductores son aparentemente indiferentes a las consecuencias potencialmente desastrosas de conducir bajo los efectos del alcohol y otros automovilistas y peatones deben soportar la carga de esa apat\u00eda. Las lesiones resultantes de una colisi\u00f3n con un conductor ebrio son probablemente bastante graves y pueden requerir un amplio tratamiento m\u00e9dico.<\/p>\n\n\n\n<p>Si usted ha sido herido en un accidente causado por un conductor ebrio, usted puede ser capaz de perseguir una demanda civil, adem\u00e1s de la demanda penal que el Estado es probable que presente. Para obtener m\u00e1s informaci\u00f3n sobre c\u00f3mo esto puede ayudar, p\u00f3ngase en contacto con el <a href=\"https:\/\/www.steinberglawfirm.com\/locations\/charleston\/car-accident-lawyers\/drunk-driving-injury-accident\/\" target=\"_blank\" rel=\"noopener\">Charleston Abogados para v\u00edctimas de DUI<\/a> de la\u00a0<a href=\"https:\/\/www.steinberglawfirm.com\/about-us\/\" target=\"_blank\" rel=\"noopener\">Steinberg Law Firm<\/a>\u00a0al 843-720-2800.<\/p>\n\n\n\n<p><strong>DA\u00d1OS POTENCIALMENTE RECUPERABLES<\/strong><\/p>\n\n\n\n<p>Un accidente causado por un conductor ebrio puede perturbar significativamente su vida e incluso puede alterar permanentemente su curso. Esto puede ser especialmente dif\u00edcil cuando es necesario el cuidado de rehabilitaci\u00f3n o se le hace incapaz de seguir trabajando en su campo elegido debido a las lesiones que ha sufrido. Una acci\u00f3n legal exitosa puede ayudar a abordar algunas de las necesidades que pueden surgir a ra\u00edz de un accidente de DUI, y los da\u00f1os potencialmente recuperables pueden incluir:<\/p>\n\n\n\n<ul class=\"wp-block-list\">\n<li>Facturas m\u00e9dicas relacionadas con la atenci\u00f3n posterior al accidente<\/li>\n\n\n\n<li>Costes de rehabilitaci\u00f3n<\/li>\n\n\n\n<li>P\u00e9rdida de salarios presentes y futuros<\/li>\n\n\n\n<li>Reparaci\u00f3n de veh\u00edculos de motor<\/li>\n\n\n\n<li>Angustia mental<\/li>\n\n\n\n<li>P\u00e9rdida de compa\u00f1\u00eda (en caso de accidente mortal)<\/li>\n<\/ul>\n\n\n\n<h2 class=\"wp-block-heading\">Abogados de lesiones personales que representan a Charleston y \u00e1reas cercanas de South Carolina<\/h2>\n\n\n\n<p><strong>CONTACTAR CON NOSOTROS<\/strong><\/p>\n\n\n\n<p>Perm\u00edtanos ayudarle a ver que est\u00e1 adecuadamente equipado para hacer frente a los efectos financieramente destructivos de un accidente causado por un conductor ebrio.&nbsp;<a href=\"https:\/\/www.steinberglawfirm.com\/contact-us\/\" target=\"_blank\" rel=\"noopener\">Contacte con<\/a>&nbsp;el Charleston&nbsp;<a href=\"https:\/\/www.steinberglawfirm.com\/practice-areas\/personal-injury\/\" target=\"_blank\" rel=\"noopener\">abogados de da\u00f1os personales<\/a>&nbsp;del Steinberg Law Firm al 843-720-2800 hoy mismo.<\/p>","protected":false},"excerpt":{"rendered":"<p>Accidentes de coche DUI No hay justificaci\u00f3n para la decisi\u00f3n negligente e imprudente de conducir un veh\u00edculo de motor mientras est\u00e1 intoxicado o de otra manera deteriorado debido al consumo de alcohol u otra sustancia controlada. Hacerlo puede aumentar dr\u00e1sticamente la probabilidad de accidentes de coche que resultan en lesiones graves o la muerte de los que est\u00e1n involucrados. Lamentablemente, muchos...<\/p>","protected":false},"author":1,"featured_media":19964,"parent":2195,"menu_order":0,"comment_status":"closed","ping_status":"closed","template":"","meta":{"_acf_changed":false,"footnotes":""},"class_list":["post-2776","page","type-page","status-publish","has-post-thumbnail","hentry"],"acf":[],"_links":{"self":[{"href":"https:\/\/steinberglawfirm-staging.clmcloud.app\/es\/wp-json\/wp\/v2\/pages\/2776"}],"collection":[{"href":"https:\/\/steinberglawfirm-staging.clmcloud.app\/es\/wp-json\/wp\/v2\/pages"}],"about":[{"href":"https:\/\/steinberglawfirm-staging.clmcloud.app\/es\/wp-json\/wp\/v2\/types\/page"}],"author":[{"embeddable":true,"href":"https:\/\/steinberglawfirm-staging.clmcloud.app\/es\/wp-json\/wp\/v2\/users\/1"}],"replies":[{"embeddable":true,"href":"https:\/\/steinberglawfirm-staging.clmcloud.app\/es\/wp-json\/wp\/v2\/comments?post=2776"}],"version-history":[{"count":2,"href":"https:\/\/steinberglawfirm-staging.clmcloud.app\/es\/wp-json\/wp\/v2\/pages\/2776\/revisions"}],"predecessor-version":[{"id":31586,"href":"https:\/\/steinberglawfirm-staging.clmcloud.app\/es\/wp-json\/wp\/v2\/pages\/2776\/revisions\/31586"}],"up":[{"embeddable":true,"href":"https:\/\/steinberglawfirm-staging.clmcloud.app\/es\/wp-json\/wp\/v2\/pages\/2195"}],"wp:featuredmedia":[{"embeddable":true,"href":"https:\/\/steinberglawfirm-staging.clmcloud.app\/es\/wp-json\/wp\/v2\/media\/19964"}],"wp:attachment":[{"href":"https:\/\/steinberglawfirm-staging.clmcloud.app\/es\/wp-json\/wp\/v2\/media?parent=2776"}],"curies":[{"name":"wp","href":"https:\/\/api.w.org\/{rel}","templated":true}]}}