{"id":2774,"date":"2017-08-30T22:58:08","date_gmt":"2017-08-30T22:58:08","guid":{"rendered":"https:\/\/www.steinberglawfirm.com\/?page_id=2774"},"modified":"2022-04-19T22:21:56","modified_gmt":"2022-04-19T22:21:56","slug":"driving-in-inclement-weather","status":"publish","type":"page","link":"https:\/\/steinberglawfirm-staging.clmcloud.app\/es\/articulos\/conducir-en-el-tiempo-de-limpieza\/","title":{"rendered":"Conducir con mal tiempo"},"content":{"rendered":"<h1 class=\"wp-block-heading\">Conducir con mal tiempo<\/h1>\n\n\n\n<div style=\"height:15px\" aria-hidden=\"true\" class=\"wp-block-spacer\"><\/div>\n\n\n\n<p>Ciertas condiciones meteorol\u00f3gicas hacen que sea m\u00e1s dif\u00edcil para los conductores verse entre s\u00ed, mantener el control sobre su veh\u00edculo o incluso ponerlo en marcha. Prestar atenci\u00f3n a los informes meteorol\u00f3gicos puede ser una parte importante para mantenerse seguro en las carreteras. Hay ciertos tipos de clima que pueden hacer que la preparaci\u00f3n y la conducci\u00f3n cuidadosa sean a\u00fan m\u00e1s importantes de lo que suelen ser.<\/p>\n\n\n\n<p>Si un conductor negligente le ha causado un accidente de coche, puede tener motivos para emprender acciones legales. P\u00f3ngase en contacto con los abogados especializados en accidentes de tr\u00e1fico Charleston del bufete S<a href=\"https:\/\/www.steinberglawfirm.com\/about-us\/\" target=\"_blank\" rel=\"noopener\">Bufete Teinberg<\/a>&nbsp;al 843-720-2800 hoy para saber m\u00e1s sobre c\u00f3mo un abogado de accidentes de coche puede ayudarle con su reclamaci\u00f3n.<\/p>\n\n\n\n<p><strong>DIFERENTES PROBLEMAS METEOROL\u00d3GICOS<\/strong><\/p>\n\n\n\n<p>Muchos tipos de clima pueden crear una falta de tracci\u00f3n en la carretera o una incapacidad para ver con claridad. Sin embargo, las particularidades de los distintos fen\u00f3menos meteorol\u00f3gicos pueden poner de manifiesto lo que un conductor debe hacer para prepararse para lo peor. Al conducir, los automovilistas pueden encontrarse con las siguientes dificultades relacionadas con el clima:<\/p>\n\n\n\n<ul class=\"wp-block-list\"><li>Las tormentas de viento comprometen el control y hacen que los escombros lleguen a la carretera.<\/li><li>La lluvia, la nieve y el hielo resbalan por la carretera, haciendo que los neum\u00e1ticos tengan menos agarre al pavimento.<\/li><li>La niebla y la lluvia o la nieve intensas pueden provocar una importante p\u00e9rdida de visibilidad.<\/li><li>El granizo puede causar da\u00f1os f\u00edsicos a un coche e incluso provocar la rotura de los parabrisas.<\/li><li>Las inundaciones o las tormentas de lluvia torrenciales pueden causar da\u00f1os por el agua a las piezas vitales del autom\u00f3vil.<\/li><\/ul>\n\n\n\n<p>Si tiene en cuenta el tiempo, podr\u00e1 comprender mejor lo que debe hacer para mantenerse seguro en la carretera. Al comprender que el tr\u00e1fico suele reducir la velocidad cuando se pierde la tracci\u00f3n para evitar el descontrol, tambi\u00e9n puedes planificar mejor tu horario en consecuencia.<\/p>\n\n\n\n<h2 class=\"wp-block-heading\">Abogados de lesiones personales que representan a Charleston y \u00e1reas cercanas de South Carolina<\/h2>\n\n\n\n<p><strong>CONTACTAR CON NOSOTROS<\/strong><\/p>\n\n\n\n<p>Si usted ha sido lesionado por un conductor que no prest\u00f3 atenci\u00f3n a las advertencias o condiciones meteorol\u00f3gicas, puede tener derecho a reclamar una indemnizaci\u00f3n. P\u00f3ngase en contacto con los abogados de accidentes de coche de la Charleston llamando al 843-720-2800 hoy mismo.<\/p>","protected":false},"excerpt":{"rendered":"<p>Conducci\u00f3n en condiciones meteorol\u00f3gicas adversas Ciertas condiciones meteorol\u00f3gicas dificultan la visibilidad de los conductores, el control del veh\u00edculo e incluso su puesta en marcha. Prestar atenci\u00f3n a los informes meteorol\u00f3gicos puede ser una parte importante para mantenerse seguro en las carreteras. Hay ciertos tipos de clima que pueden hacer que la preparaci\u00f3n y el cuidado...<\/p>","protected":false},"author":1,"featured_media":19961,"parent":2195,"menu_order":0,"comment_status":"closed","ping_status":"closed","template":"","meta":{"_acf_changed":false,"footnotes":""},"class_list":["post-2774","page","type-page","status-publish","has-post-thumbnail","hentry"],"acf":[],"_links":{"self":[{"href":"https:\/\/steinberglawfirm-staging.clmcloud.app\/es\/wp-json\/wp\/v2\/pages\/2774"}],"collection":[{"href":"https:\/\/steinberglawfirm-staging.clmcloud.app\/es\/wp-json\/wp\/v2\/pages"}],"about":[{"href":"https:\/\/steinberglawfirm-staging.clmcloud.app\/es\/wp-json\/wp\/v2\/types\/page"}],"author":[{"embeddable":true,"href":"https:\/\/steinberglawfirm-staging.clmcloud.app\/es\/wp-json\/wp\/v2\/users\/1"}],"replies":[{"embeddable":true,"href":"https:\/\/steinberglawfirm-staging.clmcloud.app\/es\/wp-json\/wp\/v2\/comments?post=2774"}],"version-history":[{"count":1,"href":"https:\/\/steinberglawfirm-staging.clmcloud.app\/es\/wp-json\/wp\/v2\/pages\/2774\/revisions"}],"predecessor-version":[{"id":19962,"href":"https:\/\/steinberglawfirm-staging.clmcloud.app\/es\/wp-json\/wp\/v2\/pages\/2774\/revisions\/19962"}],"up":[{"embeddable":true,"href":"https:\/\/steinberglawfirm-staging.clmcloud.app\/es\/wp-json\/wp\/v2\/pages\/2195"}],"wp:featuredmedia":[{"embeddable":true,"href":"https:\/\/steinberglawfirm-staging.clmcloud.app\/es\/wp-json\/wp\/v2\/media\/19961"}],"wp:attachment":[{"href":"https:\/\/steinberglawfirm-staging.clmcloud.app\/es\/wp-json\/wp\/v2\/media?parent=2774"}],"curies":[{"name":"wp","href":"https:\/\/api.w.org\/{rel}","templated":true}]}}