{"id":2772,"date":"2017-08-30T22:56:57","date_gmt":"2017-08-30T22:56:57","guid":{"rendered":"https:\/\/www.steinberglawfirm.com\/?page_id=2772"},"modified":"2022-04-19T22:17:24","modified_gmt":"2022-04-19T22:17:24","slug":"driving-and-illegal-drugs","status":"publish","type":"page","link":"https:\/\/steinberglawfirm-staging.clmcloud.app\/es\/articulos\/conduccion-y-drogas-ilegales\/","title":{"rendered":"Conducci\u00f3n y drogas ilegales"},"content":{"rendered":"<h1 class=\"wp-block-heading\">Conducci\u00f3n y drogas ilegales<\/h1>\n\n\n\n<div style=\"height:15px\" aria-hidden=\"true\" class=\"wp-block-spacer\"><\/div>\n\n\n\n<p>Aunque la mayor\u00eda de la gente piensa en el alcohol cuando se habla de los cargos por DUI, la ley tambi\u00e9n proh\u00edbe conducir bajo la influencia de drogas como la marihuana, la coca\u00edna, la hero\u00edna y las sustancias alucin\u00f3genas. Estas sustancias pueden tener una serie de efectos en las personas que abusan de ellas. Muchos de estos efectos dificultan o imposibilitan la conducci\u00f3n segura.<\/p>\n\n\n\n<p>Si usted ha sido lesionado por un conductor imprudente, p\u00f3ngase en contacto con los abogados de accidentes de coche Charleston de la&nbsp;<a href=\"https:\/\/www.steinberglawfirm.com\/about-us\/\" target=\"_blank\" rel=\"noopener\">Steinberg Law Firm<\/a> al 843-720-2800 para hablar con un defensor hoy mismo sobre sus derechos y opciones legales.<\/p>\n\n\n\n<p><strong>EFECTOS DE LAS DROGAS ILEGALES<\/strong><\/p>\n\n\n\n<p>Muchas drogas ilegales son intr\u00ednsecamente peligrosas; estos peligros s\u00f3lo aumentan cuando las personas bajo la influencia de estas sustancias intentan conducir. Los efectos relacionados con las drogas que pueden hacer que la conducci\u00f3n sea altamente peligrosa incluyen:<\/p>\n\n\n\n<ul class=\"wp-block-list\"><li>P\u00e9rdida de concentraci\u00f3n y atenci\u00f3n<\/li><li>Aumento de la frecuencia card\u00edaca, vigilia e inquietud<\/li><li>Alucinaciones visuales o auditivas<\/li><li>Aumento de la agresividad<\/li><li>Un estado de paranoia<\/li><\/ul>\n\n\n\n<p>Como cualquiera de estos s\u00edntomas comunes relacionados con la amplia gama de sustancias ilegales podr\u00eda causar un accidente, los conductores deben ser extremadamente cuidadosos alrededor de un motorista que conduce err\u00e1ticamente. La ley de DUI tambi\u00e9n cubre las drogas ilegales, y las leyes son muy claras acerca de c\u00f3mo conducir bajo la influencia de una droga puede ser castigado. En el caso de&nbsp;<a href=\"https:\/\/www.steinberglawfirm.com\/practice-areas\/personal-injury\/\" target=\"_blank\" rel=\"noopener\">da\u00f1os personales<\/a>El abuso de sustancias puede constituir f\u00e1cilmente una negligencia.<\/p>\n\n\n\n<h2 class=\"wp-block-heading\">Abogados de lesiones personales que representan a Charleston y \u00e1reas cercanas de South Carolina<\/h2>\n\n\n\n<p><strong>CONTACTAR CON NOSOTROS<\/strong><\/p>\n\n\n\n<p>Si usted ha sido lesionado por alguien que conduc\u00eda abusando de una sustancia ilegal, puede tener derecho a emprender acciones legales. P\u00f3ngase en contacto con los abogados de lesiones personales del Charleston en el 843-720-2800 hoy mismo para tratar su caso con un asesor jur\u00eddico.<\/p>","protected":false},"excerpt":{"rendered":"<p>Conducci\u00f3n y Drogas Ilegales Aunque la mayor\u00eda de la gente piensa en el alcohol cuando se habla de cargos por DUI, la ley proh\u00edbe adem\u00e1s conducir bajo la influencia de drogas como la marihuana, la coca\u00edna, la hero\u00edna y las sustancias alucin\u00f3genas. Estas sustancias pueden tener una serie de efectos en las personas que abusan de ellas. Muchos de estos efectos hacen dif\u00edcil o imposible...<\/p>","protected":false},"author":1,"featured_media":15169,"parent":2195,"menu_order":0,"comment_status":"closed","ping_status":"closed","template":"","meta":{"_acf_changed":false,"footnotes":""},"class_list":["post-2772","page","type-page","status-publish","has-post-thumbnail","hentry"],"acf":[],"_links":{"self":[{"href":"https:\/\/steinberglawfirm-staging.clmcloud.app\/es\/wp-json\/wp\/v2\/pages\/2772"}],"collection":[{"href":"https:\/\/steinberglawfirm-staging.clmcloud.app\/es\/wp-json\/wp\/v2\/pages"}],"about":[{"href":"https:\/\/steinberglawfirm-staging.clmcloud.app\/es\/wp-json\/wp\/v2\/types\/page"}],"author":[{"embeddable":true,"href":"https:\/\/steinberglawfirm-staging.clmcloud.app\/es\/wp-json\/wp\/v2\/users\/1"}],"replies":[{"embeddable":true,"href":"https:\/\/steinberglawfirm-staging.clmcloud.app\/es\/wp-json\/wp\/v2\/comments?post=2772"}],"version-history":[{"count":1,"href":"https:\/\/steinberglawfirm-staging.clmcloud.app\/es\/wp-json\/wp\/v2\/pages\/2772\/revisions"}],"predecessor-version":[{"id":19959,"href":"https:\/\/steinberglawfirm-staging.clmcloud.app\/es\/wp-json\/wp\/v2\/pages\/2772\/revisions\/19959"}],"up":[{"embeddable":true,"href":"https:\/\/steinberglawfirm-staging.clmcloud.app\/es\/wp-json\/wp\/v2\/pages\/2195"}],"wp:featuredmedia":[{"embeddable":true,"href":"https:\/\/steinberglawfirm-staging.clmcloud.app\/es\/wp-json\/wp\/v2\/media\/15169"}],"wp:attachment":[{"href":"https:\/\/steinberglawfirm-staging.clmcloud.app\/es\/wp-json\/wp\/v2\/media?parent=2772"}],"curies":[{"name":"wp","href":"https:\/\/api.w.org\/{rel}","templated":true}]}}