{"id":2770,"date":"2017-08-30T22:56:12","date_gmt":"2017-08-30T22:56:12","guid":{"rendered":"https:\/\/www.steinberglawfirm.com\/?page_id=2770"},"modified":"2024-08-01T20:33:01","modified_gmt":"2024-08-01T20:33:01","slug":"driver-error","status":"publish","type":"page","link":"https:\/\/steinberglawfirm-staging.clmcloud.app\/es\/articulos\/driver-error\/","title":{"rendered":"Error del conductor"},"content":{"rendered":"<h1 class=\"wp-block-heading\">Error del conductor<\/h1>\n\n\n\n<div style=\"height:15px\" aria-hidden=\"true\" class=\"wp-block-spacer\"><\/div>\n\n\n\n<p>Durante mucho tiempo se ha dicho que Estados Unidos es un pa\u00eds con una cultura del autom\u00f3vil, y hay pocas pruebas de lo contrario. Con millones de estadounidenses que se lanzan a las carreteras, calles residenciales y callejones a diario, es f\u00e1cil ver la importancia de los coches en la vida del estadounidense medio. Sin embargo, por muy segura que se sienta una persona al volante, los peligros en nuestras carreteras se multiplican por los errores del conductor. A pesar de que los veh\u00edculos de motor se han mejorado con cada nueva generaci\u00f3n de coches, los conductores siguen tomando malas decisiones en la carretera.<\/p>\n\n\n\n<p>Si un conductor negligente le ha causado una lesi\u00f3n, p\u00f3ngase en contacto con los abogados de accidentes de tr\u00e1fico Charleston del&nbsp;<a href=\"https:\/\/www.steinberglawfirm.com\/about-us\/\" target=\"_blank\" rel=\"noopener\">Steinberg Law Firm<\/a> hoy llamando al 843-720-2800 para discutir los detalles de su reclamaci\u00f3n con un profesional legal experimentado.<\/p>\n\n\n\n<p><strong>CAUSAS DE ERROR DEL CONDUCTOR<\/strong><\/p>\n\n\n\n<p>La responsabilidad de un conductor en la carretera es seguir las leyes de tr\u00e1fico locales y estatales, incluyendo los l\u00edmites de velocidad y las restricciones de carril, y mantener adecuadamente su veh\u00edculo. Lamentablemente, algunos conductores no se toman en serio estas responsabilidades. Los siguientes errores de los conductores pueden provocar colisiones:<\/p>\n\n\n\n<ul class=\"wp-block-list\">\n<li>Desconocimiento de las leyes de tr\u00e1fico<\/li>\n\n\n\n<li>Negligencia en el mantenimiento del veh\u00edculo<\/li>\n\n\n\n<li>Exceso de velocidad<\/li>\n\n\n\n<li>Conducci\u00f3n temeraria<\/li>\n\n\n\n<li><a href=\"https:\/\/www.steinberglawfirm.com\/locations\/charleston\/car-accident-lawyers\/drunk-driving-injury-accident\/\" target=\"_blank\" rel=\"noopener\">Conducci\u00f3n bajo los efectos del alcohol<\/a><\/li>\n<\/ul>\n\n\n\n<p><a href=\"https:\/\/www.steinberglawfirm.com\/practice-areas\/auto-accidents\/\" target=\"_blank\" rel=\"noopener\">Accidentes de tr\u00e1fico<\/a>&nbsp;puede provocar lesiones graves y da\u00f1os materiales. Las consecuencias de una mala decisi\u00f3n al volante pueden provocar graves fracturas \u00f3seas, laceraciones y traumatismos, as\u00ed como problemas de salud espec\u00edficos como el latigazo cervical. Junto con estas lesiones f\u00edsicas, el da\u00f1o psicol\u00f3gico que puede seguir a un accidente particularmente destructivo puede marcar mentalmente a una persona para el resto de su vida.<\/p>\n\n\n\n<h2 class=\"wp-block-heading\">Abogados de lesiones personales que representan a Charleston y \u00e1reas cercanas de South Carolina<\/h2>\n\n\n\n<p><strong>CONTACTAR CON NOSOTROS<\/strong><\/p>\n\n\n\n<p>Si ha resultado herido en un accidente de coche y no sabe a qu\u00e9 atenerse, un asesor jur\u00eddico experimentado puede ayudarle a buscar justicia. P\u00f3ngase en contacto con los abogados de accidentes de coche de la Charleston en el 843-720-2800 para obtener m\u00e1s informaci\u00f3n sobre sus derechos y opciones legales como v\u00edctima de un accidente.<\/p>","protected":false},"excerpt":{"rendered":"<p>Error del conductor Durante mucho tiempo se ha dicho que Estados Unidos es un pa\u00eds con una cultura del autom\u00f3vil, y hay pocas pruebas de lo contrario. Con millones de estadounidenses que se lanzan a las autopistas, calles residenciales y callejones a diario, es f\u00e1cil ver la importancia de los coches en la vida del estadounidense medio. Sin embargo, por muy seguro que sea un...<\/p>","protected":false},"author":1,"featured_media":15169,"parent":2195,"menu_order":0,"comment_status":"closed","ping_status":"closed","template":"","meta":{"_acf_changed":false,"footnotes":""},"class_list":["post-2770","page","type-page","status-publish","has-post-thumbnail","hentry"],"acf":[],"_links":{"self":[{"href":"https:\/\/steinberglawfirm-staging.clmcloud.app\/es\/wp-json\/wp\/v2\/pages\/2770"}],"collection":[{"href":"https:\/\/steinberglawfirm-staging.clmcloud.app\/es\/wp-json\/wp\/v2\/pages"}],"about":[{"href":"https:\/\/steinberglawfirm-staging.clmcloud.app\/es\/wp-json\/wp\/v2\/types\/page"}],"author":[{"embeddable":true,"href":"https:\/\/steinberglawfirm-staging.clmcloud.app\/es\/wp-json\/wp\/v2\/users\/1"}],"replies":[{"embeddable":true,"href":"https:\/\/steinberglawfirm-staging.clmcloud.app\/es\/wp-json\/wp\/v2\/comments?post=2770"}],"version-history":[{"count":2,"href":"https:\/\/steinberglawfirm-staging.clmcloud.app\/es\/wp-json\/wp\/v2\/pages\/2770\/revisions"}],"predecessor-version":[{"id":31582,"href":"https:\/\/steinberglawfirm-staging.clmcloud.app\/es\/wp-json\/wp\/v2\/pages\/2770\/revisions\/31582"}],"up":[{"embeddable":true,"href":"https:\/\/steinberglawfirm-staging.clmcloud.app\/es\/wp-json\/wp\/v2\/pages\/2195"}],"wp:featuredmedia":[{"embeddable":true,"href":"https:\/\/steinberglawfirm-staging.clmcloud.app\/es\/wp-json\/wp\/v2\/media\/15169"}],"wp:attachment":[{"href":"https:\/\/steinberglawfirm-staging.clmcloud.app\/es\/wp-json\/wp\/v2\/media?parent=2770"}],"curies":[{"name":"wp","href":"https:\/\/api.w.org\/{rel}","templated":true}]}}