{"id":2768,"date":"2017-08-30T22:55:17","date_gmt":"2017-08-30T22:55:17","guid":{"rendered":"https:\/\/www.steinberglawfirm.com\/?page_id=2768"},"modified":"2022-04-19T22:15:36","modified_gmt":"2022-04-19T22:15:36","slug":"drafting-on-the-highway","status":"publish","type":"page","link":"https:\/\/steinberglawfirm-staging.clmcloud.app\/es\/articulos\/drafting-on-the-highway\/","title":{"rendered":"Redacci\u00f3n en la carretera"},"content":{"rendered":"<h1 class=\"wp-block-heading\">Redacci\u00f3n en la carretera<\/h1>\n\n\n\n<div style=\"height:15px\" aria-hidden=\"true\" class=\"wp-block-spacer\"><\/div>\n\n\n\n<p>Algunos conductores de carretera utilizan ciertas t\u00e1cticas con el fin de aumentar el kilometraje total de la gasolina. Aunque estos m\u00e9todos pueden producir resultados positivos en t\u00e9rminos de ahorro de combustible, a menudo ponen a esos conductores y a cualquier persona a su alrededor en una posici\u00f3n de riesgo extremo. En particular, el drafting, o el acto de seguir muy de cerca a otro veh\u00edculo, pone en peligro tanto a los automovilistas que realizan esta actividad como a los que est\u00e1n cerca.<\/p>\n\n\n\n<p>Si usted o un ser querido ha sufrido da\u00f1os debido a las acciones imprudentes de otro conductor, puede ser elegible para recibir una compensaci\u00f3n. Para una consulta gratuita sobre sus derechos legales como v\u00edctima de una lesi\u00f3n, p\u00f3ngase en contacto con los abogados de accidentes de coche Charleston de la&nbsp;<a href=\"https:\/\/www.steinberglawfirm.com\/about-us\/\" target=\"_blank\" rel=\"noopener\">Steinberg Law Firm<\/a>&nbsp;al 843-720-2800 hoy mismo.<\/p>\n\n\n\n<p><strong>REDACCI\u00d3N Y RIESGOS DE ACCIDENTE<\/strong><\/p>\n\n\n\n<p>El calado funciona reduciendo la resistencia al aire que experimenta un veh\u00edculo debido a la resistencia al viento. Especialmente en d\u00edas de viento, las carreteras abiertas pueden agotar el dep\u00f3sito de gasolina de un veh\u00edculo mucho m\u00e1s r\u00e1pido debido a la fuerza del aire sobre el coche o el cami\u00f3n. Al seguir a un veh\u00edculo m\u00e1s grande, un automovilista puede utilizar ese veh\u00edculo para cancelar la resistencia al viento. Sin embargo, pueden producirse los siguientes problemas a causa del drafting:<\/p>\n\n\n\n<ul class=\"wp-block-list\"><li>Golpear el protector trasero de un cami\u00f3n<\/li><li>Accidentes por debajo de la esquina trasera<\/li><li>Chocar por detr\u00e1s con un coche o un todoterreno<\/li><li>No detenerse en un sem\u00e1foro<\/li><li>No adaptarse a los cambios en la carretera<\/li><\/ul>\n\n\n\n<p>La mayor\u00eda de los conductores saben que mantener unas buenas l\u00edneas de visi\u00f3n en todas las direcciones es una importante medida de seguridad mientras se est\u00e1 en la carretera. Como m\u00ednimo, poder ver claramente delante del veh\u00edculo es necesario para ayudar a evitar accidentes causados por las condiciones de la carretera que se avecinan. Sin embargo, cuando las personas dibujan detr\u00e1s de otro cami\u00f3n o coche, pierden su l\u00ednea de visi\u00f3n m\u00e1s importante, colocando a ellos y a los veh\u00edculos a su alrededor en un peligro extremo.<\/p>\n\n\n\n<h2 class=\"wp-block-heading\">Abogados de lesiones personales que representan a Charleston y \u00e1reas cercanas de South Carolina<\/h2>\n\n\n\n<p><strong>CONTACTAR CON NOSOTROS<\/strong><\/p>\n\n\n\n<p>Intercambiar un ligero beneficio en el ahorro de combustible por la salud y la seguridad de m\u00faltiples automovilistas es un comportamiento imprudente. Para saber m\u00e1s sobre sus derechos legales si ha resultado herido por culpa de un conductor negligente, p\u00f3ngase en contacto con el <a href=\"https:\/\/www.steinberglawfirm.com\/practice-areas\/auto-accidents\/\" target=\"_blank\" rel=\"noopener\">Charleston abogados de accidentes de tr\u00e1fico<\/a> del Steinberg Law Firm hoy mismo llamando al 843-720-2800.<\/p>","protected":false},"excerpt":{"rendered":"<p>Algunos conductores de carretera utilizan ciertas t\u00e1cticas para aumentar el consumo de combustible. Aunque estos m\u00e9todos pueden producir resultados positivos en t\u00e9rminos de ahorro de combustible, a menudo lanzan esos conductores y cualquier persona alrededor de ellos en una posici\u00f3n de riesgo extremo. En particular, el drafting, o el acto de seguir muy de cerca...<\/p>","protected":false},"author":1,"featured_media":15366,"parent":2195,"menu_order":0,"comment_status":"closed","ping_status":"closed","template":"","meta":{"_acf_changed":false,"footnotes":""},"class_list":["post-2768","page","type-page","status-publish","has-post-thumbnail","hentry"],"acf":[],"_links":{"self":[{"href":"https:\/\/steinberglawfirm-staging.clmcloud.app\/es\/wp-json\/wp\/v2\/pages\/2768"}],"collection":[{"href":"https:\/\/steinberglawfirm-staging.clmcloud.app\/es\/wp-json\/wp\/v2\/pages"}],"about":[{"href":"https:\/\/steinberglawfirm-staging.clmcloud.app\/es\/wp-json\/wp\/v2\/types\/page"}],"author":[{"embeddable":true,"href":"https:\/\/steinberglawfirm-staging.clmcloud.app\/es\/wp-json\/wp\/v2\/users\/1"}],"replies":[{"embeddable":true,"href":"https:\/\/steinberglawfirm-staging.clmcloud.app\/es\/wp-json\/wp\/v2\/comments?post=2768"}],"version-history":[{"count":1,"href":"https:\/\/steinberglawfirm-staging.clmcloud.app\/es\/wp-json\/wp\/v2\/pages\/2768\/revisions"}],"predecessor-version":[{"id":19957,"href":"https:\/\/steinberglawfirm-staging.clmcloud.app\/es\/wp-json\/wp\/v2\/pages\/2768\/revisions\/19957"}],"up":[{"embeddable":true,"href":"https:\/\/steinberglawfirm-staging.clmcloud.app\/es\/wp-json\/wp\/v2\/pages\/2195"}],"wp:featuredmedia":[{"embeddable":true,"href":"https:\/\/steinberglawfirm-staging.clmcloud.app\/es\/wp-json\/wp\/v2\/media\/15366"}],"wp:attachment":[{"href":"https:\/\/steinberglawfirm-staging.clmcloud.app\/es\/wp-json\/wp\/v2\/media?parent=2768"}],"curies":[{"name":"wp","href":"https:\/\/api.w.org\/{rel}","templated":true}]}}