{"id":2766,"date":"2017-08-30T22:54:21","date_gmt":"2017-08-30T22:54:21","guid":{"rendered":"https:\/\/www.steinberglawfirm.com\/?page_id=2766"},"modified":"2022-04-19T22:14:44","modified_gmt":"2022-04-19T22:14:44","slug":"do-you-need-a-lawyer-if-fault-is-clear","status":"publish","type":"page","link":"https:\/\/steinberglawfirm-staging.clmcloud.app\/es\/articulos\/necesita-un-abogado-si-la-falta-esta-clara\/","title":{"rendered":"\u00bfNecesita un abogado si la culpa es clara?"},"content":{"rendered":"<h1 class=\"wp-block-heading\">\u00bfNecesita un abogado si la culpa es clara?<\/h1>\n\n\n\n<div style=\"height:15px\" aria-hidden=\"true\" class=\"wp-block-spacer\"><\/div>\n\n\n\n<p>Hay casos en los que las circunstancias que rodean a un accidente no dejan lugar a dudas sobre qui\u00e9n fue el culpable del desafortunado suceso. Estos casos entran en la categor\u00eda de la llamada \"responsabilidad indudable\", y requieren pocas pruebas o evidencias por parte del perjudicado. Sin embargo, los servicios de un abogado comprometido y capaz pueden ser extremadamente valiosos en la b\u00fasqueda de una acci\u00f3n legal relacionada.<\/p>\n\n\n\n<p>Si se ha lesionado y est\u00e1 considerando la posibilidad de presentar una demanda civil para obtener una compensaci\u00f3n econ\u00f3mica por los costes relacionados con el accidente, podemos serle de ayuda. Para saber m\u00e1s sobre nuestra completa gama de servicios legales, p\u00f3ngase en contacto con los abogados de lesiones Charleston del\u00a0<a href=\"https:\/\/www.steinberglawfirm.com\/about-us\/\" target=\"_blank\" rel=\"noopener\">Steinberg Law Firm<\/a>\u00a0al 843-720-2800.<\/p>\n\n\n\n<p><strong>LOS BENEFICIOS DE LOS SERVICIOS DE LOS ABOGADOS<\/strong><\/p>\n\n\n\n<p>Aunque un caso pueda parecer sencillo despu\u00e9s de una lesi\u00f3n, el proceso de resoluci\u00f3n de ese caso a trav\u00e9s de los canales legales apropiados no siempre es tan f\u00e1cil de gestionar. Siempre hay una cantidad considerable de trabajo procesal que debe completarse, independientemente de la complejidad de un caso de lesi\u00f3n. Adem\u00e1s, pueden surgir algunas complicaciones incluso en los casos m\u00e1s sencillos.<\/p>\n\n\n\n<p>Un abogado puede ofrecer las siguientes ventajas para facilitar la gesti\u00f3n de estos casos:<\/p>\n\n\n\n<ul class=\"wp-block-list\"><li>Gesti\u00f3n de la documentaci\u00f3n relacionada con el caso<\/li><li>Hacer frente a cualquier problema inesperado que surja<\/li><li>Proporcionar apoyo y asesoramiento a lo largo del proceso<\/li><li>Garantizar el cumplimiento de los plazos y otras cuestiones de procedimiento<\/li><\/ul>\n\n\n\n<p>Incluso en los casos de responsabilidad indudable, la experiencia y los conocimientos de un abogado pueden resultar inestimables para un demandante.<\/p>\n\n\n\n<h2 class=\"wp-block-heading\">Abogados de lesiones personales que representan a Charleston y \u00e1reas cercanas de South Carolina<\/h2>\n\n\n\n<p><strong>CONTACTAR CON NOSOTROS<\/strong><\/p>\n\n\n\n<p>Si ha sufrido lesiones como consecuencia de la negligencia de otra persona, puede tener derecho a reclamar una indemnizaci\u00f3n econ\u00f3mica a trav\u00e9s de un&nbsp;<a href=\"https:\/\/www.steinberglawfirm.com\/practice-areas\/personal-injury\/\" target=\"_blank\" rel=\"noopener\">da\u00f1os personales<\/a>&nbsp;demanda. Perm\u00edtanos ayudarle a asegurarse de que est\u00e1 debidamente asesorado sobre sus derechos y opciones legales. P\u00f3ngase en contacto con los abogados de lesiones personales del Charleston llamando al 843-720-2800 hoy mismo.<\/p>","protected":false},"excerpt":{"rendered":"<p>\u00bfNecesita un abogado si la culpa es clara? Hay algunos casos en los que las circunstancias que rodean a un accidente no dejan lugar a dudas sobre qui\u00e9n fue el culpable del desafortunado suceso. Estos casos entran en la categor\u00eda de la llamada \"responsabilidad sin duda\", y requieren pocas pruebas o evidencias por parte del...<\/p>","protected":false},"author":1,"featured_media":5589,"parent":2195,"menu_order":0,"comment_status":"closed","ping_status":"closed","template":"","meta":{"_acf_changed":false,"footnotes":""},"class_list":["post-2766","page","type-page","status-publish","has-post-thumbnail","hentry"],"acf":[],"_links":{"self":[{"href":"https:\/\/steinberglawfirm-staging.clmcloud.app\/es\/wp-json\/wp\/v2\/pages\/2766"}],"collection":[{"href":"https:\/\/steinberglawfirm-staging.clmcloud.app\/es\/wp-json\/wp\/v2\/pages"}],"about":[{"href":"https:\/\/steinberglawfirm-staging.clmcloud.app\/es\/wp-json\/wp\/v2\/types\/page"}],"author":[{"embeddable":true,"href":"https:\/\/steinberglawfirm-staging.clmcloud.app\/es\/wp-json\/wp\/v2\/users\/1"}],"replies":[{"embeddable":true,"href":"https:\/\/steinberglawfirm-staging.clmcloud.app\/es\/wp-json\/wp\/v2\/comments?post=2766"}],"version-history":[{"count":1,"href":"https:\/\/steinberglawfirm-staging.clmcloud.app\/es\/wp-json\/wp\/v2\/pages\/2766\/revisions"}],"predecessor-version":[{"id":19956,"href":"https:\/\/steinberglawfirm-staging.clmcloud.app\/es\/wp-json\/wp\/v2\/pages\/2766\/revisions\/19956"}],"up":[{"embeddable":true,"href":"https:\/\/steinberglawfirm-staging.clmcloud.app\/es\/wp-json\/wp\/v2\/pages\/2195"}],"wp:featuredmedia":[{"embeddable":true,"href":"https:\/\/steinberglawfirm-staging.clmcloud.app\/es\/wp-json\/wp\/v2\/media\/5589"}],"wp:attachment":[{"href":"https:\/\/steinberglawfirm-staging.clmcloud.app\/es\/wp-json\/wp\/v2\/media?parent=2766"}],"curies":[{"name":"wp","href":"https:\/\/api.w.org\/{rel}","templated":true}]}}