{"id":2764,"date":"2017-08-30T22:53:04","date_gmt":"2017-08-30T22:53:04","guid":{"rendered":"https:\/\/www.steinberglawfirm.com\/?page_id=2764"},"modified":"2022-04-19T22:14:16","modified_gmt":"2022-04-19T22:14:16","slug":"defective-seat-belts","status":"publish","type":"page","link":"https:\/\/steinberglawfirm-staging.clmcloud.app\/es\/articulos\/cinturones-de-seguridad-defectuosos\/","title":{"rendered":"Cinturones de seguridad defectuosos"},"content":{"rendered":"<h1 class=\"wp-block-heading\">Cinturones de seguridad defectuosos<\/h1>\n\n\n\n<div style=\"height:15px\" aria-hidden=\"true\" class=\"wp-block-spacer\"><\/div>\n\n\n\n<p>Si se pregunta a la mayor\u00eda de las personas qu\u00e9 elemento de su coche es el m\u00e1s importante para la seguridad de los pasajeros, la respuesta ser\u00e1 probablemente el cintur\u00f3n de seguridad. Los cinturones de seguridad est\u00e1n dise\u00f1ados para proteger a los pasajeros de las sacudidas repentinas y bruscas debidas al frenado inmediato y para mantener su cuerpo inm\u00f3vil en caso de accidente. Sin embargo, los cinturones de seguridad pueden causar m\u00e1s da\u00f1os que beneficios si son intr\u00ednsecamente defectuosos o funcionan mal mientras se utilizan. En este caso, no s\u00f3lo no le protegen de los da\u00f1os, sino que pueden causar lesiones adicionales a usted y a los dem\u00e1s.<\/p>\n\n\n\n<p>Si usted o un ser querido ha resultado herido por un cintur\u00f3n de seguridad defectuoso, merece que la ley le haga justicia. Las empresas que fabrican estos cinturones deben ser consideradas responsables de la conducta negligente que han mostrado al sacar al mercado un producto tan da\u00f1ino. Para saber m\u00e1s sobre la responsabilidad del producto y sus derechos como v\u00edctima de una lesi\u00f3n, p\u00f3ngase en contacto con los abogados de responsabilidad del producto Charleston de la&nbsp;<a href=\"https:\/\/www.steinberglawfirm.com\/about-us\/\" target=\"_blank\" rel=\"noopener\">Steinberg Law Firm<\/a>&nbsp;al 843-720-2800 hoy mismo.<\/p>\n\n\n\n<p><strong>CAUSAS DE LOS CINTURONES DE SEGURIDAD DEFECTUOSOS<\/strong><\/p>\n\n\n\n<p>Los siguientes casos pueden atribuirse a un mal funcionamiento inherente a la fabricaci\u00f3n del cintur\u00f3n de seguridad o al dise\u00f1o del producto:<\/p>\n\n\n\n<ul class=\"wp-block-list\"><li>Desenganche de la hebilla<\/li><li>Cinta rasgada<\/li><li>Mecanismo de cierre defectuoso<\/li><li>Falta de la banda de la cadera o del hombro<\/li><li>Exceso de tejido<\/li><\/ul>\n\n\n\n<p>Al llevar al fabricante imprudente de cinturones de seguridad ante la justicia con una demanda de responsabilidad por productos defectuosos, es posible que pueda recibir una compensaci\u00f3n econ\u00f3mica por los da\u00f1os causados por el accidente. Este dinero puede utilizarse para cubrir los salarios perdidos por las bajas laborales, las facturas m\u00e9dicas, los costes asociados a la recuperaci\u00f3n y rehabilitaci\u00f3n o incluso el dolor y el sufrimiento f\u00edsico o emocional. Sin embargo, para saber a cu\u00e1nto dinero puede tener derecho, debe consultar con un abogado con experiencia.<\/p>\n\n\n\n<h2 class=\"wp-block-heading\">Abogados de lesiones personales que representan a Charleston y \u00e1reas cercanas de South Carolina<\/h2>\n\n\n\n<p><strong>CONTACTAR CON NOSOTROS<\/strong><\/p>\n\n\n\n<p>Para obtener m\u00e1s informaci\u00f3n sobre los defectos del cintur\u00f3n de seguridad y sus derechos legales, p\u00f3ngase en contacto con los abogados de responsabilidad del producto Charleston hoy en el 843-720-2800.<\/p>","protected":false},"excerpt":{"rendered":"<p>Cinturones de seguridad defectuosos Si se pregunta a la mayor\u00eda de las personas qu\u00e9 elemento de su coche es el m\u00e1s importante para la seguridad de los pasajeros, la respuesta ser\u00e1 probablemente el cintur\u00f3n de seguridad. Los cinturones de seguridad est\u00e1n dise\u00f1ados para proteger a los pasajeros de las sacudidas repentinas y bruscas debidas al frenado inmediato y para mantener su cuerpo inm\u00f3vil en caso de accidente. Sin embargo,...<\/p>","protected":false},"author":1,"featured_media":19679,"parent":2195,"menu_order":0,"comment_status":"closed","ping_status":"closed","template":"","meta":{"_acf_changed":false,"footnotes":""},"class_list":["post-2764","page","type-page","status-publish","has-post-thumbnail","hentry"],"acf":[],"_links":{"self":[{"href":"https:\/\/steinberglawfirm-staging.clmcloud.app\/es\/wp-json\/wp\/v2\/pages\/2764"}],"collection":[{"href":"https:\/\/steinberglawfirm-staging.clmcloud.app\/es\/wp-json\/wp\/v2\/pages"}],"about":[{"href":"https:\/\/steinberglawfirm-staging.clmcloud.app\/es\/wp-json\/wp\/v2\/types\/page"}],"author":[{"embeddable":true,"href":"https:\/\/steinberglawfirm-staging.clmcloud.app\/es\/wp-json\/wp\/v2\/users\/1"}],"replies":[{"embeddable":true,"href":"https:\/\/steinberglawfirm-staging.clmcloud.app\/es\/wp-json\/wp\/v2\/comments?post=2764"}],"version-history":[{"count":1,"href":"https:\/\/steinberglawfirm-staging.clmcloud.app\/es\/wp-json\/wp\/v2\/pages\/2764\/revisions"}],"predecessor-version":[{"id":19955,"href":"https:\/\/steinberglawfirm-staging.clmcloud.app\/es\/wp-json\/wp\/v2\/pages\/2764\/revisions\/19955"}],"up":[{"embeddable":true,"href":"https:\/\/steinberglawfirm-staging.clmcloud.app\/es\/wp-json\/wp\/v2\/pages\/2195"}],"wp:featuredmedia":[{"embeddable":true,"href":"https:\/\/steinberglawfirm-staging.clmcloud.app\/es\/wp-json\/wp\/v2\/media\/19679"}],"wp:attachment":[{"href":"https:\/\/steinberglawfirm-staging.clmcloud.app\/es\/wp-json\/wp\/v2\/media?parent=2764"}],"curies":[{"name":"wp","href":"https:\/\/api.w.org\/{rel}","templated":true}]}}