{"id":2761,"date":"2017-08-30T22:52:10","date_gmt":"2017-08-30T22:52:10","guid":{"rendered":"https:\/\/www.steinberglawfirm.com\/?page_id=2761"},"modified":"2022-04-19T22:13:35","modified_gmt":"2022-04-19T22:13:35","slug":"daycare-neglect","status":"publish","type":"page","link":"https:\/\/steinberglawfirm-staging.clmcloud.app\/es\/articulos\/guarderia-descuido\/","title":{"rendered":"Abandono de la guarder\u00eda"},"content":{"rendered":"<h1 class=\"wp-block-heading\">Abandono de la guarder\u00eda<\/h1>\n\n\n\n<div style=\"height:15px\" aria-hidden=\"true\" class=\"wp-block-spacer\"><\/div>\n\n\n\n<p>Los padres a menudo se debaten entre las decisiones relativas a las guarder\u00edas y la mejor manera de garantizar el cuidado de sus hijos mientras ellos trabajan. La elecci\u00f3n de confiar a otra persona o empresa la salud y el bienestar de su hijo puede ser un reto y, lamentablemente, hay algunas instalaciones que no se adhieren a la norma de atenci\u00f3n que los padres esperan. Cuando los ni\u00f1os son descuidados en las guarder\u00edas, pueden sufrir lesiones f\u00edsicas y traumas emocionales incre\u00edblemente perjudiciales.<\/p>\n\n\n\n<p>Si su hijo ha sufrido la negligencia de una guarder\u00eda, es posible que pueda emprender acciones legales contra la parte responsable. P\u00f3ngase en contacto con los abogados especializados en negligencia en guarder\u00edas Charleston del&nbsp;<a href=\"https:\/\/www.steinberglawfirm.com\/about-us\/\" target=\"_blank\" rel=\"noopener\">Steinberg Law Firm<\/a>&nbsp;en el 843-720-2800 para discutir las formas en que usted puede buscar una compensaci\u00f3n por el sufrimiento innecesario que su hijo ha soportado.<\/p>\n\n\n\n<p><strong>SIGNOS DE NEGLIGENCIA EN LAS GUARDER\u00cdAS<\/strong><\/p>\n\n\n\n<p>Sin el cuidado y la atenci\u00f3n adecuados por parte de los proveedores de la guarder\u00eda, los ni\u00f1os pueden ser susceptibles de sufrir lesiones graves o incluso la muerte. Algunos de los signos m\u00e1s comunes de negligencia en las guarder\u00edas son:<\/p>\n\n\n\n<ul class=\"wp-block-list\"><li>Un cambio repentino de personalidad, como volverse agresivo o extremadamente t\u00edmido<\/li><li>Desinter\u00e9s por las cosas por las que el ni\u00f1o sol\u00eda mostrar inter\u00e9s<\/li><li>Miedo a la guarder\u00eda o a ciertas personas<\/li><li>Problemas para dormir, pesadillas o enuresis<\/li><li>Mostrar signos de ansiedad por separaci\u00f3n<\/li><\/ul>\n\n\n\n<h2 class=\"wp-block-heading\">Abogados de lesiones personales que representan a Charleston y \u00e1reas cercanas de South Carolina<\/h2>\n\n\n\n<p><strong><br>CONTACTAR CON NOSOTROS<\/strong><\/p>\n\n\n\n<p>Si sospecha que su hijo puede ser v\u00edctima de una negligencia en el cuidado de ni\u00f1os en una guarder\u00eda, puede tener derecho a una compensaci\u00f3n econ\u00f3mica. P\u00f3ngase en contacto con los abogados de negligencia en guarder\u00edas del Charleston al 843-720-2800 para hablar con un abogado experto sobre sus derechos hoy mismo.<\/p>","protected":false},"excerpt":{"rendered":"<p>Negligencia en las guarder\u00edas Los padres a menudo se debaten entre las decisiones relativas a las guarder\u00edas y la mejor manera de garantizar el cuidado de sus hijos mientras ellos trabajan. La elecci\u00f3n de confiar a otra persona o empresa la salud y el bienestar de su hijo puede ser un reto y, lamentablemente, hay algunas instalaciones que no se adhieren a...<\/p>","protected":false},"author":1,"featured_media":19952,"parent":2195,"menu_order":0,"comment_status":"closed","ping_status":"closed","template":"","meta":{"_acf_changed":false,"footnotes":""},"class_list":["post-2761","page","type-page","status-publish","has-post-thumbnail","hentry"],"acf":[],"_links":{"self":[{"href":"https:\/\/steinberglawfirm-staging.clmcloud.app\/es\/wp-json\/wp\/v2\/pages\/2761"}],"collection":[{"href":"https:\/\/steinberglawfirm-staging.clmcloud.app\/es\/wp-json\/wp\/v2\/pages"}],"about":[{"href":"https:\/\/steinberglawfirm-staging.clmcloud.app\/es\/wp-json\/wp\/v2\/types\/page"}],"author":[{"embeddable":true,"href":"https:\/\/steinberglawfirm-staging.clmcloud.app\/es\/wp-json\/wp\/v2\/users\/1"}],"replies":[{"embeddable":true,"href":"https:\/\/steinberglawfirm-staging.clmcloud.app\/es\/wp-json\/wp\/v2\/comments?post=2761"}],"version-history":[{"count":2,"href":"https:\/\/steinberglawfirm-staging.clmcloud.app\/es\/wp-json\/wp\/v2\/pages\/2761\/revisions"}],"predecessor-version":[{"id":19954,"href":"https:\/\/steinberglawfirm-staging.clmcloud.app\/es\/wp-json\/wp\/v2\/pages\/2761\/revisions\/19954"}],"up":[{"embeddable":true,"href":"https:\/\/steinberglawfirm-staging.clmcloud.app\/es\/wp-json\/wp\/v2\/pages\/2195"}],"wp:featuredmedia":[{"embeddable":true,"href":"https:\/\/steinberglawfirm-staging.clmcloud.app\/es\/wp-json\/wp\/v2\/media\/19952"}],"wp:attachment":[{"href":"https:\/\/steinberglawfirm-staging.clmcloud.app\/es\/wp-json\/wp\/v2\/media?parent=2761"}],"curies":[{"name":"wp","href":"https:\/\/api.w.org\/{rel}","templated":true}]}}