{"id":2759,"date":"2017-08-30T22:51:15","date_gmt":"2017-08-30T22:51:15","guid":{"rendered":"https:\/\/www.steinberglawfirm.com\/?page_id=2759"},"modified":"2023-01-03T23:29:58","modified_gmt":"2023-01-03T23:29:58","slug":"dangers-of-electrocution","status":"publish","type":"page","link":"https:\/\/steinberglawfirm-staging.clmcloud.app\/es\/articulos\/peligros-de-electrocucion\/","title":{"rendered":"Peligros de la electrocuci\u00f3n"},"content":{"rendered":"<h1 class=\"wp-block-heading\">Peligros de la electrocuci\u00f3n<\/h1>\n\n\n\n<div style=\"height:15px\" aria-hidden=\"true\" class=\"wp-block-spacer\"><\/div>\n\n\n\n<p>La electrocuci\u00f3n es una lesi\u00f3n grave, pero desgraciadamente com\u00fan, que a menudo se produce en el trabajo, como en las ocupaciones de la construcci\u00f3n, la demolici\u00f3n y la fabricaci\u00f3n. La electrocuci\u00f3n puede provocar lesiones graves e incluso discapacidades permanentes, impidiendo que el trabajador pueda volver a trabajar. Cuando esto ocurre, los trabajadores pueden preocuparse por c\u00f3mo pagar las facturas m\u00e9dicas e incluso los gastos habituales. Sin embargo, la indemnizaci\u00f3n de los trabajadores puede ayudar.<\/p>\n\n\n\n<p>Si usted o alguien que usted conoce ha sufrido un accidente de electrocuci\u00f3n en el lugar de trabajo, resultando en una lesi\u00f3n grave, p\u00f3ngase en contacto con un abogado con experiencia en accidentes Charleston de la&nbsp;<a href=\"https:\/\/www.steinberglawfirm.com\/about-us\/\" target=\"_blank\" rel=\"noopener\">Steinberg Law Firm<\/a>&nbsp;hoy llamando al 843-720-2800 para discutir sus opciones legales. Podemos ayudarle a buscar la compensaci\u00f3n laboral Charleston que necesita.<\/p>\n\n\n\n<p><strong>C\u00d3MO PUEDE AFECTARLE LA ELECTROCUCI\u00d3N<\/strong><\/p>\n\n\n\n<p>La electrocuci\u00f3n puede causar muchas lesiones devastadoras. En general, la gravedad de los da\u00f1os depende del nivel de corriente, del tiempo que la persona permanece en contacto con la corriente y del tipo de contacto con la misma. Algunas de las consecuencias m\u00e1s comunes asociadas a la electrocuci\u00f3n son<\/p>\n\n\n\n<ul class=\"wp-block-list\">\n<li>Da\u00f1os en los nervios<\/li>\n\n\n\n<li><a href=\"https:\/\/www.steinberglawfirm.com\/personal-injury\/personal-injury-lawyers\/burn-injury-lawyer\/\" target=\"_blank\" rel=\"noopener\">Quemaduras t\u00e9rmicas<\/a><\/li>\n\n\n\n<li>Fractura \u00f3sea<\/li>\n\n\n\n<li>Contracci\u00f3n muscular<\/li>\n\n\n\n<li>Muerte<\/li>\n<\/ul>\n\n\n\n<p>Adem\u00e1s del contacto con la electricidad en s\u00ed, la electrocuci\u00f3n puede causar otras lesiones traum\u00e1ticas porque a veces puede obligar a una persona a caer. Por ejemplo, si un trabajador de una empresa de servicios p\u00fablicos est\u00e1 en un poste telef\u00f3nico y sufre una electrocuci\u00f3n, la fuerza de la electricidad puede hacer que se caiga al suelo, pudiendo causar lesiones en la cabeza o en el cuello.&nbsp;<a href=\"https:\/\/www.steinberglawfirm.com\/practice-areas\/head-brain-and-spine-injuries\/\" target=\"_blank\" rel=\"noopener\">lesiones en la columna vertebral<\/a>entre otras cosas.<\/p>\n\n\n\n<h2 class=\"wp-block-heading\">Abogados de lesiones personales que representan a Charleston y \u00e1reas cercanas de South Carolina<\/h2>\n\n\n\n<p><strong>CONTACTAR CON NOSOTROS<\/strong><\/p>\n\n\n\n<p>Si usted o alguien que conoce se ha electrocutado en el trabajo y ahora necesita beneficios de compensaci\u00f3n laboral, p\u00f3ngase en contacto con un abogado especializado en accidentes de la Charleston hoy mismo en el 843-720-2800.<\/p>","protected":false},"excerpt":{"rendered":"<p>Peligros de la electrocuci\u00f3n La electrocuci\u00f3n es una lesi\u00f3n grave, pero desgraciadamente com\u00fan, que a menudo se produce en el trabajo, como en las ocupaciones de la construcci\u00f3n, la demolici\u00f3n y la fabricaci\u00f3n. La electrocuci\u00f3n puede provocar lesiones graves e incluso discapacidades permanentes, impidiendo que el trabajador pueda volver a trabajar. Cuando esto ocurre, los trabajadores pueden preocuparse por c\u00f3mo...<\/p>","protected":false},"author":1,"featured_media":15284,"parent":2195,"menu_order":0,"comment_status":"closed","ping_status":"closed","template":"","meta":{"_acf_changed":false,"footnotes":""},"class_list":["post-2759","page","type-page","status-publish","has-post-thumbnail","hentry"],"acf":[],"_links":{"self":[{"href":"https:\/\/steinberglawfirm-staging.clmcloud.app\/es\/wp-json\/wp\/v2\/pages\/2759"}],"collection":[{"href":"https:\/\/steinberglawfirm-staging.clmcloud.app\/es\/wp-json\/wp\/v2\/pages"}],"about":[{"href":"https:\/\/steinberglawfirm-staging.clmcloud.app\/es\/wp-json\/wp\/v2\/types\/page"}],"author":[{"embeddable":true,"href":"https:\/\/steinberglawfirm-staging.clmcloud.app\/es\/wp-json\/wp\/v2\/users\/1"}],"replies":[{"embeddable":true,"href":"https:\/\/steinberglawfirm-staging.clmcloud.app\/es\/wp-json\/wp\/v2\/comments?post=2759"}],"version-history":[{"count":2,"href":"https:\/\/steinberglawfirm-staging.clmcloud.app\/es\/wp-json\/wp\/v2\/pages\/2759\/revisions"}],"predecessor-version":[{"id":23795,"href":"https:\/\/steinberglawfirm-staging.clmcloud.app\/es\/wp-json\/wp\/v2\/pages\/2759\/revisions\/23795"}],"up":[{"embeddable":true,"href":"https:\/\/steinberglawfirm-staging.clmcloud.app\/es\/wp-json\/wp\/v2\/pages\/2195"}],"wp:featuredmedia":[{"embeddable":true,"href":"https:\/\/steinberglawfirm-staging.clmcloud.app\/es\/wp-json\/wp\/v2\/media\/15284"}],"wp:attachment":[{"href":"https:\/\/steinberglawfirm-staging.clmcloud.app\/es\/wp-json\/wp\/v2\/media?parent=2759"}],"curies":[{"name":"wp","href":"https:\/\/api.w.org\/{rel}","templated":true}]}}