{"id":2757,"date":"2017-08-30T22:50:11","date_gmt":"2017-08-30T22:50:11","guid":{"rendered":"https:\/\/www.steinberglawfirm.com\/?page_id=2757"},"modified":"2022-04-19T22:08:23","modified_gmt":"2022-04-19T22:08:23","slug":"dangerous-pharmaceutical-products","status":"publish","type":"page","link":"https:\/\/steinberglawfirm-staging.clmcloud.app\/es\/articulos\/productos-farmaceuticos-peligrosos\/","title":{"rendered":"Productos farmac\u00e9uticos peligrosos"},"content":{"rendered":"<h1 class=\"wp-block-heading\">Productos farmac\u00e9uticos peligrosos<\/h1>\n\n\n\n<div style=\"height:15px\" aria-hidden=\"true\" class=\"wp-block-spacer\"><\/div>\n\n\n\n<p>En el transcurso del \u00faltimo siglo, se han producido incre\u00edbles avances en el desarrollo y uso de medicamentos para tratar todo tipo de dolencias. Aunque estos medicamentos est\u00e1n regulados por la Administraci\u00f3n de Alimentos y Medicamentos de los Estados Unidos y, por tanto, se supone que son seguros, la realidad es que con frecuencia llegan al mercado medicamentos inseguros.<\/p>\n\n\n\n<p>Si usted o su ser querido han resultado perjudicados por un medicamento defectuoso o peligroso, puede ser posible responsabilizar a una empresa farmac\u00e9utica negligente por su negligencia. Una demanda civil que tenga \u00e9xito puede hacer que reciba una compensaci\u00f3n econ\u00f3mica por las facturas m\u00e9dicas, los salarios perdidos y otros da\u00f1os y perjuicios, seg\u00fan corresponda. P\u00f3ngase en contacto con los abogados especializados en responsabilidad civil del producto Charleston del bufete de abogados&nbsp;<a href=\"https:\/\/www.steinberglawfirm.com\/about-us\/\" target=\"_blank\" rel=\"noopener\">Steinberg Law Firm<\/a>&nbsp;al 843-720-2800 para hablar directamente con un abogado experto y experimentado sobre su caso.<\/p>\n\n\n\n<p><strong>EFECTOS NOCIVOS<\/strong><\/p>\n\n\n\n<p>Cada a\u00f1o se producen numerosas retiradas de medicamentos, a menudo debido a sus peligrosos efectos secundarios. Esto deber\u00eda servir de recordatorio de que incluso los medicamentos de venta libre contienen potentes sustancias qu\u00edmicas que pueden ser peligrosas si no se equilibran adecuadamente. Algunos de los efectos nocivos de los productos farmac\u00e9uticos peligrosos son<\/p>\n\n\n\n<ul class=\"wp-block-list\"><li>Ataque al coraz\u00f3n<\/li><li>Accidente cerebrovascular<\/li><li>Presi\u00f3n arterial peligrosamente alta o baja<\/li><li>Deterioro de la funci\u00f3n del sistema inmunitario<\/li><li>Esterilidad o infertilidad<\/li><li>Da\u00f1os en los \u00f3rganos internos<\/li><\/ul>\n\n\n\n<p>Si un medicamento no se somete a pruebas exhaustivas antes de salir al mercado, o si su fabricante no supervisa cuidadosamente su producci\u00f3n, personas inocentes pueden sufrir graves da\u00f1os.<\/p>\n\n\n\n<h2 class=\"wp-block-heading\">Abogados de lesiones personales que representan a Charleston y \u00e1reas cercanas de South Carolina<\/h2>\n\n\n\n<p><strong>CONTACTAR CON NOSOTROS<\/strong><\/p>\n\n\n\n<p>Es importante que usted tenga acceso a los recursos necesarios para hacer frente a los gastos m\u00e9dicos y otros da\u00f1os asociados a los efectos adversos causados por un medicamento peligroso. P\u00f3ngase en contacto con el&nbsp;<a href=\"https:\/\/www.steinberglawfirm.com\/practice-areas\/personal-injury\/\" target=\"_blank\" rel=\"noopener\">Charleston abogados de lesiones personales<\/a>&nbsp;del Steinberg Law Firm en el 843-720-2800.<\/p>","protected":false},"excerpt":{"rendered":"<p>Productos farmac\u00e9uticos peligrosos En el transcurso del \u00faltimo siglo se han producido incre\u00edbles avances en el desarrollo y uso de medicamentos para tratar todo tipo de dolencias. Aunque estos medicamentos est\u00e1n regulados por la Administraci\u00f3n de Alimentos y Medicamentos de los Estados Unidos y, por lo tanto, se supone que son seguros, la realidad es que...<\/p>","protected":false},"author":1,"featured_media":15284,"parent":2195,"menu_order":0,"comment_status":"closed","ping_status":"closed","template":"","meta":{"_acf_changed":false,"footnotes":""},"class_list":["post-2757","page","type-page","status-publish","has-post-thumbnail","hentry"],"acf":[],"_links":{"self":[{"href":"https:\/\/steinberglawfirm-staging.clmcloud.app\/es\/wp-json\/wp\/v2\/pages\/2757"}],"collection":[{"href":"https:\/\/steinberglawfirm-staging.clmcloud.app\/es\/wp-json\/wp\/v2\/pages"}],"about":[{"href":"https:\/\/steinberglawfirm-staging.clmcloud.app\/es\/wp-json\/wp\/v2\/types\/page"}],"author":[{"embeddable":true,"href":"https:\/\/steinberglawfirm-staging.clmcloud.app\/es\/wp-json\/wp\/v2\/users\/1"}],"replies":[{"embeddable":true,"href":"https:\/\/steinberglawfirm-staging.clmcloud.app\/es\/wp-json\/wp\/v2\/comments?post=2757"}],"version-history":[{"count":1,"href":"https:\/\/steinberglawfirm-staging.clmcloud.app\/es\/wp-json\/wp\/v2\/pages\/2757\/revisions"}],"predecessor-version":[{"id":19950,"href":"https:\/\/steinberglawfirm-staging.clmcloud.app\/es\/wp-json\/wp\/v2\/pages\/2757\/revisions\/19950"}],"up":[{"embeddable":true,"href":"https:\/\/steinberglawfirm-staging.clmcloud.app\/es\/wp-json\/wp\/v2\/pages\/2195"}],"wp:featuredmedia":[{"embeddable":true,"href":"https:\/\/steinberglawfirm-staging.clmcloud.app\/es\/wp-json\/wp\/v2\/media\/15284"}],"wp:attachment":[{"href":"https:\/\/steinberglawfirm-staging.clmcloud.app\/es\/wp-json\/wp\/v2\/media?parent=2757"}],"curies":[{"name":"wp","href":"https:\/\/api.w.org\/{rel}","templated":true}]}}