{"id":2750,"date":"2017-08-30T22:49:12","date_gmt":"2017-08-30T22:49:12","guid":{"rendered":"https:\/\/www.steinberglawfirm.com\/?page_id=2750"},"modified":"2022-04-19T22:02:01","modified_gmt":"2022-04-19T22:02:01","slug":"construction-defects-and-injuries","status":"publish","type":"page","link":"https:\/\/steinberglawfirm-staging.clmcloud.app\/es\/articulos\/defectos-y-lesiones-en-la-construccion\/","title":{"rendered":"Defectos y lesiones en la construcci\u00f3n"},"content":{"rendered":"<h1 class=\"wp-block-heading\">Defectos y lesiones en la construcci\u00f3n<\/h1>\n\n\n\n<div style=\"height:15px\" aria-hidden=\"true\" class=\"wp-block-spacer\"><\/div>\n\n\n\n<p>El dise\u00f1o y la construcci\u00f3n de edificios seguros es algo que tendemos a dar por sentado. Al fin y al cabo, tenemos una expectativa de seguridad que se basa en la presencia de una amplia regulaci\u00f3n de las normas de construcci\u00f3n y de leyes destinadas a castigar a quienes las infringen.<\/p>\n\n\n\n<p>Pero el beneficio puede ser un poderoso motivador, y en ocasiones un contratista o una empresa de construcci\u00f3n toma la decisi\u00f3n de arriesgar el bienestar de los futuros ocupantes de un edificio para poder ganar dinero en el presente. Esta negligencia puede estar representada por el uso de materiales de mala calidad, m\u00e9todos de construcci\u00f3n deficientes o incluso por aceptar un trabajo para el que no se est\u00e1 cualificado.<\/p>\n\n\n\n<p>Si usted o su ser querido ha sido lesionado en un accidente causado por un defecto de construcci\u00f3n, entonces usted puede ser capaz de presentar una demanda civil contra el constructor o el due\u00f1o de la propiedad, dependiendo de los detalles espec\u00edficos de la situaci\u00f3n. P\u00f3ngase en contacto con el Charleston&nbsp;<a href=\"https:\/\/www.steinberglawfirm.com\/practice-areas\/premises-liability\/\" target=\"_blank\" rel=\"noopener\">responsabilidad de las instalaciones<\/a>&nbsp;abogados de la&nbsp;<a href=\"https:\/\/www.steinberglawfirm.com\/about-us\/\" target=\"_blank\" rel=\"noopener\">Steinberg Law Firm<\/a>&nbsp;al 843-720-2800 para consultar su caso con un abogado compasivo y experimentado.<\/p>\n\n\n\n<p><strong>DEFECTOS DE CONSTRUCCI\u00d3N POTENCIALMENTE PELIGROSOS<\/strong><\/p>\n\n\n\n<p>Se supone que los inspectores de edificios deben identificar estos peligros, pero a veces les resulta sencillamente imposible hacerlo, por lo que pueden producirse las siguientes consecuencias peligrosas:<\/p>\n\n\n\n<ul class=\"wp-block-list\"><li>Derrumbe de la escalera<\/li><li>Escaleras irregulares<\/li><li>Colapso del techo<\/li><li>Colapso del suelo<\/li><li>Inestabilidad de los muros<\/li><li>Errores de cableado peligrosos<\/li><\/ul>\n\n\n\n<p>Es un hecho verdaderamente lamentable, pero inevitable, que un propietario puede tener pocas razones para sospechar de la presencia de un defecto de construcci\u00f3n hasta que se produce un accidente asociado a un defecto concreto. Si usted o un miembro de su familia se ha visto perjudicado por una estructura mal construida, puede tener motivos para emprender acciones legales.<\/p>\n\n\n\n<h2 class=\"wp-block-heading\">Abogados de lesiones personales que representan a Charleston y \u00e1reas cercanas de South Carolina<\/h2>\n\n\n\n<p><strong>CONTACTAR CON NOSOTROS<\/strong><\/p>\n\n\n\n<p>Las facturas m\u00e9dicas y otros da\u00f1os en los que probablemente haya incurrido como resultado de un defecto de construcci\u00f3n son aptos para ser extensos. Una acci\u00f3n legal exitosa puede obtener la compensaci\u00f3n financiera que usted merece por sus lesiones. P\u00f3ngase en contacto con el&nbsp;<a href=\"https:\/\/www.steinberglawfirm.com\/practice-areas\/personal-injury\/\" target=\"_blank\" rel=\"noopener\">Charleston abogados de da\u00f1os personales<\/a>&nbsp;del Steinberg Law Firm en el 843-720-2800.<\/p>","protected":false},"excerpt":{"rendered":"<p>Defectos y lesiones en la construcci\u00f3n El dise\u00f1o y la construcci\u00f3n de edificios seguros es algo que tendemos a dar por sentado. Despu\u00e9s de todo, tenemos una expectativa de seguridad que se basa en la presencia de una amplia regulaci\u00f3n de las normas de construcci\u00f3n y las leyes destinadas a castigar a los que las violan. Pero el beneficio puede ser un poderoso...<\/p>","protected":false},"author":1,"featured_media":12703,"parent":2195,"menu_order":0,"comment_status":"closed","ping_status":"closed","template":"","meta":{"_acf_changed":false,"footnotes":""},"class_list":["post-2750","page","type-page","status-publish","has-post-thumbnail","hentry"],"acf":[],"_links":{"self":[{"href":"https:\/\/steinberglawfirm-staging.clmcloud.app\/es\/wp-json\/wp\/v2\/pages\/2750"}],"collection":[{"href":"https:\/\/steinberglawfirm-staging.clmcloud.app\/es\/wp-json\/wp\/v2\/pages"}],"about":[{"href":"https:\/\/steinberglawfirm-staging.clmcloud.app\/es\/wp-json\/wp\/v2\/types\/page"}],"author":[{"embeddable":true,"href":"https:\/\/steinberglawfirm-staging.clmcloud.app\/es\/wp-json\/wp\/v2\/users\/1"}],"replies":[{"embeddable":true,"href":"https:\/\/steinberglawfirm-staging.clmcloud.app\/es\/wp-json\/wp\/v2\/comments?post=2750"}],"version-history":[{"count":2,"href":"https:\/\/steinberglawfirm-staging.clmcloud.app\/es\/wp-json\/wp\/v2\/pages\/2750\/revisions"}],"predecessor-version":[{"id":19948,"href":"https:\/\/steinberglawfirm-staging.clmcloud.app\/es\/wp-json\/wp\/v2\/pages\/2750\/revisions\/19948"}],"up":[{"embeddable":true,"href":"https:\/\/steinberglawfirm-staging.clmcloud.app\/es\/wp-json\/wp\/v2\/pages\/2195"}],"wp:featuredmedia":[{"embeddable":true,"href":"https:\/\/steinberglawfirm-staging.clmcloud.app\/es\/wp-json\/wp\/v2\/media\/12703"}],"wp:attachment":[{"href":"https:\/\/steinberglawfirm-staging.clmcloud.app\/es\/wp-json\/wp\/v2\/media?parent=2750"}],"curies":[{"name":"wp","href":"https:\/\/api.w.org\/{rel}","templated":true}]}}