{"id":2748,"date":"2017-08-30T22:47:31","date_gmt":"2017-08-30T22:47:31","guid":{"rendered":"https:\/\/www.steinberglawfirm.com\/?page_id=2748"},"modified":"2022-04-19T21:59:41","modified_gmt":"2022-04-19T21:59:41","slug":"comparative-negligence-in-south-carolina","status":"publish","type":"page","link":"https:\/\/steinberglawfirm-staging.clmcloud.app\/es\/articulos\/negligencia-comparativa-en-carolina-del-sur\/","title":{"rendered":"Negligencia comparativa en South Carolina"},"content":{"rendered":"<h1 class=\"wp-block-heading\">Negligencia comparativa en South Carolina<\/h1>\n\n\n\n<div style=\"height:15px\" aria-hidden=\"true\" class=\"wp-block-spacer\"><\/div>\n\n\n\n<p>Muchos estados, incluyendo South Carolina, han adoptado pol\u00edticas de negligencia comparativa para&nbsp;<a href=\"https:\/\/www.steinberglawfirm.com\/practice-areas\/personal-injury\/\" target=\"_blank\" rel=\"noopener\">da\u00f1os personales<\/a>&nbsp;demandas. Esto significa que las personas pueden ser consideradas parcialmente responsables de sus propias lesiones si no tuvieron la debida precauci\u00f3n. En South Carolina, el estado proh\u00edbe que cualquier persona que sea 51% o m\u00e1s culpable de sus lesiones presente una demanda contra el otro grupo o individuo que sea parcialmente culpable.<\/p>\n\n\n\n<p>Si ha sufrido una lesi\u00f3n grave debido a la conducta negligente o imprudente de otra persona, es posible que podamos ayudarle en el proceso de solicitar una compensaci\u00f3n econ\u00f3mica. Para obtener m\u00e1s informaci\u00f3n sobre el proceso y los requisitos para las demandas por lesiones personales, p\u00f3ngase en contacto con un abogado de lesiones Charleston de la&nbsp;<a href=\"https:\/\/www.steinberglawfirm.com\/about-us\/\" target=\"_blank\" rel=\"noopener\">Steinberg Law Firm<\/a>&nbsp;hoy al 843-720-2800.<\/p>\n\n\n\n<p><strong>LA CULPA PARCIAL EN LOS ACCIDENTES CON DA\u00d1OS PERSONALES<\/strong><\/p>\n\n\n\n<p>Seg\u00fan la ley South Carolina, una persona debe tener menos de 51% de culpa en un accidente para poder presentar una reclamaci\u00f3n contra la otra parte culpable. Una persona puede contribuir accidentalmente a su propia lesi\u00f3n de las siguientes maneras:<\/p>\n\n\n\n<ul class=\"wp-block-list\"><li>No utilizar dispositivos de seguridad como el cintur\u00f3n de seguridad<\/li><li>No ejercer una precauci\u00f3n razonable<\/li><li>Tomar medidas despu\u00e9s de una lesi\u00f3n que empeor\u00f3 el da\u00f1o<\/li><li>No contactar con los servicios m\u00e9dicos despu\u00e9s de una lesi\u00f3n<\/li><\/ul>\n\n\n\n<p>Si el caso de la v\u00edctima del accidente tiene \u00e9xito, puede recibir una indemnizaci\u00f3n proporcional a la culpa de la otra parte. Por ejemplo, si se determina que la otra persona es culpable 60%, la v\u00edctima del accidente puede recibir una indemnizaci\u00f3n por 60% de sus da\u00f1os.<\/p>\n\n\n\n<h2 class=\"wp-block-heading\">Abogados de lesiones personales que representan a Charleston y \u00e1reas cercanas de South Carolina<\/h2>\n\n\n\n<p><strong>CONTACTAR CON NOSOTROS<\/strong><\/p>\n\n\n\n<p>Si usted ha sido lesionado por las acciones de otra persona y est\u00e1 preocupado por el \u00e9xito de su reclamaci\u00f3n por lesiones, un asesor legal puede guiarle a trav\u00e9s de los pasos de su caso y ayudarle a determinar si usted es elegible para presentar. Para obtener m\u00e1s informaci\u00f3n sobre nuestra gama completa de servicios legales, p\u00f3ngase en contacto con un abogado de lesiones de la Charleston llamando al 843-720-2800 hoy mismo.<\/p>","protected":false},"excerpt":{"rendered":"<p>Negligencia comparativa en South Carolina Muchos estados, incluyendo South Carolina, han adoptado pol\u00edticas de negligencia comparativa para las demandas por lesiones personales. Esto significa que las personas pueden ser consideradas parcialmente responsables de sus propias lesiones si no tuvieron la precauci\u00f3n adecuada. En South Carolina, el estado proh\u00edbe a cualquier persona que sea 51% o m\u00e1s culpable de sus lesiones...<\/p>","protected":false},"author":1,"featured_media":5589,"parent":2195,"menu_order":0,"comment_status":"closed","ping_status":"closed","template":"","meta":{"_acf_changed":false,"footnotes":""},"class_list":["post-2748","page","type-page","status-publish","has-post-thumbnail","hentry"],"acf":[],"_links":{"self":[{"href":"https:\/\/steinberglawfirm-staging.clmcloud.app\/es\/wp-json\/wp\/v2\/pages\/2748"}],"collection":[{"href":"https:\/\/steinberglawfirm-staging.clmcloud.app\/es\/wp-json\/wp\/v2\/pages"}],"about":[{"href":"https:\/\/steinberglawfirm-staging.clmcloud.app\/es\/wp-json\/wp\/v2\/types\/page"}],"author":[{"embeddable":true,"href":"https:\/\/steinberglawfirm-staging.clmcloud.app\/es\/wp-json\/wp\/v2\/users\/1"}],"replies":[{"embeddable":true,"href":"https:\/\/steinberglawfirm-staging.clmcloud.app\/es\/wp-json\/wp\/v2\/comments?post=2748"}],"version-history":[{"count":1,"href":"https:\/\/steinberglawfirm-staging.clmcloud.app\/es\/wp-json\/wp\/v2\/pages\/2748\/revisions"}],"predecessor-version":[{"id":19945,"href":"https:\/\/steinberglawfirm-staging.clmcloud.app\/es\/wp-json\/wp\/v2\/pages\/2748\/revisions\/19945"}],"up":[{"embeddable":true,"href":"https:\/\/steinberglawfirm-staging.clmcloud.app\/es\/wp-json\/wp\/v2\/pages\/2195"}],"wp:featuredmedia":[{"embeddable":true,"href":"https:\/\/steinberglawfirm-staging.clmcloud.app\/es\/wp-json\/wp\/v2\/media\/5589"}],"wp:attachment":[{"href":"https:\/\/steinberglawfirm-staging.clmcloud.app\/es\/wp-json\/wp\/v2\/media?parent=2748"}],"curies":[{"name":"wp","href":"https:\/\/api.w.org\/{rel}","templated":true}]}}